{"id":163918,"date":"2026-04-30T03:12:56","date_gmt":"2026-04-30T01:12:56","guid":{"rendered":"https:\/\/webshop.schuetz-dental.org\/product\/tizian-creativ-rt-real-movement\/"},"modified":"2026-04-30T03:12:57","modified_gmt":"2026-04-30T01:12:57","slug":"tizian-creativ-rt-real-movement","status":"publish","type":"product","link":"https:\/\/schuetz-dental.de\/en\/produkt\/tizian-creativ-rt-real-movement\/","title":{"rendered":"Tizian Creativ RT Real Movement"},"content":{"rendered":"<p>\u201eReal Movement\u201c \u2013 dabei ist der Name Programm! Dieses Tool des <a href=\"\"http:\/\/www.schuetz-dental.de\/de\/produkte\/praxisbedarf\/kiefervermessungssystem\/geraete-jmaemg-zebris\/\"\" target=\"\"_blank\"\">zebris JMAnalyser<\/a><sup>+ <\/sup>erm\u00f6glicht Ihnen exklusiv die <strong>Aufzeichnung der realen Bewegungsbahn<\/strong> und der wirklichen Position des Oberkiefers Ihres Patienten. In der Vergangenheit konnte \u00fcber den virtuellen Artikulator lediglich die bestm\u00f6glich simulierbare Bewegungsbahn des Artikulators im Verh\u00e4ltnis zu den Daten Ihres Patienten abgebildet werden. Eine tats\u00e4chliche Abbildung des wirklichen Bewegungsverlaufs war nicht m\u00f6glich.<\/p>\n<p>Ab jetzt \u00fcbernehmen Sie die <strong>wahrhaftigen Bewegungsmuster Ihres Patienten<\/strong> und dessen faktischen Bewegungsablauf im Mund und <strong>\u00fcbertragen<\/strong> diese <strong>realen Daten<\/strong> mittels der Tizian Creativ RT CAD-Software <strong>in die digitale Welt<\/strong>. Das Nachfahren der Bewegungsmuster in der Software wird anhand der tats\u00e4chlichen Kieferbewegung des Patienten abgebildet.<\/p>\n<p>Das Vorgehen eignet sich insbesondere f\u00fcr vollanatomische (monolithische) Restaurationen, die Sie schnell und dynamisch einschleifen k\u00f6nnen. Der Zahnersatz wird passgenau auf die reale Situation im Mund angefertigt und erm\u00f6glicht Ihrem Patienten einen gesunden und angenehmen Biss.<\/p>\n","protected":false},"excerpt":{"rendered":"<p>Aufzeichnung der realen Bewegungsbahn und der wirklichen Position des Oberkiefers Ihres Patienten<\/p>\n","protected":false},"featured_media":0,"template":"","meta":{"_acf_changed":false,"_price":"1000","_stock":"0.000000","_tribe_ticket_header":"","_tribe_default_ticket_provider":"","_tribe_ticket_capacity":"","_ticket_start_date":"","_ticket_end_date":"","_tribe_ticket_show_description":"","_tribe_ticket_show_not_going":false,"_tribe_ticket_use_global_stock":"","_tribe_ticket_global_stock_level":"","_global_stock_mode":"","_global_stock_cap":"","_tribe_rsvp_for_event":"","_tribe_ticket_going_count":"","_tribe_ticket_not_going_count":"","_tribe_tickets_list":"[]","_tribe_ticket_has_attendee_info_fields":false,"_tec_slr_enabled":"","_tec_slr_layout":""},"product_brand":[],"product_cat":[4536],"product_tag":[],"class_list":{"0":"post-163918","1":"product","2":"type-product","3":"status-publish","5":"product_cat-cad-software","7":"first","8":"instock","9":"product-type-simple"},"acf":[],"_links":{"self":[{"href":"https:\/\/schuetz-dental.de\/en\/wp-json\/wp\/v2\/product\/163918","targetHints":{"allow":["GET"]}}],"collection":[{"href":"https:\/\/schuetz-dental.de\/en\/wp-json\/wp\/v2\/product"}],"about":[{"href":"https:\/\/schuetz-dental.de\/en\/wp-json\/wp\/v2\/types\/product"}],"wp:attachment":[{"href":"https:\/\/schuetz-dental.de\/en\/wp-json\/wp\/v2\/media?parent=163918"}],"wp:term":[{"taxonomy":"product_brand","embeddable":true,"href":"https:\/\/schuetz-dental.de\/en\/wp-json\/wp\/v2\/product_brand?post=163918"},{"taxonomy":"product_cat","embeddable":true,"href":"https:\/\/schuetz-dental.de\/en\/wp-json\/wp\/v2\/product_cat?post=163918"},{"taxonomy":"product_tag","embeddable":true,"href":"https:\/\/schuetz-dental.de\/en\/wp-json\/wp\/v2\/product_tag?post=163918"}],"curies":[{"name":"wp","href":"https:\/\/api.w.org\/{rel}","templated":true}]}}