{"id":163920,"date":"2026-04-03T03:12:38","date_gmt":"2026-04-03T01:12:38","guid":{"rendered":"https:\/\/webshop.schuetz-dental.org\/product\/kalibrierblank-98-15-mm-fuer-tizian-3-5-aus-kunststoff\/"},"modified":"2026-04-03T03:12:39","modified_gmt":"2026-04-03T01:12:39","slug":"kalibrierblank-98-15-mm-fuer-tizian-3-5-aus-kunststoff","status":"publish","type":"product","link":"https:\/\/schuetz-dental.de\/en\/produkt\/kalibrierblank-98-15-mm-fuer-tizian-3-5-aus-kunststoff\/","title":{"rendered":"Kalibrierblank 98 * 15 mm f\u00fcr Tizian 3.5, aus Kunststoff"},"content":{"rendered":"<p>Sie nutzen diese Blanks aus PU-Material, um Testfr\u00e4sungen durchzuf\u00fchren, um Ihre Tizian Cut 5\/Tizian Cut 5.2\/Tizian Cut 5.2 Pro zu kalibrieren bzw. neu zu vermessen. Sie stellen spezielle Testk\u00e4ppchen her, die Sie im Anschluss vermessen. Diese Daten geben Sie nun in die Steuerung der Fr\u00e4smaschine ein.\u00a0<\/p>\n","protected":false},"excerpt":{"rendered":"<p>Blanks zum Kalibrieren Ihrer Tizian Cut 5, Tizian Cut 5.2 und Tizian Cut 5.2 Pro.<\/p>\n","protected":false},"featured_media":388822,"template":"","meta":{"_acf_changed":false,"_price":"53","_stock":"0.000000","_tribe_ticket_header":"","_tribe_default_ticket_provider":"","_tribe_ticket_capacity":"","_ticket_start_date":"","_ticket_end_date":"","_tribe_ticket_show_description":"","_tribe_ticket_show_not_going":false,"_tribe_ticket_use_global_stock":"","_tribe_ticket_global_stock_level":"","_global_stock_mode":"","_global_stock_cap":"","_tribe_rsvp_for_event":"","_tribe_ticket_going_count":"","_tribe_ticket_not_going_count":"","_tribe_tickets_list":"[]","_tribe_ticket_has_attendee_info_fields":false,"_tec_slr_enabled":"","_tec_slr_layout":""},"product_brand":[],"product_cat":[4521],"product_tag":[],"class_list":{"0":"post-163920","1":"product","2":"type-product","3":"status-publish","4":"has-post-thumbnail","6":"product_cat-blanks","8":"first","9":"instock","10":"product-type-simple"},"acf":[],"_links":{"self":[{"href":"https:\/\/schuetz-dental.de\/en\/wp-json\/wp\/v2\/product\/163920","targetHints":{"allow":["GET"]}}],"collection":[{"href":"https:\/\/schuetz-dental.de\/en\/wp-json\/wp\/v2\/product"}],"about":[{"href":"https:\/\/schuetz-dental.de\/en\/wp-json\/wp\/v2\/types\/product"}],"wp:featuredmedia":[{"embeddable":true,"href":"https:\/\/schuetz-dental.de\/en\/wp-json\/wp\/v2\/media\/388822"}],"wp:attachment":[{"href":"https:\/\/schuetz-dental.de\/en\/wp-json\/wp\/v2\/media?parent=163920"}],"wp:term":[{"taxonomy":"product_brand","embeddable":true,"href":"https:\/\/schuetz-dental.de\/en\/wp-json\/wp\/v2\/product_brand?post=163920"},{"taxonomy":"product_cat","embeddable":true,"href":"https:\/\/schuetz-dental.de\/en\/wp-json\/wp\/v2\/product_cat?post=163920"},{"taxonomy":"product_tag","embeddable":true,"href":"https:\/\/schuetz-dental.de\/en\/wp-json\/wp\/v2\/product_tag?post=163920"}],"curies":[{"name":"wp","href":"https:\/\/api.w.org\/{rel}","templated":true}]}}