{"id":163924,"date":"2026-04-29T03:14:03","date_gmt":"2026-04-29T01:14:03","guid":{"rendered":"https:\/\/webshop.schuetz-dental.org\/product\/messtastereinsatz-typ-a-1mm\/"},"modified":"2026-04-29T03:14:03","modified_gmt":"2026-04-29T01:14:03","slug":"messtastereinsatz-typ-a-1mm","status":"publish","type":"product","link":"https:\/\/schuetz-dental.de\/en\/produkt\/messtastereinsatz-typ-a-1mm\/","title":{"rendered":"Messtastereinsatz Typ A (1mm)"},"content":{"rendered":"<p><span>Messtaster zum Scannen. Erfasst viele hundert Oberfl\u00e4chenpunkte pro Sekunde. Auf diese Weise k\u00f6nnen sowohl Formen als auch Gr\u00f6\u00dfe und Position gemessen werden.<\/span><\/p>\n","protected":false},"excerpt":{"rendered":"<p>Pr\u00e4zise Messtaster f\u00fcr Modelle<\/p>\n","protected":false},"featured_media":0,"template":"","meta":{"_acf_changed":false,"_price":"172.8","_stock":"0.000000","_tribe_ticket_header":"","_tribe_default_ticket_provider":"","_tribe_ticket_capacity":"","_ticket_start_date":"","_ticket_end_date":"","_tribe_ticket_show_description":"","_tribe_ticket_show_not_going":false,"_tribe_ticket_use_global_stock":"","_tribe_ticket_global_stock_level":"","_global_stock_mode":"","_global_stock_cap":"","_tribe_rsvp_for_event":"","_tribe_ticket_going_count":"","_tribe_ticket_not_going_count":"","_tribe_tickets_list":"[]","_tribe_ticket_has_attendee_info_fields":false,"_tec_slr_enabled":"","_tec_slr_layout":""},"product_brand":[],"product_cat":[4522],"product_tag":[],"class_list":{"0":"post-163924","1":"product","2":"type-product","3":"status-publish","5":"product_cat-cad-cam-zubehoer","7":"first","8":"instock","9":"product-type-simple"},"acf":[],"_links":{"self":[{"href":"https:\/\/schuetz-dental.de\/en\/wp-json\/wp\/v2\/product\/163924","targetHints":{"allow":["GET"]}}],"collection":[{"href":"https:\/\/schuetz-dental.de\/en\/wp-json\/wp\/v2\/product"}],"about":[{"href":"https:\/\/schuetz-dental.de\/en\/wp-json\/wp\/v2\/types\/product"}],"wp:attachment":[{"href":"https:\/\/schuetz-dental.de\/en\/wp-json\/wp\/v2\/media?parent=163924"}],"wp:term":[{"taxonomy":"product_brand","embeddable":true,"href":"https:\/\/schuetz-dental.de\/en\/wp-json\/wp\/v2\/product_brand?post=163924"},{"taxonomy":"product_cat","embeddable":true,"href":"https:\/\/schuetz-dental.de\/en\/wp-json\/wp\/v2\/product_cat?post=163924"},{"taxonomy":"product_tag","embeddable":true,"href":"https:\/\/schuetz-dental.de\/en\/wp-json\/wp\/v2\/product_tag?post=163924"}],"curies":[{"name":"wp","href":"https:\/\/api.w.org\/{rel}","templated":true}]}}