{"id":163928,"date":"2026-05-12T03:16:02","date_gmt":"2026-05-12T01:16:02","guid":{"rendered":"https:\/\/webshop.schuetz-dental.org\/product\/exoplan-software-mit-guide-creator\/"},"modified":"2026-05-12T03:16:03","modified_gmt":"2026-05-12T01:16:03","slug":"exoplan-software-mit-guide-creator","status":"publish","type":"product","link":"https:\/\/schuetz-dental.de\/en\/produkt\/exoplan-software-mit-guide-creator\/","title":{"rendered":"Exoplan Software mit Guide Creator"},"content":{"rendered":"<p><strong>Leistungsstarke Softwarel\u00f6sung f\u00fcr navigierte Implantologie.<\/strong><\/p>\n<p>Bietet Dentallaboren, Zahn\u00e4rzten, Implantatspezialisten und Chirurgen ein hohes Ma\u00df an Flexibilit\u00e4t in der Implantatplanung sowie im Bohrschablonendesign.<\/p>\n<p>exoplan basiert auf der bew\u00e4hrten Softwareplattform von exocad und steht f\u00fcr reibungslose digitale Workflows sowie eine extrem gute Benutzerfreundlichkeit und Leistungsf\u00e4higkeit.<\/p>\n<p>Dank der offenen und anbieterneutralen Softwarearchitektur k\u00f6nnen die meisten offenen 3D-Scanner, 3D-Drucker oder Fr\u00e4ssysteme verwendet werden. Integrierte Softwarel\u00f6sungen sorgen f\u00fcr einen reibungslosen digitalen Workflow \u2013 von der virtuellen, prothetisch orientierten Implantatplanung mit exoplan bis hin zum Design von Bohrschablonen mit dem Zusatzmodul Guide Creator.<\/p>\n<p><strong>Guide Creator<\/strong><br \/><strong>Visualisieren, planen, gestalten<\/strong><\/p>\n<p>Erstellung von Bohrschablonen direkt vor Ort \u2013 mit dem Guide Creator. Mit dem Zusatzmodul Guide Creator gestalten Sie Ihre individuellen Bohrschablonen, die Sie vor Ort mit Ihrem 3D-Drucker oder Fr\u00e4ssystem schnell und kosteneffizient herstellen.<\/p>\n<p>So erreichen Sie eine noch effizientere Nutzung Ihrer Produktionsger\u00e4te. Alternativ senden Sie die offenen STL-Daten an ein externes Fertigungszentrum Ihrer Wahl.<\/p>\n","protected":false},"excerpt":{"rendered":"<p>Leistungsstarke Softwarel\u00f6sung f\u00fcr navigierte Implantologie.<\/p>\n","protected":false},"featured_media":0,"template":"","meta":{"_acf_changed":false,"_price":"2990","_stock":"0.000000","_tribe_ticket_header":"","_tribe_default_ticket_provider":"","_tribe_ticket_capacity":"","_ticket_start_date":"","_ticket_end_date":"","_tribe_ticket_show_description":"","_tribe_ticket_show_not_going":false,"_tribe_ticket_use_global_stock":"","_tribe_ticket_global_stock_level":"","_global_stock_mode":"","_global_stock_cap":"","_tribe_rsvp_for_event":"","_tribe_ticket_going_count":"","_tribe_ticket_not_going_count":"","_tribe_tickets_list":"[]","_tribe_ticket_has_attendee_info_fields":false,"_tec_slr_enabled":"","_tec_slr_layout":""},"product_brand":[],"product_cat":[4736,4746,4748],"product_tag":[],"class_list":{"0":"post-163928","1":"product","2":"type-product","3":"status-publish","5":"product_cat-exoplan","9":"first","10":"instock","11":"product-type-simple"},"acf":[],"_links":{"self":[{"href":"https:\/\/schuetz-dental.de\/en\/wp-json\/wp\/v2\/product\/163928","targetHints":{"allow":["GET"]}}],"collection":[{"href":"https:\/\/schuetz-dental.de\/en\/wp-json\/wp\/v2\/product"}],"about":[{"href":"https:\/\/schuetz-dental.de\/en\/wp-json\/wp\/v2\/types\/product"}],"wp:attachment":[{"href":"https:\/\/schuetz-dental.de\/en\/wp-json\/wp\/v2\/media?parent=163928"}],"wp:term":[{"taxonomy":"product_brand","embeddable":true,"href":"https:\/\/schuetz-dental.de\/en\/wp-json\/wp\/v2\/product_brand?post=163928"},{"taxonomy":"product_cat","embeddable":true,"href":"https:\/\/schuetz-dental.de\/en\/wp-json\/wp\/v2\/product_cat?post=163928"},{"taxonomy":"product_tag","embeddable":true,"href":"https:\/\/schuetz-dental.de\/en\/wp-json\/wp\/v2\/product_tag?post=163928"}],"curies":[{"name":"wp","href":"https:\/\/api.w.org\/{rel}","templated":true}]}}