{"id":163938,"date":"2026-05-13T03:17:33","date_gmt":"2026-05-13T01:17:33","guid":{"rendered":"https:\/\/webshop.schuetz-dental.org\/product\/t14-t41-t51-radiusfraeser-10-mm-fuer-zirkon-sint-diamantiert-tizian-cut-5-tizian-1-5-2-5-3-5-fuer-3mm-spannzange\/"},"modified":"2026-05-13T03:17:34","modified_gmt":"2026-05-13T01:17:34","slug":"t14-t41-t51-radiusfraeser-10-mm-fuer-zirkon-sint-diamantiert-tizian-cut-5-tizian-1-5-2-5-3-5-fuer-3mm-spannzange","status":"publish","type":"product","link":"https:\/\/schuetz-dental.de\/en\/produkt\/t14-t41-t51-radiusfraeser-10-mm-fuer-zirkon-sint-diamantiert-tizian-cut-5-tizian-1-5-2-5-3-5-fuer-3mm-spannzange\/","title":{"rendered":"T14\/T41\/T51 &#8211; Radiusfr\u00e4ser 1,0 mm f\u00fcr Zirkon\/SINT diamantiert, Tizian Cut 5\/ Tizian 1.5\/ 2.5\/ 3.5 f\u00fcr 3mm Spannzange"},"content":{"rendered":"<p>Radiusfr\u00e4ser diamantiert, zweischneidig, Schneide\u00a0\u00d8 1 mm, Schaft \u00d8 3 mm, Gesamtl\u00e4nge 48 mm. Max. Blankh\u00f6he = 25 mm.<\/p>\n<ul>\n<li><strong>Bearbeitungsstufe:<\/strong>\u00a0Feinschlichten<\/li>\n<li><strong>Blank-Werkstoff<\/strong>:\u00a0Zirkondioxid<\/li>\n<li><strong>Beschichtungsart:<\/strong> diamantiert<\/li>\n<li><strong>Ringfarbe:<\/strong> gold<\/li>\n<li><strong>F\u00fcr Fr\u00e4smaschinen<\/strong>: Tizian 1.5, Tizian 2.5, Tizian Cut 5 ohne Metalloption (3 mm Schaft)<\/li>\n<\/ul>\n","protected":false},"excerpt":{"rendered":"<p>Radiusfr\u00e4ser diamantiert f\u00fcr Ihr Tizian Fr\u00e4ssystem<\/p>\n","protected":false},"featured_media":449497,"template":"","meta":{"_acf_changed":false,"_price":"64.3","_stock":"0.000000","_tribe_ticket_header":"","_tribe_default_ticket_provider":"","_tribe_ticket_capacity":"","_ticket_start_date":"","_ticket_end_date":"","_tribe_ticket_show_description":"","_tribe_ticket_show_not_going":false,"_tribe_ticket_use_global_stock":"","_tribe_ticket_global_stock_level":"","_global_stock_mode":"","_global_stock_cap":"","_tribe_rsvp_for_event":"","_tribe_ticket_going_count":"","_tribe_ticket_not_going_count":"","_tribe_tickets_list":"[]","_tribe_ticket_has_attendee_info_fields":false,"_tec_slr_enabled":"","_tec_slr_layout":""},"product_brand":[],"product_cat":[4540,4547],"product_tag":[],"class_list":{"0":"post-163938","1":"product","2":"type-product","3":"status-publish","4":"has-post-thumbnail","6":"product_cat-3-mm-spannzange","7":"product_cat-tizian-1-5-tizian-2-5","9":"first","10":"instock","11":"product-type-simple"},"acf":[],"_links":{"self":[{"href":"https:\/\/schuetz-dental.de\/en\/wp-json\/wp\/v2\/product\/163938","targetHints":{"allow":["GET"]}}],"collection":[{"href":"https:\/\/schuetz-dental.de\/en\/wp-json\/wp\/v2\/product"}],"about":[{"href":"https:\/\/schuetz-dental.de\/en\/wp-json\/wp\/v2\/types\/product"}],"wp:featuredmedia":[{"embeddable":true,"href":"https:\/\/schuetz-dental.de\/en\/wp-json\/wp\/v2\/media\/449497"}],"wp:attachment":[{"href":"https:\/\/schuetz-dental.de\/en\/wp-json\/wp\/v2\/media?parent=163938"}],"wp:term":[{"taxonomy":"product_brand","embeddable":true,"href":"https:\/\/schuetz-dental.de\/en\/wp-json\/wp\/v2\/product_brand?post=163938"},{"taxonomy":"product_cat","embeddable":true,"href":"https:\/\/schuetz-dental.de\/en\/wp-json\/wp\/v2\/product_cat?post=163938"},{"taxonomy":"product_tag","embeddable":true,"href":"https:\/\/schuetz-dental.de\/en\/wp-json\/wp\/v2\/product_tag?post=163938"}],"curies":[{"name":"wp","href":"https:\/\/api.w.org\/{rel}","templated":true}]}}