{"id":163942,"date":"2026-05-13T03:17:34","date_gmt":"2026-05-13T01:17:34","guid":{"rendered":"https:\/\/webshop.schuetz-dental.org\/product\/t13-t40-t50-radiusfraeser-25-mm-fuer-zirkon-sint-comp-diamantiert\/"},"modified":"2026-05-13T03:17:35","modified_gmt":"2026-05-13T01:17:35","slug":"t13-t40-t50-radiusfraeser-25-mm-fuer-zirkon-sint-comp-diamantiert","status":"publish","type":"product","link":"https:\/\/schuetz-dental.de\/en\/produkt\/t13-t40-t50-radiusfraeser-25-mm-fuer-zirkon-sint-comp-diamantiert\/","title":{"rendered":"T13\/T40\/T50 &#8211; Radiusfr\u00e4ser 2,5 mm f\u00fcr Zirkon\/SINT\/COMP, diamantiert"},"content":{"rendered":"<p>Radiusfr\u00e4ser diamantiert, zweischneidig, Schneide\u00a0\u00d8 2,5 mm, Schaft \u00d8 3 mm, Gesamtl\u00e4nge 48 mm. Max. Blankh\u00f6he = 25 mm.<\/p>\n<ul>\n<li><strong>Bearbeitungsstufe:<\/strong>\u00a0Vorfr\u00e4sen<\/li>\n<li><strong>Blank-Werkstoff<\/strong>:\u00a0Zirkondioxid<\/li>\n<li><strong>Beschichtungsart:<\/strong> diamantiert<\/li>\n<li><strong>Ringfarbe:<\/strong> gold<\/li>\n<li><strong>F\u00fcr Fr\u00e4smaschinen<\/strong>: Tizian Cut 5 ohne Metalloption (3 mm Schaft)<\/li>\n<\/ul>\n","protected":false},"excerpt":{"rendered":"<p>Radiusfr\u00e4ser diamantiert f\u00fcr Ihr Tizian Fr\u00e4ssystem<\/p>\n","protected":false},"featured_media":449500,"template":"","meta":{"_acf_changed":false,"_price":"64.3","_stock":"0.000000","_tribe_ticket_header":"","_tribe_default_ticket_provider":"","_tribe_ticket_capacity":"","_ticket_start_date":"","_ticket_end_date":"","_tribe_ticket_show_description":"","_tribe_ticket_show_not_going":false,"_tribe_ticket_use_global_stock":"","_tribe_ticket_global_stock_level":"","_global_stock_mode":"","_global_stock_cap":"","_tribe_rsvp_for_event":"","_tribe_ticket_going_count":"","_tribe_ticket_not_going_count":"","_tribe_tickets_list":"[]","_tribe_ticket_has_attendee_info_fields":false,"_tec_slr_enabled":"","_tec_slr_layout":""},"product_brand":[],"product_cat":[4540,4547],"product_tag":[],"class_list":{"0":"post-163942","1":"product","2":"type-product","3":"status-publish","4":"has-post-thumbnail","6":"product_cat-3-mm-spannzange","7":"product_cat-tizian-1-5-tizian-2-5","9":"first","10":"instock","11":"product-type-simple"},"acf":[],"_links":{"self":[{"href":"https:\/\/schuetz-dental.de\/en\/wp-json\/wp\/v2\/product\/163942","targetHints":{"allow":["GET"]}}],"collection":[{"href":"https:\/\/schuetz-dental.de\/en\/wp-json\/wp\/v2\/product"}],"about":[{"href":"https:\/\/schuetz-dental.de\/en\/wp-json\/wp\/v2\/types\/product"}],"wp:featuredmedia":[{"embeddable":true,"href":"https:\/\/schuetz-dental.de\/en\/wp-json\/wp\/v2\/media\/449500"}],"wp:attachment":[{"href":"https:\/\/schuetz-dental.de\/en\/wp-json\/wp\/v2\/media?parent=163942"}],"wp:term":[{"taxonomy":"product_brand","embeddable":true,"href":"https:\/\/schuetz-dental.de\/en\/wp-json\/wp\/v2\/product_brand?post=163942"},{"taxonomy":"product_cat","embeddable":true,"href":"https:\/\/schuetz-dental.de\/en\/wp-json\/wp\/v2\/product_cat?post=163942"},{"taxonomy":"product_tag","embeddable":true,"href":"https:\/\/schuetz-dental.de\/en\/wp-json\/wp\/v2\/product_tag?post=163942"}],"curies":[{"name":"wp","href":"https:\/\/api.w.org\/{rel}","templated":true}]}}