{"id":163954,"date":"2026-04-16T03:14:47","date_gmt":"2026-04-16T01:14:47","guid":{"rendered":"https:\/\/webshop.schuetz-dental.org\/product\/t22-diamantschleifstift-10-mm-fuer-glaskeramik\/"},"modified":"2026-04-16T03:14:48","modified_gmt":"2026-04-16T01:14:48","slug":"t22-diamantschleifstift-10-mm-fuer-glaskeramik","status":"publish","type":"product","link":"https:\/\/schuetz-dental.de\/en\/produkt\/t22-diamantschleifstift-10-mm-fuer-glaskeramik\/","title":{"rendered":"T22 &#8211; Diamantschleifstift 1,0 mm f\u00fcr Glaskeramik"},"content":{"rendered":"<p>Stirnradius-Diamantschleifstift, konisch, Schneide\u00a0\u00d8 1 mm, Schaft \u00d8 3 mm, Gesamtl\u00e4nge 40 mm<\/p>\n<ul>\n<li><strong>Bearbeitungsstufe:<\/strong>\u00a0Feinschlichten<\/li>\n<li><strong>Blank-Werkstoff<\/strong>: Glaskeramik, Lithium-Disilikat, Feldspatkeramik<\/li>\n<li><strong>Beschichtungsart:<\/strong> diamantiert<\/li>\n<li><strong>Ringfarbe:<\/strong> gold<\/li>\n<li><strong>F\u00fcr Fr\u00e4smaschinen<\/strong>: Tizian Cut 5 ohne Metalloption (3 mm Schaft)<\/li>\n<\/ul>\n","protected":false},"excerpt":{"rendered":"<p>Stirnradius-Diamantschleifstift f\u00fcr Ihr Tizian Fr\u00e4ssystem<\/p>\n","protected":false},"featured_media":408091,"template":"","meta":{"_acf_changed":false,"_price":"32.5","_stock":"0.000000","_tribe_ticket_header":"","_tribe_default_ticket_provider":"","_tribe_ticket_capacity":"","_ticket_start_date":"","_ticket_end_date":"","_tribe_ticket_show_description":"","_tribe_ticket_show_not_going":false,"_tribe_ticket_use_global_stock":"","_tribe_ticket_global_stock_level":"","_global_stock_mode":"","_global_stock_cap":"","_tribe_rsvp_for_event":"","_tribe_ticket_going_count":"","_tribe_ticket_not_going_count":"","_tribe_tickets_list":"[]","_tribe_ticket_has_attendee_info_fields":false,"_tec_slr_enabled":"","_tec_slr_layout":""},"product_brand":[],"product_cat":[4540,4547],"product_tag":[2784,2785,2781,2783],"class_list":{"0":"post-163954","1":"product","2":"type-product","3":"status-publish","4":"has-post-thumbnail","6":"product_cat-3-mm-spannzange","7":"product_cat-tizian-1-5-tizian-2-5","8":"product_tag-diamantschelifstift","9":"product_tag-diamond-milling-tool","10":"product_tag-glaskeramik","11":"product_tag-t22","13":"first","14":"instock","15":"product-type-simple"},"acf":[],"_links":{"self":[{"href":"https:\/\/schuetz-dental.de\/en\/wp-json\/wp\/v2\/product\/163954","targetHints":{"allow":["GET"]}}],"collection":[{"href":"https:\/\/schuetz-dental.de\/en\/wp-json\/wp\/v2\/product"}],"about":[{"href":"https:\/\/schuetz-dental.de\/en\/wp-json\/wp\/v2\/types\/product"}],"wp:featuredmedia":[{"embeddable":true,"href":"https:\/\/schuetz-dental.de\/en\/wp-json\/wp\/v2\/media\/408091"}],"wp:attachment":[{"href":"https:\/\/schuetz-dental.de\/en\/wp-json\/wp\/v2\/media?parent=163954"}],"wp:term":[{"taxonomy":"product_brand","embeddable":true,"href":"https:\/\/schuetz-dental.de\/en\/wp-json\/wp\/v2\/product_brand?post=163954"},{"taxonomy":"product_cat","embeddable":true,"href":"https:\/\/schuetz-dental.de\/en\/wp-json\/wp\/v2\/product_cat?post=163954"},{"taxonomy":"product_tag","embeddable":true,"href":"https:\/\/schuetz-dental.de\/en\/wp-json\/wp\/v2\/product_tag?post=163954"}],"curies":[{"name":"wp","href":"https:\/\/api.w.org\/{rel}","templated":true}]}}