{"id":163966,"date":"2026-04-29T03:14:11","date_gmt":"2026-04-29T01:14:11","guid":{"rendered":"https:\/\/webshop.schuetz-dental.org\/product\/ivac-pro\/"},"modified":"2026-04-29T03:14:12","modified_gmt":"2026-04-29T01:14:12","slug":"ivac-pro","status":"publish","type":"product","link":"https:\/\/schuetz-dental.de\/en\/produkt\/ivac-pro\/","title":{"rendered":"iVAC pro+"},"content":{"rendered":"<p>Die leistungsstarke iVAC pro+ Absaugung bietet die M\u00f6glichkeit der automatischen oder manuellen Ansteuerung. Die Absaugung verf\u00fcgt \u00fcber eine b\u00fcrstenlose Gebl\u00e4seturbine und praktische Selbstreinigungsautomatik sowie eine wartungsfreie Teflon Filterpatrone.<\/p>\n","protected":false},"excerpt":{"rendered":"<p>Leistungsstarke Absaugung<\/p>\n","protected":false},"featured_media":427466,"template":"","meta":{"_acf_changed":false,"_price":"0","_stock":"0.000000","_tribe_ticket_header":"","_tribe_default_ticket_provider":"","_tribe_ticket_capacity":"","_ticket_start_date":"","_ticket_end_date":"","_tribe_ticket_show_description":"","_tribe_ticket_show_not_going":false,"_tribe_ticket_use_global_stock":"","_tribe_ticket_global_stock_level":"","_global_stock_mode":"","_global_stock_cap":"","_tribe_rsvp_for_event":"","_tribe_ticket_going_count":"","_tribe_ticket_not_going_count":"","_tribe_tickets_list":"[]","_tribe_ticket_has_attendee_info_fields":false,"_tec_slr_enabled":"","_tec_slr_layout":""},"product_brand":[],"product_cat":[4522],"product_tag":[],"class_list":{"0":"post-163966","1":"product","2":"type-product","3":"status-publish","4":"has-post-thumbnail","6":"product_cat-cad-cam-zubehoer","8":"first","9":"instock","10":"product-type-simple"},"acf":[],"_links":{"self":[{"href":"https:\/\/schuetz-dental.de\/en\/wp-json\/wp\/v2\/product\/163966","targetHints":{"allow":["GET"]}}],"collection":[{"href":"https:\/\/schuetz-dental.de\/en\/wp-json\/wp\/v2\/product"}],"about":[{"href":"https:\/\/schuetz-dental.de\/en\/wp-json\/wp\/v2\/types\/product"}],"wp:featuredmedia":[{"embeddable":true,"href":"https:\/\/schuetz-dental.de\/en\/wp-json\/wp\/v2\/media\/427466"}],"wp:attachment":[{"href":"https:\/\/schuetz-dental.de\/en\/wp-json\/wp\/v2\/media?parent=163966"}],"wp:term":[{"taxonomy":"product_brand","embeddable":true,"href":"https:\/\/schuetz-dental.de\/en\/wp-json\/wp\/v2\/product_brand?post=163966"},{"taxonomy":"product_cat","embeddable":true,"href":"https:\/\/schuetz-dental.de\/en\/wp-json\/wp\/v2\/product_cat?post=163966"},{"taxonomy":"product_tag","embeddable":true,"href":"https:\/\/schuetz-dental.de\/en\/wp-json\/wp\/v2\/product_tag?post=163966"}],"curies":[{"name":"wp","href":"https:\/\/api.w.org\/{rel}","templated":true}]}}