{"id":163976,"date":"2026-04-16T03:14:55","date_gmt":"2026-04-16T01:14:55","guid":{"rendered":"https:\/\/webshop.schuetz-dental.org\/product\/t11-t13-radiusfraeser-25-mm-fuer-zirkon-pmma\/"},"modified":"2026-04-16T03:14:56","modified_gmt":"2026-04-16T01:14:56","slug":"t11-t13-radiusfraeser-25-mm-fuer-zirkon-pmma","status":"publish","type":"product","link":"https:\/\/schuetz-dental.de\/en\/produkt\/t11-t13-radiusfraeser-25-mm-fuer-zirkon-pmma\/","title":{"rendered":"T11\/T13 &#8211; Radiusfr\u00e4ser 2,5 mm f\u00fcr Zirkon\/PMMA"},"content":{"rendered":"<p>Radiusfr\u00e4ser zweischneidig, Schneide\u00a0\u00d8 2,5 mm, Schaft \u00d8 6 mm, Gesamtl\u00e4nge 53 mm<\/p>\n<ul>\n<li><strong>Bearbeitungsstufe:<\/strong>\u00a0Vorfr\u00e4sen<\/li>\n<li><strong>Blank-Werkstoff<\/strong>: Zirkondioxid, PMMA, Wachs, Lava Ultimate von 3M Espe, Tizian Zirkonverst\u00e4rktes Komposit<\/li>\n<li><strong>Beschichtungsart:<\/strong> unbeschichtet<\/li>\n<li><strong>Ringfarbe:<\/strong> gold<\/li>\n<li><strong>F\u00fcr Fr\u00e4smaschinen<\/strong>: Tizian Cut 5.2, Tizian Cut 5.2 plus, Tizian Cut 5 Metalloption (6 mm Schaft), CORiTEC 550i, CORiTEC 650i<\/li>\n<\/ul>\n","protected":false},"excerpt":{"rendered":"<p>Radiusfr\u00e4ser f\u00fcr Ihr Tizian Fr\u00e4ssystem<\/p>\n","protected":false},"featured_media":408124,"template":"","meta":{"_acf_changed":false,"_price":"42.4","_stock":"0.000000","_tribe_ticket_header":"","_tribe_default_ticket_provider":"","_tribe_ticket_capacity":"","_ticket_start_date":"","_ticket_end_date":"","_tribe_ticket_show_description":"","_tribe_ticket_show_not_going":false,"_tribe_ticket_use_global_stock":"","_tribe_ticket_global_stock_level":"","_global_stock_mode":"","_global_stock_cap":"","_tribe_rsvp_for_event":"","_tribe_ticket_going_count":"","_tribe_ticket_not_going_count":"","_tribe_tickets_list":"[]","_tribe_ticket_has_attendee_info_fields":false,"_tec_slr_enabled":"","_tec_slr_layout":""},"product_brand":[],"product_cat":[4541,4548,4542,4749],"product_tag":[],"class_list":{"0":"post-163976","1":"product","2":"type-product","3":"status-publish","4":"has-post-thumbnail","6":"product_cat-6-mm-spannzange","7":"product_cat-coritec-650i","8":"product_cat-tizian-3-5-tizian-cut-5-2","9":"product_cat-tizian-5-5","11":"first","12":"instock","13":"product-type-simple"},"acf":[],"_links":{"self":[{"href":"https:\/\/schuetz-dental.de\/en\/wp-json\/wp\/v2\/product\/163976","targetHints":{"allow":["GET"]}}],"collection":[{"href":"https:\/\/schuetz-dental.de\/en\/wp-json\/wp\/v2\/product"}],"about":[{"href":"https:\/\/schuetz-dental.de\/en\/wp-json\/wp\/v2\/types\/product"}],"wp:featuredmedia":[{"embeddable":true,"href":"https:\/\/schuetz-dental.de\/en\/wp-json\/wp\/v2\/media\/408124"}],"wp:attachment":[{"href":"https:\/\/schuetz-dental.de\/en\/wp-json\/wp\/v2\/media?parent=163976"}],"wp:term":[{"taxonomy":"product_brand","embeddable":true,"href":"https:\/\/schuetz-dental.de\/en\/wp-json\/wp\/v2\/product_brand?post=163976"},{"taxonomy":"product_cat","embeddable":true,"href":"https:\/\/schuetz-dental.de\/en\/wp-json\/wp\/v2\/product_cat?post=163976"},{"taxonomy":"product_tag","embeddable":true,"href":"https:\/\/schuetz-dental.de\/en\/wp-json\/wp\/v2\/product_tag?post=163976"}],"curies":[{"name":"wp","href":"https:\/\/api.w.org\/{rel}","templated":true}]}}