{"id":164016,"date":"2026-04-16T03:16:02","date_gmt":"2026-04-16T01:16:02","guid":{"rendered":"https:\/\/webshop.schuetz-dental.org\/product\/t17-schaftfraeser-2-schneider-15-mm-fuer-zirkon-pmma-wachs-lang\/"},"modified":"2026-04-16T03:16:03","modified_gmt":"2026-04-16T01:16:03","slug":"t17-schaftfraeser-2-schneider-15-mm-fuer-zirkon-pmma-wachs-lang","status":"publish","type":"product","link":"https:\/\/schuetz-dental.de\/en\/produkt\/t17-schaftfraeser-2-schneider-15-mm-fuer-zirkon-pmma-wachs-lang\/","title":{"rendered":"T17 &#8211; Schaftfr\u00e4ser 2-Schneider 1,5 mm f\u00fcr Zirkon\/PMMA\/Wachs lang"},"content":{"rendered":"<p>Schaft-\/Torusfr\u00e4ser lang, zweischneidig, Schneide\u00a0\u00d8 1,5 mm, Schaft \u00d8 6 mm, Gesamtl\u00e4nge 53 mm. Max. Blankh\u00f6he = kurz bis 15 mm, lang bis 20 mm.<\/p>\n<ul>\n<li><strong>Bearbeitungsstufe:<\/strong>\u00a0Fertigung Schraubensitz<\/li>\n<li><strong>Blank-Werkstoff<\/strong>: \u00a0Zirkondioxid, Wachs, PMMA, PEEK<\/li>\n<li><strong>Beschichtungsart:<\/strong> beschichtet<\/li>\n<li><strong>Ringfarbe: <\/strong>gold<\/li>\n<li><strong>F\u00fcr Fr\u00e4smaschinen<\/strong>: Tizian Cut 5.2, Tizian Cut 5.2 plus,\u00a0Tizian Cut 5 Metalloption (6 mm Schaft), CORiTEC 550i, CORiTEC 650i<\/li>\n<\/ul>\n","protected":false},"excerpt":{"rendered":"<p>Schaft-\/Torusfr\u00e4ser f\u00fcr Ihr Tizian Fr\u00e4ssystem<\/p>\n","protected":false},"featured_media":408154,"template":"","meta":{"_acf_changed":false,"_price":"53.3","_stock":"0.000000","_tribe_ticket_header":"","_tribe_default_ticket_provider":"","_tribe_ticket_capacity":"","_ticket_start_date":"","_ticket_end_date":"","_tribe_ticket_show_description":"","_tribe_ticket_show_not_going":false,"_tribe_ticket_use_global_stock":"","_tribe_ticket_global_stock_level":"","_global_stock_mode":"","_global_stock_cap":"","_tribe_rsvp_for_event":"","_tribe_ticket_going_count":"","_tribe_ticket_not_going_count":"","_tribe_tickets_list":"[]","_tribe_ticket_has_attendee_info_fields":false,"_tec_slr_enabled":"","_tec_slr_layout":""},"product_brand":[],"product_cat":[4541,4548,4542,4749],"product_tag":[],"class_list":{"0":"post-164016","1":"product","2":"type-product","3":"status-publish","4":"has-post-thumbnail","6":"product_cat-6-mm-spannzange","7":"product_cat-coritec-650i","8":"product_cat-tizian-3-5-tizian-cut-5-2","9":"product_cat-tizian-5-5","11":"first","12":"instock","13":"product-type-simple"},"acf":[],"_links":{"self":[{"href":"https:\/\/schuetz-dental.de\/en\/wp-json\/wp\/v2\/product\/164016","targetHints":{"allow":["GET"]}}],"collection":[{"href":"https:\/\/schuetz-dental.de\/en\/wp-json\/wp\/v2\/product"}],"about":[{"href":"https:\/\/schuetz-dental.de\/en\/wp-json\/wp\/v2\/types\/product"}],"wp:featuredmedia":[{"embeddable":true,"href":"https:\/\/schuetz-dental.de\/en\/wp-json\/wp\/v2\/media\/408154"}],"wp:attachment":[{"href":"https:\/\/schuetz-dental.de\/en\/wp-json\/wp\/v2\/media?parent=164016"}],"wp:term":[{"taxonomy":"product_brand","embeddable":true,"href":"https:\/\/schuetz-dental.de\/en\/wp-json\/wp\/v2\/product_brand?post=164016"},{"taxonomy":"product_cat","embeddable":true,"href":"https:\/\/schuetz-dental.de\/en\/wp-json\/wp\/v2\/product_cat?post=164016"},{"taxonomy":"product_tag","embeddable":true,"href":"https:\/\/schuetz-dental.de\/en\/wp-json\/wp\/v2\/product_tag?post=164016"}],"curies":[{"name":"wp","href":"https:\/\/api.w.org\/{rel}","templated":true}]}}