{"id":164098,"date":"2026-04-17T03:18:50","date_gmt":"2026-04-17T01:18:50","guid":{"rendered":"https:\/\/webshop.schuetz-dental.org\/product\/scanadapter-3-mm-pins-fuer-renishaw-scanner\/"},"modified":"2026-04-17T03:19:01","modified_gmt":"2026-04-17T01:19:01","slug":"scanadapter-3-mm-pins-fuer-renishaw-scanner","status":"publish","type":"product","link":"https:\/\/schuetz-dental.de\/en\/produkt\/scanadapter-3-mm-pins-fuer-renishaw-scanner\/","title":{"rendered":"Scanadapter (3 mm Pins), f\u00fcr Renishaw-Scanner"},"content":{"rendered":"<p>Der Renishaw Scanadapter mit 3 mm Pins ist die durchdachte Erg\u00e4nzung f\u00fcr Ihr Dentallabor, wenn es um das effiziente Scannen von Teleskoparbeiten geht. Durch das direkte Einspannen der Teleskope ohne zus\u00e4tzlichen Scansockel wird der Arbeitsprozess deutlich beschleunigt. Ideal in Kombination mit dem Telemaster und der CAD-Software Tizian Creativ RT \u2013 f\u00fcr eine l\u00fcckenlose, digitale Prozesskette vom Scan bis zur Konstruktion. Diese L\u00f6sung steigert die Wirtschaftlichkeit und Pr\u00e4zision Ihrer zahntechnischen Abl\u00e4ufe.<\/p>\n","protected":false},"excerpt":{"rendered":"<p>Schneller scannen, effizienter arbeiten: Mit dem 3 mm Scanadapter f\u00fcr Renishaw entf\u00e4llt das manuelle Ausrichten der Teleskope. Direkt einspannen und Zeit im Laboralltag sparen.<\/p>\n","protected":false},"featured_media":0,"template":"","meta":{"_acf_changed":false,"_price":"280","_stock":"","_tribe_ticket_header":"","_tribe_default_ticket_provider":"","_tribe_ticket_capacity":"","_ticket_start_date":"","_ticket_end_date":"","_tribe_ticket_show_description":"","_tribe_ticket_show_not_going":false,"_tribe_ticket_use_global_stock":"","_tribe_ticket_global_stock_level":"","_global_stock_mode":"","_global_stock_cap":"","_tribe_rsvp_for_event":"","_tribe_ticket_going_count":"","_tribe_ticket_not_going_count":"","_tribe_tickets_list":"[]","_tribe_ticket_has_attendee_info_fields":false,"_tec_slr_enabled":"","_tec_slr_layout":""},"product_brand":[],"product_cat":[4533],"product_tag":[2021],"class_list":{"0":"post-164098","1":"product","2":"type-product","3":"status-publish","5":"product_cat-scanner","6":"product_tag-renishaw","8":"first","9":"instock","10":"product-type-variable"},"acf":[],"_links":{"self":[{"href":"https:\/\/schuetz-dental.de\/en\/wp-json\/wp\/v2\/product\/164098","targetHints":{"allow":["GET"]}}],"collection":[{"href":"https:\/\/schuetz-dental.de\/en\/wp-json\/wp\/v2\/product"}],"about":[{"href":"https:\/\/schuetz-dental.de\/en\/wp-json\/wp\/v2\/types\/product"}],"wp:attachment":[{"href":"https:\/\/schuetz-dental.de\/en\/wp-json\/wp\/v2\/media?parent=164098"}],"wp:term":[{"taxonomy":"product_brand","embeddable":true,"href":"https:\/\/schuetz-dental.de\/en\/wp-json\/wp\/v2\/product_brand?post=164098"},{"taxonomy":"product_cat","embeddable":true,"href":"https:\/\/schuetz-dental.de\/en\/wp-json\/wp\/v2\/product_cat?post=164098"},{"taxonomy":"product_tag","embeddable":true,"href":"https:\/\/schuetz-dental.de\/en\/wp-json\/wp\/v2\/product_tag?post=164098"}],"curies":[{"name":"wp","href":"https:\/\/api.w.org\/{rel}","templated":true}]}}