{"id":164145,"date":"2026-04-14T03:15:50","date_gmt":"2026-04-14T01:15:50","guid":{"rendered":"https:\/\/webshop.schuetz-dental.org\/product\/vorfraeser-20mm-fuer-nano-composites-beschichtet\/"},"modified":"2026-04-14T03:15:51","modified_gmt":"2026-04-14T01:15:51","slug":"vorfraeser-20mm-fuer-nano-composites-beschichtet","status":"publish","type":"product","link":"https:\/\/schuetz-dental.de\/en\/produkt\/vorfraeser-20mm-fuer-nano-composites-beschichtet\/","title":{"rendered":"Vorfr\u00e4ser 2,0mm f\u00fcr Nano Composites, beschichtet"},"content":{"rendered":"<p>Radiusfr\u00e4ser zweischneidig, Schneide\u00a0\u00d8 2 mm, Schaft \u00d8 3 mm, Gesamtl\u00e4nge 40 mm<\/p>\n<ul>\n<li><strong>Bearbeitungsstufe:<\/strong>\u00a0Vorfr\u00e4sen<\/li>\n<li><strong>Blank-Werkstoff<\/strong>: <a href=\"\"http:\/\/www.schuetz-dental.de\/de\/produkte\/zahntechnik\/cadcam\/blanks\/2379\/tizian-blank-zirkonverstaerktes-komposit-98-mm\"\">Tizian Zirkonverst\u00e4rktes Komposit<\/a>, Nano-Komposit<span><br \/><\/span><\/li>\n<li>Beschichtungsart: beschichtet<\/li>\n<li>Ringfarbe: gelb<\/li>\n<li><strong>F\u00fcr Fr\u00e4smaschinen<\/strong>: Tizian Cut 5 smart, Tizian Cut 5 smart plus<\/li>\n<\/ul>\n","protected":false},"excerpt":{"rendered":"<p>Radiusfr\u00e4ser f\u00fcr Ihr Tizian Fr\u00e4ssystem<\/p>\n","protected":false},"featured_media":402697,"template":"","meta":{"_acf_changed":false,"_price":"41.8","_stock":"0.000000","_tribe_ticket_header":"","_tribe_default_ticket_provider":"","_tribe_ticket_capacity":"","_ticket_start_date":"","_ticket_end_date":"","_tribe_ticket_show_description":"","_tribe_ticket_show_not_going":false,"_tribe_ticket_use_global_stock":"","_tribe_ticket_global_stock_level":"","_global_stock_mode":"","_global_stock_cap":"","_tribe_rsvp_for_event":"","_tribe_ticket_going_count":"","_tribe_ticket_not_going_count":"","_tribe_tickets_list":"[]","_tribe_ticket_has_attendee_info_fields":false,"_tec_slr_enabled":"","_tec_slr_layout":""},"product_brand":[],"product_cat":[4543,4753,4752,4744],"product_tag":[],"class_list":{"0":"post-164145","1":"product","2":"type-product","3":"status-publish","4":"has-post-thumbnail","6":"product_cat-tizian-cut-5-smart-serie","7":"product_cat-tizian-cut-5-dry-serie","8":"product_cat-tizian-cut-5-smart-pro-plus","9":"product_cat-tizian-cut-compact-serie","11":"first","12":"instock","13":"product-type-simple"},"acf":[],"_links":{"self":[{"href":"https:\/\/schuetz-dental.de\/en\/wp-json\/wp\/v2\/product\/164145","targetHints":{"allow":["GET"]}}],"collection":[{"href":"https:\/\/schuetz-dental.de\/en\/wp-json\/wp\/v2\/product"}],"about":[{"href":"https:\/\/schuetz-dental.de\/en\/wp-json\/wp\/v2\/types\/product"}],"wp:featuredmedia":[{"embeddable":true,"href":"https:\/\/schuetz-dental.de\/en\/wp-json\/wp\/v2\/media\/402697"}],"wp:attachment":[{"href":"https:\/\/schuetz-dental.de\/en\/wp-json\/wp\/v2\/media?parent=164145"}],"wp:term":[{"taxonomy":"product_brand","embeddable":true,"href":"https:\/\/schuetz-dental.de\/en\/wp-json\/wp\/v2\/product_brand?post=164145"},{"taxonomy":"product_cat","embeddable":true,"href":"https:\/\/schuetz-dental.de\/en\/wp-json\/wp\/v2\/product_cat?post=164145"},{"taxonomy":"product_tag","embeddable":true,"href":"https:\/\/schuetz-dental.de\/en\/wp-json\/wp\/v2\/product_tag?post=164145"}],"curies":[{"name":"wp","href":"https:\/\/api.w.org\/{rel}","templated":true}]}}