{"id":164149,"date":"2026-05-15T03:20:29","date_gmt":"2026-05-15T01:20:29","guid":{"rendered":"https:\/\/webshop.schuetz-dental.org\/product\/radiusschleifstift-10mm-fuer-glaskeramik\/"},"modified":"2026-05-15T03:20:30","modified_gmt":"2026-05-15T01:20:30","slug":"radiusschleifstift-10mm-fuer-glaskeramik","status":"publish","type":"product","link":"https:\/\/schuetz-dental.de\/en\/produkt\/radiusschleifstift-10mm-fuer-glaskeramik\/","title":{"rendered":"Radiusschleifstift 1,0mm f\u00fcr Glaskeramik"},"content":{"rendered":"<p>Radiusschleifer diamantiert, Schneide\u00a0\u00d8 1,0 mm, Schaft \u00d8 3 mm, Gesamtl\u00e4nge 35 mm. Auch f\u00fcr Tizian Cut compact geeignet.<\/p>\n<ul>\n<li><strong>Bearbeitungsstufe:<\/strong>\u00a0Restmaterialabtrag<\/li>\n<li><strong>Blank-Werkstoff<\/strong>:\u00a0Glaskeramik<\/li>\n<li><strong>Ringfarbe:<\/strong> grau<\/li>\n<li><strong>F\u00fcr Fr\u00e4smaschinen<\/strong>:\u00a0Tizian Cut 5 smart, Cut 5 smart plus,\u00a0Tizian Cut compact<\/li>\n<\/ul>\n","protected":false},"excerpt":{"rendered":"<p>Radiusschleifstift 1,0 mm f\u00fcr Glaskeramik, Tizian Cut 5 smart, Tizian Cut 5 smart plus, Tizian Cut compact<\/p>\n","protected":false},"featured_media":455165,"template":"","meta":{"_acf_changed":false,"_price":"52.8","_stock":"0.000000","_tribe_ticket_header":"","_tribe_default_ticket_provider":"","_tribe_ticket_capacity":"","_ticket_start_date":"","_ticket_end_date":"","_tribe_ticket_show_description":"","_tribe_ticket_show_not_going":false,"_tribe_ticket_use_global_stock":"","_tribe_ticket_global_stock_level":"","_global_stock_mode":"","_global_stock_cap":"","_tribe_rsvp_for_event":"","_tribe_ticket_going_count":"","_tribe_ticket_not_going_count":"","_tribe_tickets_list":"[]","_tribe_ticket_has_attendee_info_fields":false,"_tec_slr_enabled":"","_tec_slr_layout":""},"product_brand":[],"product_cat":[4543,4744],"product_tag":[],"class_list":{"0":"post-164149","1":"product","2":"type-product","3":"status-publish","4":"has-post-thumbnail","6":"product_cat-tizian-cut-5-smart-serie","7":"product_cat-tizian-cut-compact-serie","9":"first","10":"instock","11":"product-type-simple"},"acf":[],"_links":{"self":[{"href":"https:\/\/schuetz-dental.de\/en\/wp-json\/wp\/v2\/product\/164149","targetHints":{"allow":["GET"]}}],"collection":[{"href":"https:\/\/schuetz-dental.de\/en\/wp-json\/wp\/v2\/product"}],"about":[{"href":"https:\/\/schuetz-dental.de\/en\/wp-json\/wp\/v2\/types\/product"}],"wp:featuredmedia":[{"embeddable":true,"href":"https:\/\/schuetz-dental.de\/en\/wp-json\/wp\/v2\/media\/455165"}],"wp:attachment":[{"href":"https:\/\/schuetz-dental.de\/en\/wp-json\/wp\/v2\/media?parent=164149"}],"wp:term":[{"taxonomy":"product_brand","embeddable":true,"href":"https:\/\/schuetz-dental.de\/en\/wp-json\/wp\/v2\/product_brand?post=164149"},{"taxonomy":"product_cat","embeddable":true,"href":"https:\/\/schuetz-dental.de\/en\/wp-json\/wp\/v2\/product_cat?post=164149"},{"taxonomy":"product_tag","embeddable":true,"href":"https:\/\/schuetz-dental.de\/en\/wp-json\/wp\/v2\/product_tag?post=164149"}],"curies":[{"name":"wp","href":"https:\/\/api.w.org\/{rel}","templated":true}]}}