{"id":164157,"date":"2026-04-14T03:15:52","date_gmt":"2026-04-14T01:15:52","guid":{"rendered":"https:\/\/webshop.schuetz-dental.org\/product\/feinschlichter-06-mm-fuer-nem\/"},"modified":"2026-04-14T03:15:53","modified_gmt":"2026-04-14T01:15:53","slug":"feinschlichter-06-mm-fuer-nem","status":"publish","type":"product","link":"https:\/\/schuetz-dental.de\/en\/produkt\/feinschlichter-06-mm-fuer-nem\/","title":{"rendered":"Feinschlichter 0,6 mm f\u00fcr NEM"},"content":{"rendered":"<p>Radiusfr\u00e4ser zweischneidig, Schneide\u00a0\u00d8 0,6 mm, Schaft \u00d8 3 mm, Gesamtl\u00e4nge 35 mm. F\u00fcr Blanks bis max. 16 mm H\u00f6he.<\/p>\n<ul>\n<li><strong>Bearbeitungsstufe:<\/strong>\u00a0Restmaterialabtrag<\/li>\n<li><strong>Blank-Werkstoff<\/strong>:\u00a0NEM<\/li>\n<li><strong>Beschichtungsart:<\/strong> geh\u00e4rtet<\/li>\n<li><strong>Ringfarbe:<\/strong> gold<\/li>\n<li><strong>F\u00fcr Fr\u00e4smaschinen<\/strong>: Tizian Cut 5 smart, Tizian Cut 5 smart plus<\/li>\n<\/ul>\n","protected":false},"excerpt":{"rendered":"<p>Radiusfr\u00e4ser f\u00fcr Ihr Tizian Fr\u00e4ssystem<\/p>\n","protected":false},"featured_media":402706,"template":"","meta":{"_acf_changed":false,"_price":"45.6","_stock":"0.000000","_tribe_ticket_header":"","_tribe_default_ticket_provider":"","_tribe_ticket_capacity":"","_ticket_start_date":"","_ticket_end_date":"","_tribe_ticket_show_description":"","_tribe_ticket_show_not_going":false,"_tribe_ticket_use_global_stock":"","_tribe_ticket_global_stock_level":"","_global_stock_mode":"","_global_stock_cap":"","_tribe_rsvp_for_event":"","_tribe_ticket_going_count":"","_tribe_ticket_not_going_count":"","_tribe_tickets_list":"[]","_tribe_ticket_has_attendee_info_fields":false,"_tec_slr_enabled":"","_tec_slr_layout":""},"product_brand":[],"product_cat":[4543,4753,4752],"product_tag":[],"class_list":{"0":"post-164157","1":"product","2":"type-product","3":"status-publish","4":"has-post-thumbnail","6":"product_cat-tizian-cut-5-smart-serie","7":"product_cat-tizian-cut-5-dry-serie","8":"product_cat-tizian-cut-5-smart-pro-plus","10":"first","11":"instock","12":"product-type-simple"},"acf":[],"_links":{"self":[{"href":"https:\/\/schuetz-dental.de\/en\/wp-json\/wp\/v2\/product\/164157","targetHints":{"allow":["GET"]}}],"collection":[{"href":"https:\/\/schuetz-dental.de\/en\/wp-json\/wp\/v2\/product"}],"about":[{"href":"https:\/\/schuetz-dental.de\/en\/wp-json\/wp\/v2\/types\/product"}],"wp:featuredmedia":[{"embeddable":true,"href":"https:\/\/schuetz-dental.de\/en\/wp-json\/wp\/v2\/media\/402706"}],"wp:attachment":[{"href":"https:\/\/schuetz-dental.de\/en\/wp-json\/wp\/v2\/media?parent=164157"}],"wp:term":[{"taxonomy":"product_brand","embeddable":true,"href":"https:\/\/schuetz-dental.de\/en\/wp-json\/wp\/v2\/product_brand?post=164157"},{"taxonomy":"product_cat","embeddable":true,"href":"https:\/\/schuetz-dental.de\/en\/wp-json\/wp\/v2\/product_cat?post=164157"},{"taxonomy":"product_tag","embeddable":true,"href":"https:\/\/schuetz-dental.de\/en\/wp-json\/wp\/v2\/product_tag?post=164157"}],"curies":[{"name":"wp","href":"https:\/\/api.w.org\/{rel}","templated":true}]}}