{"id":164169,"date":"2026-04-14T03:15:53","date_gmt":"2026-04-14T01:15:53","guid":{"rendered":"https:\/\/webshop.schuetz-dental.org\/product\/radiusfraeser-10-mm-1-schneider-fuer-polycarbonat-pmma-wachs-peek\/"},"modified":"2026-04-14T03:15:55","modified_gmt":"2026-04-14T01:15:55","slug":"radiusfraeser-10-mm-1-schneider-fuer-polycarbonat-pmma-wachs-peek","status":"publish","type":"product","link":"https:\/\/schuetz-dental.de\/en\/produkt\/radiusfraeser-10-mm-1-schneider-fuer-polycarbonat-pmma-wachs-peek\/","title":{"rendered":"Radiusfr\u00e4ser, 1,0 mm, 1-Schneider, f\u00fcr Polycarbonat\/PMMA\/Wachs\/PEEK"},"content":{"rendered":"<p>Radiusfr\u00e4ser einschneidig, Schneide\u00a0\u00d8 1 mm, Schaft \u00d8 3 mm, Gesamtl\u00e4nge 40 mm<\/p>\n<ul>\n<li><strong>Bearbeitungsstufe:<\/strong>\u00a0Feinschlichten<\/li>\n<li><strong>Blank-Werkstoff<\/strong>:\u00a0PMMA, Wachs, PEEK, Polycarbonat<\/li>\n<li><strong>Beschichtungsart:<\/strong> unbeschichtet<\/li>\n<li><strong>Ringfarbe:<\/strong> schwarz<\/li>\n<li><strong>F\u00fcr Fr\u00e4smaschinen<\/strong>: Tizian Cut 5 smart, Tizian Cut 5 smart plus<\/li>\n<\/ul>\n","protected":false},"excerpt":{"rendered":"<p>Radiusfr\u00e4ser f\u00fcr Ihr Tizian Fr\u00e4ssystem<\/p>\n","protected":false},"featured_media":402715,"template":"","meta":{"_acf_changed":false,"_price":"36.5","_stock":"0.000000","_tribe_ticket_header":"","_tribe_default_ticket_provider":"","_tribe_ticket_capacity":"","_ticket_start_date":"","_ticket_end_date":"","_tribe_ticket_show_description":"","_tribe_ticket_show_not_going":false,"_tribe_ticket_use_global_stock":"","_tribe_ticket_global_stock_level":"","_global_stock_mode":"","_global_stock_cap":"","_tribe_rsvp_for_event":"","_tribe_ticket_going_count":"","_tribe_ticket_not_going_count":"","_tribe_tickets_list":"[]","_tribe_ticket_has_attendee_info_fields":false,"_tec_slr_enabled":"","_tec_slr_layout":""},"product_brand":[],"product_cat":[4543,4753,4752],"product_tag":[],"class_list":{"0":"post-164169","1":"product","2":"type-product","3":"status-publish","4":"has-post-thumbnail","6":"product_cat-tizian-cut-5-smart-serie","7":"product_cat-tizian-cut-5-dry-serie","8":"product_cat-tizian-cut-5-smart-pro-plus","10":"first","11":"instock","12":"product-type-simple"},"acf":[],"_links":{"self":[{"href":"https:\/\/schuetz-dental.de\/en\/wp-json\/wp\/v2\/product\/164169","targetHints":{"allow":["GET"]}}],"collection":[{"href":"https:\/\/schuetz-dental.de\/en\/wp-json\/wp\/v2\/product"}],"about":[{"href":"https:\/\/schuetz-dental.de\/en\/wp-json\/wp\/v2\/types\/product"}],"wp:featuredmedia":[{"embeddable":true,"href":"https:\/\/schuetz-dental.de\/en\/wp-json\/wp\/v2\/media\/402715"}],"wp:attachment":[{"href":"https:\/\/schuetz-dental.de\/en\/wp-json\/wp\/v2\/media?parent=164169"}],"wp:term":[{"taxonomy":"product_brand","embeddable":true,"href":"https:\/\/schuetz-dental.de\/en\/wp-json\/wp\/v2\/product_brand?post=164169"},{"taxonomy":"product_cat","embeddable":true,"href":"https:\/\/schuetz-dental.de\/en\/wp-json\/wp\/v2\/product_cat?post=164169"},{"taxonomy":"product_tag","embeddable":true,"href":"https:\/\/schuetz-dental.de\/en\/wp-json\/wp\/v2\/product_tag?post=164169"}],"curies":[{"name":"wp","href":"https:\/\/api.w.org\/{rel}","templated":true}]}}