{"id":164189,"date":"2026-04-14T03:15:57","date_gmt":"2026-04-14T01:15:57","guid":{"rendered":"https:\/\/webshop.schuetz-dental.org\/product\/zweizahnfraeser-120-mm-diamant-beschichtung-zirkonoxid\/"},"modified":"2026-04-14T03:15:58","modified_gmt":"2026-04-14T01:15:58","slug":"zweizahnfraeser-120-mm-diamant-beschichtung-zirkonoxid","status":"publish","type":"product","link":"https:\/\/schuetz-dental.de\/en\/produkt\/zweizahnfraeser-120-mm-diamant-beschichtung-zirkonoxid\/","title":{"rendered":"Zweizahnfr\u00e4ser, 1,20 mm, Diamant-Beschichtung, Zirkonoxid"},"content":{"rendered":"<p>Flachfr\u00e4ser zweischneidig, Schneide\u00a0\u00d8 1,2 mm, Schaft \u00d8 3 mm, Gesamtl\u00e4nge 40 mm. Der Flachfr\u00e4ser weist einen Winkel von 90\u00b0 auf.<\/p>\n<ul>\n<li><strong>Bearbeitungsstufe:<\/strong>\u00a0Fertigung Schraubensitz, Implantate, Stege<\/li>\n<li><strong>Blank-Werkstoff<\/strong>:\u00a0<a href=\"\"http:\/\/www.schuetz-dental.de\/de\/produkte\/search?sSearch=Zirkondioxid\"\">Zirkondioxid<\/a><\/li>\n<li><strong>Beschichtungsart:<\/strong> diamantiert<\/li>\n<li><strong>Ringfarbe:<\/strong> dunkelblau<\/li>\n<li><strong>F\u00fcr Fr\u00e4smaschinen<\/strong>: Tizian Cut 5 smart, Tizian Cut 5 smart plus<\/li>\n<li>Bis zu siebenmal h\u00f6here Standzeit<\/li>\n<\/ul>\n","protected":false},"excerpt":{"rendered":"<p>Flachfr\u00e4ser f\u00fcr Ihr Tizian Fr\u00e4ssystem. Bis zu siebenmal h\u00f6here Standzeit<\/p>\n","protected":false},"featured_media":402730,"template":"","meta":{"_acf_changed":false,"_price":"89.3","_stock":"0.000000","_tribe_ticket_header":"","_tribe_default_ticket_provider":"","_tribe_ticket_capacity":"","_ticket_start_date":"","_ticket_end_date":"","_tribe_ticket_show_description":"","_tribe_ticket_show_not_going":false,"_tribe_ticket_use_global_stock":"","_tribe_ticket_global_stock_level":"","_global_stock_mode":"","_global_stock_cap":"","_tribe_rsvp_for_event":"","_tribe_ticket_going_count":"","_tribe_ticket_not_going_count":"","_tribe_tickets_list":"[]","_tribe_ticket_has_attendee_info_fields":false,"_tec_slr_enabled":"","_tec_slr_layout":""},"product_brand":[],"product_cat":[4543,4753,4752],"product_tag":[],"class_list":{"0":"post-164189","1":"product","2":"type-product","3":"status-publish","4":"has-post-thumbnail","6":"product_cat-tizian-cut-5-smart-serie","7":"product_cat-tizian-cut-5-dry-serie","8":"product_cat-tizian-cut-5-smart-pro-plus","10":"first","11":"instock","12":"product-type-simple"},"acf":[],"_links":{"self":[{"href":"https:\/\/schuetz-dental.de\/en\/wp-json\/wp\/v2\/product\/164189","targetHints":{"allow":["GET"]}}],"collection":[{"href":"https:\/\/schuetz-dental.de\/en\/wp-json\/wp\/v2\/product"}],"about":[{"href":"https:\/\/schuetz-dental.de\/en\/wp-json\/wp\/v2\/types\/product"}],"wp:featuredmedia":[{"embeddable":true,"href":"https:\/\/schuetz-dental.de\/en\/wp-json\/wp\/v2\/media\/402730"}],"wp:attachment":[{"href":"https:\/\/schuetz-dental.de\/en\/wp-json\/wp\/v2\/media?parent=164189"}],"wp:term":[{"taxonomy":"product_brand","embeddable":true,"href":"https:\/\/schuetz-dental.de\/en\/wp-json\/wp\/v2\/product_brand?post=164189"},{"taxonomy":"product_cat","embeddable":true,"href":"https:\/\/schuetz-dental.de\/en\/wp-json\/wp\/v2\/product_cat?post=164189"},{"taxonomy":"product_tag","embeddable":true,"href":"https:\/\/schuetz-dental.de\/en\/wp-json\/wp\/v2\/product_tag?post=164189"}],"curies":[{"name":"wp","href":"https:\/\/api.w.org\/{rel}","templated":true}]}}