{"id":164217,"date":"2026-04-14T03:16:01","date_gmt":"2026-04-14T01:16:01","guid":{"rendered":"https:\/\/webshop.schuetz-dental.org\/product\/universalfraeser-06-mm-fuer-wachs-pmma-zirkon-composites-2\/"},"modified":"2026-04-14T03:16:02","modified_gmt":"2026-04-14T01:16:02","slug":"universalfraeser-06-mm-fuer-wachs-pmma-zirkon-composites-2","status":"publish","type":"product","link":"https:\/\/schuetz-dental.de\/en\/produkt\/universalfraeser-06-mm-fuer-wachs-pmma-zirkon-composites-2\/","title":{"rendered":"Universalfr\u00e4ser 0,6 mm f\u00fcr Wachs, PMMA, Zirkon, Composites"},"content":{"rendered":"<p>Universalfr\u00e4ser mit einer L\u00e4nge von 40 mm f\u00fcr Ihre Tizian Cut 5 smart. Zur Verarbeitung von Wachs-, PMMA-, Zirkon- und Komposit-Blanks.<\/p>\n","protected":false},"excerpt":{"rendered":"<p>Zur Verarbeitung Ihrer Wachs-, PMMA-, Zirkon- und Komposit-Blanks.<\/p>\n","protected":false},"featured_media":402751,"template":"","meta":{"_acf_changed":false,"_price":"39.1","_stock":"0.000000","_tribe_ticket_header":"","_tribe_default_ticket_provider":"","_tribe_ticket_capacity":"","_ticket_start_date":"","_ticket_end_date":"","_tribe_ticket_show_description":"","_tribe_ticket_show_not_going":false,"_tribe_ticket_use_global_stock":"","_tribe_ticket_global_stock_level":"","_global_stock_mode":"","_global_stock_cap":"","_tribe_rsvp_for_event":"","_tribe_ticket_going_count":"","_tribe_ticket_not_going_count":"","_tribe_tickets_list":"[]","_tribe_ticket_has_attendee_info_fields":false,"_tec_slr_enabled":"","_tec_slr_layout":""},"product_brand":[],"product_cat":[4543,4753,4752],"product_tag":[],"class_list":{"0":"post-164217","1":"product","2":"type-product","3":"status-publish","4":"has-post-thumbnail","6":"product_cat-tizian-cut-5-smart-serie","7":"product_cat-tizian-cut-5-dry-serie","8":"product_cat-tizian-cut-5-smart-pro-plus","10":"first","11":"instock","12":"product-type-simple"},"acf":[],"_links":{"self":[{"href":"https:\/\/schuetz-dental.de\/en\/wp-json\/wp\/v2\/product\/164217","targetHints":{"allow":["GET"]}}],"collection":[{"href":"https:\/\/schuetz-dental.de\/en\/wp-json\/wp\/v2\/product"}],"about":[{"href":"https:\/\/schuetz-dental.de\/en\/wp-json\/wp\/v2\/types\/product"}],"wp:featuredmedia":[{"embeddable":true,"href":"https:\/\/schuetz-dental.de\/en\/wp-json\/wp\/v2\/media\/402751"}],"wp:attachment":[{"href":"https:\/\/schuetz-dental.de\/en\/wp-json\/wp\/v2\/media?parent=164217"}],"wp:term":[{"taxonomy":"product_brand","embeddable":true,"href":"https:\/\/schuetz-dental.de\/en\/wp-json\/wp\/v2\/product_brand?post=164217"},{"taxonomy":"product_cat","embeddable":true,"href":"https:\/\/schuetz-dental.de\/en\/wp-json\/wp\/v2\/product_cat?post=164217"},{"taxonomy":"product_tag","embeddable":true,"href":"https:\/\/schuetz-dental.de\/en\/wp-json\/wp\/v2\/product_tag?post=164217"}],"curies":[{"name":"wp","href":"https:\/\/api.w.org\/{rel}","templated":true}]}}