{"id":164236,"date":"2026-04-14T03:16:05","date_gmt":"2026-04-14T01:16:05","guid":{"rendered":"https:\/\/webshop.schuetz-dental.org\/product\/radiusschleifstift-24-mm-fuer-glaskeramik\/"},"modified":"2026-04-14T03:16:06","modified_gmt":"2026-04-14T01:16:06","slug":"radiusschleifstift-24-mm-fuer-glaskeramik","status":"publish","type":"product","link":"https:\/\/schuetz-dental.de\/en\/produkt\/radiusschleifstift-24-mm-fuer-glaskeramik\/","title":{"rendered":"Radiusschleifstift, 2,4 mm, f\u00fcr Glaskeramik"},"content":{"rendered":"<p>Radiusschleifer diamantiert, Schneide\u00a0\u00d8 2,4 mm, Schaft \u00d8 3 mm, Gesamtl\u00e4nge 35 mm. Auch f\u00fcr Tizian Cut compact geeignet.<\/p>\n<p>Der 2,4 mm Radiusschleifstift aus Vollhartmetall mit besonders homogener Diamantbeschichtung sorgt nicht nur f\u00fcr exakte Schleifarbeiten, sondern zeichnet sich dar\u00fcber hinaus durch eine herausragend hohe Standzeit aus. Zus\u00e4tzlich erlaubt er\u00a0sehr hohe Schleifgeschwindigkeiten.\u00a0<\/p>\n<ul>\n<li><strong>Bearbeitungsstufe:<\/strong>\u00a0Restmaterialabtrag<\/li>\n<li><strong>Blank-Werkstoff<\/strong>:\u00a0Glaskeramik<\/li>\n<li><strong>Ringfarbe:<\/strong> grau<\/li>\n<li><strong>F\u00fcr Fr\u00e4smaschinen<\/strong>:\u00a0Tizian Cut 5 smart, Tizian Cut 5 smart plus,\u00a0Tizian Cut compact<\/li>\n<\/ul>\n","protected":false},"excerpt":{"rendered":"<p>F\u00fcr schnelle, exakte und sichere Schleifarbeiten mit der Tizian Cut 5 smart, Tizian Cut 5 smart plus oder Tizian Cut compact.<\/p>\n","protected":false},"featured_media":402766,"template":"","meta":{"_acf_changed":false,"_price":"43.8","_stock":"0.000000","_tribe_ticket_header":"","_tribe_default_ticket_provider":"","_tribe_ticket_capacity":"","_ticket_start_date":"","_ticket_end_date":"","_tribe_ticket_show_description":"","_tribe_ticket_show_not_going":false,"_tribe_ticket_use_global_stock":"","_tribe_ticket_global_stock_level":"","_global_stock_mode":"","_global_stock_cap":"","_tribe_rsvp_for_event":"","_tribe_ticket_going_count":"","_tribe_ticket_not_going_count":"","_tribe_tickets_list":"[]","_tribe_ticket_has_attendee_info_fields":false,"_tec_slr_enabled":"","_tec_slr_layout":""},"product_brand":[],"product_cat":[4543,4752,4744],"product_tag":[],"class_list":{"0":"post-164236","1":"product","2":"type-product","3":"status-publish","4":"has-post-thumbnail","6":"product_cat-tizian-cut-5-smart-serie","7":"product_cat-tizian-cut-5-smart-pro-plus","8":"product_cat-tizian-cut-compact-serie","10":"first","11":"instock","12":"product-type-simple"},"acf":[],"_links":{"self":[{"href":"https:\/\/schuetz-dental.de\/en\/wp-json\/wp\/v2\/product\/164236","targetHints":{"allow":["GET"]}}],"collection":[{"href":"https:\/\/schuetz-dental.de\/en\/wp-json\/wp\/v2\/product"}],"about":[{"href":"https:\/\/schuetz-dental.de\/en\/wp-json\/wp\/v2\/types\/product"}],"wp:featuredmedia":[{"embeddable":true,"href":"https:\/\/schuetz-dental.de\/en\/wp-json\/wp\/v2\/media\/402766"}],"wp:attachment":[{"href":"https:\/\/schuetz-dental.de\/en\/wp-json\/wp\/v2\/media?parent=164236"}],"wp:term":[{"taxonomy":"product_brand","embeddable":true,"href":"https:\/\/schuetz-dental.de\/en\/wp-json\/wp\/v2\/product_brand?post=164236"},{"taxonomy":"product_cat","embeddable":true,"href":"https:\/\/schuetz-dental.de\/en\/wp-json\/wp\/v2\/product_cat?post=164236"},{"taxonomy":"product_tag","embeddable":true,"href":"https:\/\/schuetz-dental.de\/en\/wp-json\/wp\/v2\/product_tag?post=164236"}],"curies":[{"name":"wp","href":"https:\/\/api.w.org\/{rel}","templated":true}]}}