{"id":164240,"date":"2026-05-15T03:20:48","date_gmt":"2026-05-15T01:20:48","guid":{"rendered":"https:\/\/webshop.schuetz-dental.org\/product\/dreizahn-radiusfraeser-20-mm-fuer-zirkon-beschichtet\/"},"modified":"2026-05-15T03:20:49","modified_gmt":"2026-05-15T01:20:49","slug":"dreizahn-radiusfraeser-20-mm-fuer-zirkon-beschichtet","status":"publish","type":"product","link":"https:\/\/schuetz-dental.de\/en\/produkt\/dreizahn-radiusfraeser-20-mm-fuer-zirkon-beschichtet\/","title":{"rendered":"Dreizahn-Radiusfr\u00e4ser, 2,0 mm, f\u00fcr Zirkon, beschichtet"},"content":{"rendered":"<p>Dreizahn-Radiusfr\u00e4ser<br \/>Schneide\u00a0\u00d8 2,0 mm,\u00a0L\u00e4nge 35 mm<\/p>\n<ul>\n<li><strong>Bearbeitungsstufe:<\/strong>\u00a0Feinschlichten<\/li>\n<li><strong>Blank-Werkstoff<\/strong>:\u00a0Zirkon<\/li>\n<li><strong>Beschichtungsart:<\/strong> beschichtet<\/li>\n<li><strong>F\u00fcr Fr\u00e4smaschinen<\/strong>: Tizian Cut, Tizian Cut eco Plus<\/li>\n<\/ul>\n","protected":false},"excerpt":{"rendered":"<p>F\u00fcr Zirkon<\/p>\n","protected":false},"featured_media":455234,"template":"","meta":{"_acf_changed":false,"_price":"36.2","_stock":"0.000000","_tribe_ticket_header":"","_tribe_default_ticket_provider":"","_tribe_ticket_capacity":"","_ticket_start_date":"","_ticket_end_date":"","_tribe_ticket_show_description":"","_tribe_ticket_show_not_going":false,"_tribe_ticket_use_global_stock":"","_tribe_ticket_global_stock_level":"","_global_stock_mode":"","_global_stock_cap":"","_tribe_rsvp_for_event":"","_tribe_ticket_going_count":"","_tribe_ticket_not_going_count":"","_tribe_tickets_list":"[]","_tribe_ticket_has_attendee_info_fields":false,"_tec_slr_enabled":"","_tec_slr_layout":""},"product_brand":[],"product_cat":[4543,4538,4743,4744],"product_tag":[],"class_list":{"0":"post-164240","1":"product","2":"type-product","3":"status-publish","4":"has-post-thumbnail","6":"product_cat-tizian-cut-5-smart-serie","7":"product_cat-tizian-cut-eco-plus","8":"product_cat-tizian-cut","9":"product_cat-tizian-cut-compact-serie","11":"first","12":"instock","13":"product-type-simple"},"acf":[],"_links":{"self":[{"href":"https:\/\/schuetz-dental.de\/en\/wp-json\/wp\/v2\/product\/164240","targetHints":{"allow":["GET"]}}],"collection":[{"href":"https:\/\/schuetz-dental.de\/en\/wp-json\/wp\/v2\/product"}],"about":[{"href":"https:\/\/schuetz-dental.de\/en\/wp-json\/wp\/v2\/types\/product"}],"wp:featuredmedia":[{"embeddable":true,"href":"https:\/\/schuetz-dental.de\/en\/wp-json\/wp\/v2\/media\/455234"}],"wp:attachment":[{"href":"https:\/\/schuetz-dental.de\/en\/wp-json\/wp\/v2\/media?parent=164240"}],"wp:term":[{"taxonomy":"product_brand","embeddable":true,"href":"https:\/\/schuetz-dental.de\/en\/wp-json\/wp\/v2\/product_brand?post=164240"},{"taxonomy":"product_cat","embeddable":true,"href":"https:\/\/schuetz-dental.de\/en\/wp-json\/wp\/v2\/product_cat?post=164240"},{"taxonomy":"product_tag","embeddable":true,"href":"https:\/\/schuetz-dental.de\/en\/wp-json\/wp\/v2\/product_tag?post=164240"}],"curies":[{"name":"wp","href":"https:\/\/api.w.org\/{rel}","templated":true}]}}