{"id":164244,"date":"2026-05-15T03:20:48","date_gmt":"2026-05-15T01:20:48","guid":{"rendered":"https:\/\/webshop.schuetz-dental.org\/product\/vierzahn-radiusfraeser-20-mm-fuer-nem-2\/"},"modified":"2026-05-15T03:20:50","modified_gmt":"2026-05-15T01:20:50","slug":"vierzahn-radiusfraeser-20-mm-fuer-nem-2","status":"publish","type":"product","link":"https:\/\/schuetz-dental.de\/en\/produkt\/vierzahn-radiusfraeser-20-mm-fuer-nem-2\/","title":{"rendered":"Vierzahn-Radiusfr\u00e4ser, 2,0 mm, f\u00fcr NEM"},"content":{"rendered":"<p>Vierzahn-Radiusfr\u00e4ser zweischneidig, Schneide\u00a0\u00d8 2 mm, Schaft \u00d8 3 mm, Gesamtl\u00e4nge 32 mm.\u00a0<\/p>\n<p>F\u00fcr\u00a0\u00a0<a title=\"\"Tizian Blank NEM 98 mm\"\" href=\"\"https:\/\/www.schuetz-dental.de\/de\/zahntechnik\/cadcam\/blanks\/98-mm\/2224\/tizian-blank-nem-98-mm?number=220105\"\" target=\"\"_blank\"\">NEM Blanks<\/a>\u00a0bis max. 16 mm H\u00f6he.<\/p>\n<p>Eine Vielzahl an NEM-Materialien lassen die Herausforderungen an ein Fr\u00e4swerkzeug steigen. Die Antwort darauf bietet dieser neu entwickelte Vierschneider. Dank seiner vier Schneiden und einer optimierten Geometrie wird jetzt ein deutlich effizienteres Schruppen bei verbesserter Standzeit und h\u00f6here Prozesssicherheit selbst in schwierig zu bearbeitenden Metallen erreicht. So k\u00f6nnen nun endlich nahezu alle CoCr- und Titanlegierungen zuverl\u00e4ssig bearbeitet werden.\u00a0<\/p>\n<p>\u00a0<\/p>\n<ul>\n<li><strong>Bearbeitungsstufe:<\/strong>\u00a0Vorfr\u00e4sen<\/li>\n<li><strong>Blank-Werkstoff<\/strong>:\u00a0NEM<\/li>\n<li><strong>Beschichtungsart:<\/strong> geh\u00e4rtet<\/li>\n<li><strong>Ringfarbe:<\/strong>\u00a0kupfer<\/li>\n<li><strong>F\u00fcr Fr\u00e4smaschinen<\/strong>: Tizian Cut\u00a0ECO, Tizian Cut compact<\/li>\n<\/ul>\n","protected":false},"excerpt":{"rendered":"<p>Vierzahn-Radiusfr\u00e4ser f\u00fcr Ihr Tizian Fr\u00e4ssystem zur Bearbeitung von NEM Blanks.<\/p>\n","protected":false},"featured_media":455237,"template":"","meta":{"_acf_changed":false,"_price":"46.9","_stock":"0.000000","_tribe_ticket_header":"","_tribe_default_ticket_provider":"","_tribe_ticket_capacity":"","_ticket_start_date":"","_ticket_end_date":"","_tribe_ticket_show_description":"","_tribe_ticket_show_not_going":false,"_tribe_ticket_use_global_stock":"","_tribe_ticket_global_stock_level":"","_global_stock_mode":"","_global_stock_cap":"","_tribe_rsvp_for_event":"","_tribe_ticket_going_count":"","_tribe_ticket_not_going_count":"","_tribe_tickets_list":"[]","_tribe_ticket_has_attendee_info_fields":false,"_tec_slr_enabled":"","_tec_slr_layout":""},"product_brand":[],"product_cat":[4538,4744],"product_tag":[],"class_list":{"0":"post-164244","1":"product","2":"type-product","3":"status-publish","4":"has-post-thumbnail","6":"product_cat-tizian-cut-eco-plus","7":"product_cat-tizian-cut-compact-serie","9":"first","10":"instock","11":"product-type-simple"},"acf":[],"_links":{"self":[{"href":"https:\/\/schuetz-dental.de\/en\/wp-json\/wp\/v2\/product\/164244","targetHints":{"allow":["GET"]}}],"collection":[{"href":"https:\/\/schuetz-dental.de\/en\/wp-json\/wp\/v2\/product"}],"about":[{"href":"https:\/\/schuetz-dental.de\/en\/wp-json\/wp\/v2\/types\/product"}],"wp:featuredmedia":[{"embeddable":true,"href":"https:\/\/schuetz-dental.de\/en\/wp-json\/wp\/v2\/media\/455237"}],"wp:attachment":[{"href":"https:\/\/schuetz-dental.de\/en\/wp-json\/wp\/v2\/media?parent=164244"}],"wp:term":[{"taxonomy":"product_brand","embeddable":true,"href":"https:\/\/schuetz-dental.de\/en\/wp-json\/wp\/v2\/product_brand?post=164244"},{"taxonomy":"product_cat","embeddable":true,"href":"https:\/\/schuetz-dental.de\/en\/wp-json\/wp\/v2\/product_cat?post=164244"},{"taxonomy":"product_tag","embeddable":true,"href":"https:\/\/schuetz-dental.de\/en\/wp-json\/wp\/v2\/product_tag?post=164244"}],"curies":[{"name":"wp","href":"https:\/\/api.w.org\/{rel}","templated":true}]}}