{"id":164256,"date":"2026-04-07T03:14:50","date_gmt":"2026-04-07T01:14:50","guid":{"rendered":"https:\/\/webshop.schuetz-dental.org\/product\/t34-radiusfraeser-3-mm-fuer-pmma-wachs-lang\/"},"modified":"2026-04-07T03:14:51","modified_gmt":"2026-04-07T01:14:51","slug":"t34-radiusfraeser-3-mm-fuer-pmma-wachs-lang","status":"publish","type":"product","link":"https:\/\/schuetz-dental.de\/en\/produkt\/t34-radiusfraeser-3-mm-fuer-pmma-wachs-lang\/","title":{"rendered":"T34 &#8211; Radiusfr\u00e4ser 3 mm f\u00fcr PMMA\/Wachs lang"},"content":{"rendered":"<p><strong>T34 &#8211; Radiusfr\u00e4ser<\/strong><\/p>\n<ul>\n<li><strong>Durchmesser\u00a0<\/strong>\u00d8 3,0 mm<\/li>\n<li><strong>Schneiden<\/strong>\u00a0zweischneidig<\/li>\n<li><strong>Schaft<\/strong>\u00a0\u00d8 6 mm<\/li>\n<li><strong>Freistell-L\u00e4nge:<\/strong>\u00a0l = 27 mm<\/li>\n<li><strong>Gesamtl\u00e4nge:<\/strong>\u00a045 mm<\/li>\n<li><strong>Max. Blankh\u00f6he:<\/strong> 30 mm<\/li>\n<li><strong>Blank-Werkstoff:<\/strong>\u00a0PMMA, Wachs<\/li>\n<li><strong>Beschichtungsart:<\/strong>\u00a0unbeschichtet<\/li>\n<li><strong>F\u00fcr Fr\u00e4smaschinen:<\/strong> Tizian Cut 5.2 Serie, Tizian Cut 5, CORiTEC 550i, CORiTEC 650i<\/li>\n<\/ul>\n","protected":false},"excerpt":{"rendered":"<p>Radiusfr\u00e4ser f\u00fcr Ihr Tizian Fr\u00e4ssystem<\/p>\n","protected":false},"featured_media":391828,"template":"","meta":{"_acf_changed":false,"_price":"62.2","_stock":"0.000000","_tribe_ticket_header":"","_tribe_default_ticket_provider":"","_tribe_ticket_capacity":"","_ticket_start_date":"","_ticket_end_date":"","_tribe_ticket_show_description":"","_tribe_ticket_show_not_going":false,"_tribe_ticket_use_global_stock":"","_tribe_ticket_global_stock_level":"","_global_stock_mode":"","_global_stock_cap":"","_tribe_rsvp_for_event":"","_tribe_ticket_going_count":"","_tribe_ticket_not_going_count":"","_tribe_tickets_list":"[]","_tribe_ticket_has_attendee_info_fields":false,"_tec_slr_enabled":"","_tec_slr_layout":""},"product_brand":[],"product_cat":[4541,4548,4542,4750,4751,4749],"product_tag":[2030],"class_list":{"0":"post-164256","1":"product","2":"type-product","3":"status-publish","4":"has-post-thumbnail","6":"product_cat-6-mm-spannzange","7":"product_cat-coritec-650i","8":"product_cat-tizian-3-5-tizian-cut-5-2","9":"product_cat-coritec-550i","10":"product_cat-coritec-750i","11":"product_cat-tizian-5-5","12":"product_tag-t34","14":"first","15":"instock","16":"product-type-simple"},"acf":[],"_links":{"self":[{"href":"https:\/\/schuetz-dental.de\/en\/wp-json\/wp\/v2\/product\/164256","targetHints":{"allow":["GET"]}}],"collection":[{"href":"https:\/\/schuetz-dental.de\/en\/wp-json\/wp\/v2\/product"}],"about":[{"href":"https:\/\/schuetz-dental.de\/en\/wp-json\/wp\/v2\/types\/product"}],"wp:featuredmedia":[{"embeddable":true,"href":"https:\/\/schuetz-dental.de\/en\/wp-json\/wp\/v2\/media\/391828"}],"wp:attachment":[{"href":"https:\/\/schuetz-dental.de\/en\/wp-json\/wp\/v2\/media?parent=164256"}],"wp:term":[{"taxonomy":"product_brand","embeddable":true,"href":"https:\/\/schuetz-dental.de\/en\/wp-json\/wp\/v2\/product_brand?post=164256"},{"taxonomy":"product_cat","embeddable":true,"href":"https:\/\/schuetz-dental.de\/en\/wp-json\/wp\/v2\/product_cat?post=164256"},{"taxonomy":"product_tag","embeddable":true,"href":"https:\/\/schuetz-dental.de\/en\/wp-json\/wp\/v2\/product_tag?post=164256"}],"curies":[{"name":"wp","href":"https:\/\/api.w.org\/{rel}","templated":true}]}}