{"id":164284,"date":"2026-04-15T03:15:48","date_gmt":"2026-04-15T01:15:48","guid":{"rendered":"https:\/\/webshop.schuetz-dental.org\/product\/t44-premium-torusfraeser-20mm-fuer-cocr-ti\/"},"modified":"2026-04-15T03:15:49","modified_gmt":"2026-04-15T01:15:49","slug":"t44-premium-torusfraeser-20mm-fuer-cocr-ti","status":"publish","type":"product","link":"https:\/\/schuetz-dental.de\/en\/produkt\/t44-premium-torusfraeser-20mm-fuer-cocr-ti\/","title":{"rendered":"T44 &#8211; Premium Torusfr\u00e4ser 2,0mm f\u00fcr CoCr\/Ti"},"content":{"rendered":"<p><strong>T44 &#8211;&nbsp;<\/strong>Torusfr\u00e4ser<\/p>\n<ul>\n<li><strong>Durchmesser&nbsp;&nbsp;<\/strong>&Oslash; 2,0 mm<\/li>\n<li><strong>Schneiden<\/strong>&nbsp; dreischneidig<\/li>\n<li><strong>Schaft<\/strong>&nbsp; &Oslash; 6 mm<\/li>\n<li><strong>Gesamtl\u00e4nge<\/strong>&nbsp; 45 mm<\/li>\n<li><strong>Blank-Werkstoff<\/strong>&nbsp; CoCr, Titan<\/li>\n<li><strong>Beschichtungsart<\/strong>&nbsp; beschichtet<\/li>\n<li><strong>F\u00fcr Fr\u00e4smaschinen<\/strong>&nbsp; Tizian 3.5 Serie (vorher Tizian Cut 5.2 Serie), Tizian Cut 5, CORiTEC 550i, CORiTEC 650i<\/li>\n<\/ul>\n","protected":false},"excerpt":{"rendered":"<p>Premium Torusfr\u00e4ser f\u00fcr Ihr Tizian Fr\u00e4ssystem<\/p>\n","protected":false},"featured_media":405616,"template":"","meta":{"_acf_changed":false,"_price":"94.5","_stock":"0.000000","_tribe_ticket_header":"","_tribe_default_ticket_provider":"","_tribe_ticket_capacity":"","_ticket_start_date":"","_ticket_end_date":"","_tribe_ticket_show_description":"","_tribe_ticket_show_not_going":false,"_tribe_ticket_use_global_stock":"","_tribe_ticket_global_stock_level":"","_global_stock_mode":"","_global_stock_cap":"","_tribe_rsvp_for_event":"","_tribe_ticket_going_count":"","_tribe_ticket_not_going_count":"","_tribe_tickets_list":"[]","_tribe_ticket_has_attendee_info_fields":false,"_tec_slr_enabled":"","_tec_slr_layout":""},"product_brand":[],"product_cat":[4541,4542,4750,4751],"product_tag":[],"class_list":{"0":"post-164284","1":"product","2":"type-product","3":"status-publish","4":"has-post-thumbnail","6":"product_cat-6-mm-spannzange","7":"product_cat-tizian-3-5-tizian-cut-5-2","8":"product_cat-coritec-550i","9":"product_cat-coritec-750i","11":"first","12":"instock","13":"product-type-simple"},"acf":[],"_links":{"self":[{"href":"https:\/\/schuetz-dental.de\/en\/wp-json\/wp\/v2\/product\/164284","targetHints":{"allow":["GET"]}}],"collection":[{"href":"https:\/\/schuetz-dental.de\/en\/wp-json\/wp\/v2\/product"}],"about":[{"href":"https:\/\/schuetz-dental.de\/en\/wp-json\/wp\/v2\/types\/product"}],"wp:featuredmedia":[{"embeddable":true,"href":"https:\/\/schuetz-dental.de\/en\/wp-json\/wp\/v2\/media\/405616"}],"wp:attachment":[{"href":"https:\/\/schuetz-dental.de\/en\/wp-json\/wp\/v2\/media?parent=164284"}],"wp:term":[{"taxonomy":"product_brand","embeddable":true,"href":"https:\/\/schuetz-dental.de\/en\/wp-json\/wp\/v2\/product_brand?post=164284"},{"taxonomy":"product_cat","embeddable":true,"href":"https:\/\/schuetz-dental.de\/en\/wp-json\/wp\/v2\/product_cat?post=164284"},{"taxonomy":"product_tag","embeddable":true,"href":"https:\/\/schuetz-dental.de\/en\/wp-json\/wp\/v2\/product_tag?post=164284"}],"curies":[{"name":"wp","href":"https:\/\/api.w.org\/{rel}","templated":true}]}}