{"id":164300,"date":"2026-04-07T03:14:56","date_gmt":"2026-04-07T01:14:56","guid":{"rendered":"https:\/\/webshop.schuetz-dental.org\/product\/t1-t6-premium-radiusfraeser-30mm-fuer-cocr-ti\/"},"modified":"2026-04-07T03:14:57","modified_gmt":"2026-04-07T01:14:57","slug":"t1-t6-premium-radiusfraeser-30mm-fuer-cocr-ti","status":"publish","type":"product","link":"https:\/\/schuetz-dental.de\/en\/produkt\/t1-t6-premium-radiusfraeser-30mm-fuer-cocr-ti\/","title":{"rendered":"T1\/T6 &#8211; Premium Radiusfr\u00e4ser 3,0mm f\u00fcr CoCr\/Ti"},"content":{"rendered":"<p><strong>T1\/T6<\/strong> Radiusfr\u00e4ser zweischneidig, Schneide\u00a0\u00d8 3,0 mm, Schaft \u00d8 6 mm, max. Blankh\u00f6he = 16 mm.\u00a0Ab einer Blankh\u00f6he von 16 mm empfehlen wir den T26 Art.-Nr. 523985<\/p>\n<ul>\n<li><strong>Bearbeitungsstufe:<\/strong>\u00a0grobes Vorschruppen<\/li>\n<li><strong>Blank-Werkstoff<\/strong>: CoCr, Titan<\/li>\n<li><strong>Beschichtungsart<\/strong>: beschichtet<\/li>\n<li><strong>Ringfarbe:<\/strong> gold<\/li>\n<li><strong>F\u00fcr Fr\u00e4smaschinen<\/strong>: Tizian Cut 5.2, Tizian Cut 5.2 plus, Tizian Cut 5.2 Pro,\u00a0Tizian Cut 5.2 Pro plus, CORiTEC 550i, CORiTEC 650i<\/li>\n<\/ul>\n","protected":false},"excerpt":{"rendered":"<p>T1\/T6 Verwenden Sie diese Fr\u00e4ser mit besonders widerstandsf\u00e4higer Beschichtung zum groben Vorschruppen.<\/p>\n","protected":false},"featured_media":391862,"template":"","meta":{"_acf_changed":false,"_price":"64","_stock":"0.000000","_tribe_ticket_header":"","_tribe_default_ticket_provider":"","_tribe_ticket_capacity":"","_ticket_start_date":"","_ticket_end_date":"","_tribe_ticket_show_description":"","_tribe_ticket_show_not_going":false,"_tribe_ticket_use_global_stock":"","_tribe_ticket_global_stock_level":"","_global_stock_mode":"","_global_stock_cap":"","_tribe_rsvp_for_event":"","_tribe_ticket_going_count":"","_tribe_ticket_not_going_count":"","_tribe_tickets_list":"[]","_tribe_ticket_has_attendee_info_fields":false,"_tec_slr_enabled":"","_tec_slr_layout":""},"product_brand":[],"product_cat":[4542],"product_tag":[],"class_list":{"0":"post-164300","1":"product","2":"type-product","3":"status-publish","4":"has-post-thumbnail","6":"product_cat-tizian-3-5-tizian-cut-5-2","8":"first","9":"instock","10":"product-type-simple"},"acf":[],"_links":{"self":[{"href":"https:\/\/schuetz-dental.de\/en\/wp-json\/wp\/v2\/product\/164300","targetHints":{"allow":["GET"]}}],"collection":[{"href":"https:\/\/schuetz-dental.de\/en\/wp-json\/wp\/v2\/product"}],"about":[{"href":"https:\/\/schuetz-dental.de\/en\/wp-json\/wp\/v2\/types\/product"}],"wp:featuredmedia":[{"embeddable":true,"href":"https:\/\/schuetz-dental.de\/en\/wp-json\/wp\/v2\/media\/391862"}],"wp:attachment":[{"href":"https:\/\/schuetz-dental.de\/en\/wp-json\/wp\/v2\/media?parent=164300"}],"wp:term":[{"taxonomy":"product_brand","embeddable":true,"href":"https:\/\/schuetz-dental.de\/en\/wp-json\/wp\/v2\/product_brand?post=164300"},{"taxonomy":"product_cat","embeddable":true,"href":"https:\/\/schuetz-dental.de\/en\/wp-json\/wp\/v2\/product_cat?post=164300"},{"taxonomy":"product_tag","embeddable":true,"href":"https:\/\/schuetz-dental.de\/en\/wp-json\/wp\/v2\/product_tag?post=164300"}],"curies":[{"name":"wp","href":"https:\/\/api.w.org\/{rel}","templated":true}]}}