{"id":164320,"date":"2026-04-17T03:20:37","date_gmt":"2026-04-17T01:20:37","guid":{"rendered":"https:\/\/webshop.schuetz-dental.org\/product\/t47-premium-rotierfraeser-15mm-fuer-cocr-titan\/"},"modified":"2026-04-17T03:20:38","modified_gmt":"2026-04-17T01:20:38","slug":"t47-premium-rotierfraeser-15mm-fuer-cocr-titan","status":"publish","type":"product","link":"https:\/\/schuetz-dental.de\/en\/produkt\/t47-premium-rotierfraeser-15mm-fuer-cocr-titan\/","title":{"rendered":"T47 &#8211; Premium Rotierfr\u00e4ser 1,5mm f\u00fcr CoCr\/Titan"},"content":{"rendered":"<p><strong>T47 &#8211; Torusfr\u00e4ser<\/strong><\/p>\n<ul>\n<li><strong>Durchmesser\u00a0<\/strong>\u00d8 1,5 mm<\/li>\n<li><strong>Schneiden<\/strong>\u00a0zehnschneidig<\/li>\n<li><strong>Schaft<\/strong>\u00a0\u00d8 6 mm<\/li>\n<li><strong>Gesamtl\u00e4nge<\/strong>\u00a045 mm<\/li>\n<li><strong>Blank-Werkstoff<\/strong>\u00a0 CoCr,\u00a0Titan<\/li>\n<li><strong>Beschichtungsart<\/strong>\u00a0beschichtet<\/li>\n<li><strong>F\u00fcr Fr\u00e4smaschinen<\/strong>\u00a0Tizian Cut 5.2 Pro, Tizian Cut 5.2 Pro Plus, Tizian Cut 5.2, Tizian Cut 5.2 plus, Tizian Cut 5, CORiTEC 550i, CORiTEC 650i<\/li>\n<\/ul>\n","protected":false},"excerpt":{"rendered":"<p>Premium Torusfr\u00e4ser f\u00fcr Ihr Tizian Fr\u00e4ssystem<\/p>\n","protected":false},"featured_media":411135,"template":"","meta":{"_acf_changed":false,"_price":"108.5","_stock":"0.000000","_tribe_ticket_header":"","_tribe_default_ticket_provider":"","_tribe_ticket_capacity":"","_ticket_start_date":"","_ticket_end_date":"","_tribe_ticket_show_description":"","_tribe_ticket_show_not_going":false,"_tribe_ticket_use_global_stock":"","_tribe_ticket_global_stock_level":"","_global_stock_mode":"","_global_stock_cap":"","_tribe_rsvp_for_event":"","_tribe_ticket_going_count":"","_tribe_ticket_not_going_count":"","_tribe_tickets_list":"[]","_tribe_ticket_has_attendee_info_fields":false,"_tec_slr_enabled":"","_tec_slr_layout":""},"product_brand":[],"product_cat":[4542],"product_tag":[],"class_list":{"0":"post-164320","1":"product","2":"type-product","3":"status-publish","4":"has-post-thumbnail","6":"product_cat-tizian-3-5-tizian-cut-5-2","8":"first","9":"instock","10":"product-type-simple"},"acf":[],"_links":{"self":[{"href":"https:\/\/schuetz-dental.de\/en\/wp-json\/wp\/v2\/product\/164320","targetHints":{"allow":["GET"]}}],"collection":[{"href":"https:\/\/schuetz-dental.de\/en\/wp-json\/wp\/v2\/product"}],"about":[{"href":"https:\/\/schuetz-dental.de\/en\/wp-json\/wp\/v2\/types\/product"}],"wp:featuredmedia":[{"embeddable":true,"href":"https:\/\/schuetz-dental.de\/en\/wp-json\/wp\/v2\/media\/411135"}],"wp:attachment":[{"href":"https:\/\/schuetz-dental.de\/en\/wp-json\/wp\/v2\/media?parent=164320"}],"wp:term":[{"taxonomy":"product_brand","embeddable":true,"href":"https:\/\/schuetz-dental.de\/en\/wp-json\/wp\/v2\/product_brand?post=164320"},{"taxonomy":"product_cat","embeddable":true,"href":"https:\/\/schuetz-dental.de\/en\/wp-json\/wp\/v2\/product_cat?post=164320"},{"taxonomy":"product_tag","embeddable":true,"href":"https:\/\/schuetz-dental.de\/en\/wp-json\/wp\/v2\/product_tag?post=164320"}],"curies":[{"name":"wp","href":"https:\/\/api.w.org\/{rel}","templated":true}]}}