{"id":164344,"date":"2026-05-13T03:19:54","date_gmt":"2026-05-13T01:19:54","guid":{"rendered":"https:\/\/webshop.schuetz-dental.org\/product\/t54-premium-torusfraeser-fs12-20-mm-fuer-cocr-ti-tizian-1-5-fuer-3mm-spannzange\/"},"modified":"2026-05-13T03:19:55","modified_gmt":"2026-05-13T01:19:55","slug":"t54-premium-torusfraeser-fs12-20-mm-fuer-cocr-ti-tizian-1-5-fuer-3mm-spannzange","status":"publish","type":"product","link":"https:\/\/schuetz-dental.de\/en\/produkt\/t54-premium-torusfraeser-fs12-20-mm-fuer-cocr-ti-tizian-1-5-fuer-3mm-spannzange\/","title":{"rendered":"T54 &#8211; Premium Torusfr\u00e4ser FS12 2,0 mm f\u00fcr CoCr\/Ti, Tizian 1.5 f\u00fcr 3mm Spannzange"},"content":{"rendered":"<p><strong>Torusfr\u00e4ser<\/strong><\/p>\n<p><strong>Durchmesser:<\/strong> \u00d8 2,0 mm<br \/><strong>Schneiden:<\/strong> dreischneidig<br \/><strong>Schaft:<\/strong> \u00d8 3 mm<br \/><strong>Gesamtl\u00e4nge:<\/strong> 38 mm<br \/><strong>Blank-Werkstoff:<\/strong> CoCr, Titan<br \/><strong>Beschichtungsart:<\/strong> beschichtet<br \/><strong><\/p>\n","protected":false},"excerpt":{"rendered":"<p>Premium Torusfr\u00e4ser f\u00fcr Ihr Tizian Fr\u00e4ssystem.<\/p>\n","protected":false},"featured_media":449826,"template":"","meta":{"_acf_changed":false,"_price":"52.1","_stock":"0.000000","_tribe_ticket_header":"","_tribe_default_ticket_provider":"","_tribe_ticket_capacity":"","_ticket_start_date":"","_ticket_end_date":"","_tribe_ticket_show_description":"","_tribe_ticket_show_not_going":false,"_tribe_ticket_use_global_stock":"","_tribe_ticket_global_stock_level":"","_global_stock_mode":"","_global_stock_cap":"","_tribe_rsvp_for_event":"","_tribe_ticket_going_count":"","_tribe_ticket_not_going_count":"","_tribe_tickets_list":"[]","_tribe_ticket_has_attendee_info_fields":false,"_tec_slr_enabled":"","_tec_slr_layout":""},"product_brand":[],"product_cat":[4547],"product_tag":[],"class_list":{"0":"post-164344","1":"product","2":"type-product","3":"status-publish","4":"has-post-thumbnail","6":"product_cat-tizian-1-5-tizian-2-5","8":"first","9":"instock","10":"product-type-simple"},"acf":[],"_links":{"self":[{"href":"https:\/\/schuetz-dental.de\/en\/wp-json\/wp\/v2\/product\/164344","targetHints":{"allow":["GET"]}}],"collection":[{"href":"https:\/\/schuetz-dental.de\/en\/wp-json\/wp\/v2\/product"}],"about":[{"href":"https:\/\/schuetz-dental.de\/en\/wp-json\/wp\/v2\/types\/product"}],"wp:featuredmedia":[{"embeddable":true,"href":"https:\/\/schuetz-dental.de\/en\/wp-json\/wp\/v2\/media\/449826"}],"wp:attachment":[{"href":"https:\/\/schuetz-dental.de\/en\/wp-json\/wp\/v2\/media?parent=164344"}],"wp:term":[{"taxonomy":"product_brand","embeddable":true,"href":"https:\/\/schuetz-dental.de\/en\/wp-json\/wp\/v2\/product_brand?post=164344"},{"taxonomy":"product_cat","embeddable":true,"href":"https:\/\/schuetz-dental.de\/en\/wp-json\/wp\/v2\/product_cat?post=164344"},{"taxonomy":"product_tag","embeddable":true,"href":"https:\/\/schuetz-dental.de\/en\/wp-json\/wp\/v2\/product_tag?post=164344"}],"curies":[{"name":"wp","href":"https:\/\/api.w.org\/{rel}","templated":true}]}}