{"id":164348,"date":"2026-04-17T03:20:42","date_gmt":"2026-04-17T01:20:42","guid":{"rendered":"https:\/\/webshop.schuetz-dental.org\/product\/tizian-5-5-loader-fraesmaschine\/"},"modified":"2026-04-17T03:20:43","modified_gmt":"2026-04-17T01:20:43","slug":"tizian-5-5-loader-fraesmaschine","status":"publish","type":"product","link":"https:\/\/schuetz-dental.de\/en\/produkt\/tizian-5-5-loader-fraesmaschine\/","title":{"rendered":"Tizian 5.5 Loader Fr\u00e4smaschine"},"content":{"rendered":"<p>&#8220;<\/p>\n<p>High Tech \u2013 High Speed: Das ultimative Kraftpaket<\/p>\n<p>Universell einsetzbar, optimiert f\u00fcr NEM<\/p>\n<p>Die Tizian 5.5 Loader 5-Achs-Fr\u00e4smaschine bietet Ihnen durch ihr optimiertes Geh\u00e4use und ihre optimierte Technik eine Menge Vorteile. Sie erschlie\u00dft ein v\u00f6llig neues Maschinensegment.<\/p>\n<p>Eine komplett neue Generation von Fr\u00e4sern in Verbindung mit der enormen Kraft und der Verzugsfestigkeit der Tizian 5.5 Loader erlauben unglaubliche Fr\u00e4sgeschwindigkeiten mit h\u00f6chster Pr\u00e4zision. Das verbesserte und vergr\u00f6\u00dferte 15,6&#8243;&#8221; Touch-Display in Full-HD Qualit\u00e4t rundet das neue optimierte Erscheinungsbild der Tizian 5.5 Loader ab. Die High-Power HF-Spindel mit Hochleistungs-Umrichter sorgt f\u00fcr eine Dauerleistung von 3.000 Wund eine Maximalleistung von 3.850 Watt. Die neue, industrielle Steuerungseinheit mit modernem Realtime-EtherCAT-Bus f\u00fchrt zu einer besseren Oberfl\u00e4chenqualit\u00e4t, Pr\u00e4zision und vor allem zu maximaler Geschwindigkeit.<br \/>Wo gehobelt wird, da fallen Sp\u00e4ne \u2013 und das nicht gerade wenig. Aus diesem Grund wurde die Absaugf\u00fchrung innerhalb der Z-Achse mit einer breiteren D\u00fcsenergometrie versehen. Dadurch erh\u00f6ht sich der Querschnitt um 30 %. Das f\u00fchrt zu einer besseren Absaugleistung. Der Ablauf in der Nasszelle wurde auf 100 mm vergr\u00f6\u00dfert, um den KSS-Ablauf zu verbessern. Die verbesserte Oberfl\u00e4chenbeschichtung und Ausformung reduziert Schmutzansammlungen und vereinfacht die Reinigung.<\/p>\n<p>\u00a0<\/p>\n<p><strong>Technische Highlights<\/strong><\/p>\n<ul>\n<li>High Power HF Spindel mit 3,6 KW f\u00fcr maximale Leistung<\/li>\n<li>Spindelkopf mit 4 Wasserd\u00fcsen f\u00fcr optimale K\u00fchlung<\/li>\n<li>Extra starke Servomotoren mit je 400 Watt<\/li>\n<li>Neues, verst\u00e4rktes Nullspannsystem, reduziert Schwingungen<\/li>\n<li>Komplett wechselbare 20-fach Werkzeugbank<\/li>\n<li>Loader mit 15 Blank-Halterpositionen<\/li>\n<\/ul>\n<p>\u00a0<\/p>\n<p>Alle verwendeten Bauteile und Komponenten erf\u00fcllen folgende Ziele:<\/p>\n<ul>\n<li>Geschwindigkeit<\/li>\n<li>Pr\u00e4zision<\/li>\n<li>Komfortable, sichere Bedienung<\/li>\n<li>Zukunftsbest\u00e4ndigkeit<\/li>\n<\/ul>\n<p><strong>Fr\u00e4sbare Materialien:<\/strong><\/p>\n<ul>\n<li>NEM<\/li>\n<li>Titan<\/li>\n<li>Zirkondioxid<\/li>\n<li>Aluminiumoxid<\/li>\n<li>PMMA<\/li>\n<li>Kunststoffe<\/li>\n<li>PEEK<\/li>\n<li>Komposite<\/li>\n<li>Wachs<\/li>\n<li>Glaskeramik \/ Hybridkeramik<\/li>\n<li>Sintermetall<\/li>\n<\/ul>\n<p>&#8220;<\/p>\n","protected":false},"excerpt":{"rendered":"<p>High Tech \u2013 High Speed: Das ultimative Kraftpaket<\/p>\n","protected":false},"featured_media":411156,"template":"","meta":{"_acf_changed":false,"_price":"98000","_stock":"0.000000","_tribe_ticket_header":"","_tribe_default_ticket_provider":"","_tribe_ticket_capacity":"","_ticket_start_date":"","_ticket_end_date":"","_tribe_ticket_show_description":"","_tribe_ticket_show_not_going":false,"_tribe_ticket_use_global_stock":"","_tribe_ticket_global_stock_level":"","_global_stock_mode":"","_global_stock_cap":"","_tribe_rsvp_for_event":"","_tribe_ticket_going_count":"","_tribe_ticket_not_going_count":"","_tribe_tickets_list":"[]","_tribe_ticket_has_attendee_info_fields":false,"_tec_slr_enabled":"","_tec_slr_layout":""},"product_brand":[],"product_cat":[4722],"product_tag":[],"class_list":{"0":"post-164348","1":"product","2":"type-product","3":"status-publish","4":"has-post-thumbnail","6":"product_cat-tizian-5-5","8":"first","9":"instock","10":"product-type-simple"},"acf":[],"_links":{"self":[{"href":"https:\/\/schuetz-dental.de\/en\/wp-json\/wp\/v2\/product\/164348","targetHints":{"allow":["GET"]}}],"collection":[{"href":"https:\/\/schuetz-dental.de\/en\/wp-json\/wp\/v2\/product"}],"about":[{"href":"https:\/\/schuetz-dental.de\/en\/wp-json\/wp\/v2\/types\/product"}],"wp:featuredmedia":[{"embeddable":true,"href":"https:\/\/schuetz-dental.de\/en\/wp-json\/wp\/v2\/media\/411156"}],"wp:attachment":[{"href":"https:\/\/schuetz-dental.de\/en\/wp-json\/wp\/v2\/media?parent=164348"}],"wp:term":[{"taxonomy":"product_brand","embeddable":true,"href":"https:\/\/schuetz-dental.de\/en\/wp-json\/wp\/v2\/product_brand?post=164348"},{"taxonomy":"product_cat","embeddable":true,"href":"https:\/\/schuetz-dental.de\/en\/wp-json\/wp\/v2\/product_cat?post=164348"},{"taxonomy":"product_tag","embeddable":true,"href":"https:\/\/schuetz-dental.de\/en\/wp-json\/wp\/v2\/product_tag?post=164348"}],"curies":[{"name":"wp","href":"https:\/\/api.w.org\/{rel}","templated":true}]}}