{"id":164352,"date":"2026-04-15T03:15:59","date_gmt":"2026-04-15T01:15:59","guid":{"rendered":"https:\/\/webshop.schuetz-dental.org\/product\/tizian-3-5-loader-x-pro-fraesmaschine-inkl-30-kw-hochfrequenz-spindel-4-edelstahl-blankhaltern\/"},"modified":"2026-04-15T03:16:00","modified_gmt":"2026-04-15T01:16:00","slug":"coritec-350i-loader-xpro-tizian-3-5-loader-x-pro-fraesmaschine","status":"publish","type":"product","link":"https:\/\/schuetz-dental.de\/en\/produkt\/coritec-350i-loader-xpro-tizian-3-5-loader-x-pro-fraesmaschine\/","title":{"rendered":"CORITEC 350i Loader XPRO (Tizian 3.5 Loader X Pro) Fr\u00e4smaschine"},"content":{"rendered":"<p>&#8220;<\/p>\n<p>Die CORITEC\u00ae 350i (Tizian 3.5) Serie ist gewachsen:<br \/>Tizian 3.5 XPro und Tizian 3.5 Loader XPro<br \/>Optimierung in allen Bereichen<\/p>\n<p><strong>XPro Gutes wird noch besser<\/strong><br \/>Die Familie der CORITEC\u00ae 350i (Tizian 3.5)-Serie hat Zuwachs bekommen. Die neue, verbesserte xPro und Loader XPro wurde mit einer neuen 3 kW Spindel ausgestattet, die f\u00fcr eine Dauerleistung von 3.000 Watt sorgt. Auch die NC-Achsen wurden \u00fcberarbeitet und erhielten neue Antriebe, die zu einer verbesserten Pr\u00e4zision und Leistung in den Linearachsen f\u00fchren. Auch die \u00e4u\u00dfere Erscheinung wurde \u00fcberarbeitet. Die XPro und die Loader XPro haben nun eine Design-LED Sockelleiste mit Statusanzeige und eine Ger\u00e4tefu\u00dfabdeckung.<\/p>\n<p><strong>Loader XPro Produktion 24\/7<\/strong><br \/>Bei der Loader XPro wurde die Kapazit\u00e4t der Werkst\u00fcckhalter von 12 auf maximal 15 Werkst\u00fcckhalter erh\u00f6ht. Auch die Reinungung und K\u00fchlung bekam ein Update. So ist die XPro und die Loader XPro nun mit einer ge\u00e4nderte Absaugf\u00fchrung und einer optimierten D\u00fcsenergometrie ausgestattet. Die verbesserte Oberfl\u00e4chenbeschichtung und die ge\u00e4nderte Ausformung der Nasszelle f\u00fchrt zu einer Reduktion von Schmutzansammlungen. Der ge\u00e4nderte K\u00fchlmittelkreislauf und die sechs D\u00fcsen am Fr\u00e4skopf sorgen f\u00fcr einen &#8220;&#8221;k\u00fchlen Kopf&#8221;&#8221;, bzw. zu einer l\u00e4ngeren Standzeit der Werkzeuge.<\/p>\n<p>&#8220;<\/p>\n","protected":false},"excerpt":{"rendered":"<p>Die CORITEC\u00ae 350i (Tizian 3.5) Serie ist gewachsen &#8211; Optimierung in allen Bereichen<\/p>\n","protected":false},"featured_media":405668,"template":"","meta":{"_acf_changed":false,"_price":"79950","_stock":"0.000000","_tribe_ticket_header":"","_tribe_default_ticket_provider":"","_tribe_ticket_capacity":"","_ticket_start_date":"","_ticket_end_date":"","_tribe_ticket_show_description":"","_tribe_ticket_show_not_going":false,"_tribe_ticket_use_global_stock":"","_tribe_ticket_global_stock_level":"","_global_stock_mode":"","_global_stock_cap":"","_tribe_rsvp_for_event":"","_tribe_ticket_going_count":"","_tribe_ticket_not_going_count":"","_tribe_tickets_list":"[]","_tribe_ticket_has_attendee_info_fields":false,"_tec_slr_enabled":"","_tec_slr_layout":""},"product_brand":[],"product_cat":[4535],"product_tag":[],"class_list":{"0":"post-164352","1":"product","2":"type-product","3":"status-publish","4":"has-post-thumbnail","6":"product_cat-tizian-3-5-serie-tizian-cut-5-2-serie","8":"first","9":"instock","10":"product-type-simple"},"acf":[],"_links":{"self":[{"href":"https:\/\/schuetz-dental.de\/en\/wp-json\/wp\/v2\/product\/164352","targetHints":{"allow":["GET"]}}],"collection":[{"href":"https:\/\/schuetz-dental.de\/en\/wp-json\/wp\/v2\/product"}],"about":[{"href":"https:\/\/schuetz-dental.de\/en\/wp-json\/wp\/v2\/types\/product"}],"wp:featuredmedia":[{"embeddable":true,"href":"https:\/\/schuetz-dental.de\/en\/wp-json\/wp\/v2\/media\/405668"}],"wp:attachment":[{"href":"https:\/\/schuetz-dental.de\/en\/wp-json\/wp\/v2\/media?parent=164352"}],"wp:term":[{"taxonomy":"product_brand","embeddable":true,"href":"https:\/\/schuetz-dental.de\/en\/wp-json\/wp\/v2\/product_brand?post=164352"},{"taxonomy":"product_cat","embeddable":true,"href":"https:\/\/schuetz-dental.de\/en\/wp-json\/wp\/v2\/product_cat?post=164352"},{"taxonomy":"product_tag","embeddable":true,"href":"https:\/\/schuetz-dental.de\/en\/wp-json\/wp\/v2\/product_tag?post=164352"}],"curies":[{"name":"wp","href":"https:\/\/api.w.org\/{rel}","templated":true}]}}