{"id":164356,"date":"2026-05-12T03:19:10","date_gmt":"2026-05-12T01:19:10","guid":{"rendered":"https:\/\/webshop.schuetz-dental.org\/product\/maxi-dental-poliergeraet\/"},"modified":"2026-05-12T03:19:11","modified_gmt":"2026-05-12T01:19:11","slug":"maxi-dental-poliergeraet","status":"publish","type":"product","link":"https:\/\/schuetz-dental.de\/en\/produkt\/maxi-dental-poliergeraet\/","title":{"rendered":"Maxi-Dental, Polierger\u00e4t"},"content":{"rendered":"<p><strong>SCHIENEN FR\u00c4SEN &#8230; UND FERTIG<\/strong><\/p>\n<p>Perfekte Oberfl\u00e4chen in konstanter Qualit\u00e4t<\/p>\n<ul>\n<li>Bis zu 10 Schienen\/Prozess<\/li>\n<li>Eine Maschine f\u00fcr 2 Indikationen<\/li>\n<li>Einfache Bedienung<\/li>\n<\/ul>\n<p>\u00dcberzeugend: wirtschaftlich und leistungsstark<\/p>\n<p>Mit der ECO-Maxi k\u00f6nnen bis zu 3 manuelle Arbeitsschritte in einer Maschine dargestellt werden \u2013 Vorschleifen, Feinschleifen und Polieren. Die Nachbearbeitung wird automatisiert und ein perfektes Finish garantiert. Es ist kein h\u00e4ndisches Zutun mehr n\u00f6tig.<\/p>\n<p>Die ECO-Maxi ist ideal geeignet, um bis zu 10 Schienen pro Prozess und bis zu 50 Schienen pro Tag zu bearbeiten.<\/p>\n","protected":false},"excerpt":{"rendered":"<p>Schienen fr\u00e4sen und fertig &#8211; Perfekte Oberfl\u00e4chen in konstanter Qualit\u00e4t<\/p>\n","protected":false},"featured_media":447081,"template":"","meta":{"_acf_changed":false,"_price":"5450","_stock":"0.000000","_tribe_ticket_header":"","_tribe_default_ticket_provider":"","_tribe_ticket_capacity":"","_ticket_start_date":"","_ticket_end_date":"","_tribe_ticket_show_description":"","_tribe_ticket_show_not_going":false,"_tribe_ticket_use_global_stock":"","_tribe_ticket_global_stock_level":"","_global_stock_mode":"","_global_stock_cap":"","_tribe_rsvp_for_event":"","_tribe_ticket_going_count":"","_tribe_ticket_not_going_count":"","_tribe_tickets_list":"[]","_tribe_ticket_has_attendee_info_fields":false,"_tec_slr_enabled":"","_tec_slr_layout":""},"product_brand":[],"product_cat":[4546],"product_tag":[],"class_list":{"0":"post-164356","1":"product","2":"type-product","3":"status-publish","4":"has-post-thumbnail","6":"product_cat-poliergeraet","8":"first","9":"instock","10":"product-type-simple"},"acf":[],"_links":{"self":[{"href":"https:\/\/schuetz-dental.de\/en\/wp-json\/wp\/v2\/product\/164356","targetHints":{"allow":["GET"]}}],"collection":[{"href":"https:\/\/schuetz-dental.de\/en\/wp-json\/wp\/v2\/product"}],"about":[{"href":"https:\/\/schuetz-dental.de\/en\/wp-json\/wp\/v2\/types\/product"}],"wp:featuredmedia":[{"embeddable":true,"href":"https:\/\/schuetz-dental.de\/en\/wp-json\/wp\/v2\/media\/447081"}],"wp:attachment":[{"href":"https:\/\/schuetz-dental.de\/en\/wp-json\/wp\/v2\/media?parent=164356"}],"wp:term":[{"taxonomy":"product_brand","embeddable":true,"href":"https:\/\/schuetz-dental.de\/en\/wp-json\/wp\/v2\/product_brand?post=164356"},{"taxonomy":"product_cat","embeddable":true,"href":"https:\/\/schuetz-dental.de\/en\/wp-json\/wp\/v2\/product_cat?post=164356"},{"taxonomy":"product_tag","embeddable":true,"href":"https:\/\/schuetz-dental.de\/en\/wp-json\/wp\/v2\/product_tag?post=164356"}],"curies":[{"name":"wp","href":"https:\/\/api.w.org\/{rel}","templated":true}]}}