{"id":164366,"date":"2026-04-22T03:20:20","date_gmt":"2026-04-22T01:20:20","guid":{"rendered":"https:\/\/webshop.schuetz-dental.org\/product\/deckel-fuer-arbeitsbehaelter-fuer-maxi-dental\/"},"modified":"2026-04-22T03:20:21","modified_gmt":"2026-04-22T01:20:21","slug":"deckel-fuer-arbeitsbehaelter-fuer-maxi-dental","status":"publish","type":"product","link":"https:\/\/schuetz-dental.de\/en\/produkt\/deckel-fuer-arbeitsbehaelter-fuer-maxi-dental\/","title":{"rendered":"Deckel f\u00fcr Arbeitsbeh\u00e4lter, f\u00fcr Maxi-Dental"},"content":{"rendered":"<p>Deckel f\u00fcr den Arbeitsbeh\u00e4lter Ihres Maxi-Dental Polierger\u00e4tes<\/p>\n","protected":false},"excerpt":{"rendered":"<p>Deckel f\u00fcr den Arbeitsbeh\u00e4lter Ihres Maxi-Dental Polierger\u00e4tes<\/p>\n","protected":false},"featured_media":416687,"template":"","meta":{"_acf_changed":false,"_price":"57.2","_stock":"0.000000","_tribe_ticket_header":"","_tribe_default_ticket_provider":"","_tribe_ticket_capacity":"","_ticket_start_date":"","_ticket_end_date":"","_tribe_ticket_show_description":"","_tribe_ticket_show_not_going":false,"_tribe_ticket_use_global_stock":"","_tribe_ticket_global_stock_level":"","_global_stock_mode":"","_global_stock_cap":"","_tribe_rsvp_for_event":"","_tribe_ticket_going_count":"","_tribe_ticket_not_going_count":"","_tribe_tickets_list":"[]","_tribe_ticket_has_attendee_info_fields":false,"_tec_slr_enabled":"","_tec_slr_layout":""},"product_brand":[],"product_cat":[4546],"product_tag":[],"class_list":{"0":"post-164366","1":"product","2":"type-product","3":"status-publish","4":"has-post-thumbnail","6":"product_cat-poliergeraet","8":"first","9":"instock","10":"product-type-simple"},"acf":[],"_links":{"self":[{"href":"https:\/\/schuetz-dental.de\/en\/wp-json\/wp\/v2\/product\/164366","targetHints":{"allow":["GET"]}}],"collection":[{"href":"https:\/\/schuetz-dental.de\/en\/wp-json\/wp\/v2\/product"}],"about":[{"href":"https:\/\/schuetz-dental.de\/en\/wp-json\/wp\/v2\/types\/product"}],"wp:featuredmedia":[{"embeddable":true,"href":"https:\/\/schuetz-dental.de\/en\/wp-json\/wp\/v2\/media\/416687"}],"wp:attachment":[{"href":"https:\/\/schuetz-dental.de\/en\/wp-json\/wp\/v2\/media?parent=164366"}],"wp:term":[{"taxonomy":"product_brand","embeddable":true,"href":"https:\/\/schuetz-dental.de\/en\/wp-json\/wp\/v2\/product_brand?post=164366"},{"taxonomy":"product_cat","embeddable":true,"href":"https:\/\/schuetz-dental.de\/en\/wp-json\/wp\/v2\/product_cat?post=164366"},{"taxonomy":"product_tag","embeddable":true,"href":"https:\/\/schuetz-dental.de\/en\/wp-json\/wp\/v2\/product_tag?post=164366"}],"curies":[{"name":"wp","href":"https:\/\/api.w.org\/{rel}","templated":true}]}}