{"id":164370,"date":"2026-04-03T03:14:45","date_gmt":"2026-04-03T01:14:45","guid":{"rendered":"https:\/\/webshop.schuetz-dental.org\/product\/zsp-4-5-porzellanpolierkoerper-5-kg-eimer-fuer-maxi-dental\/"},"modified":"2026-04-03T03:14:46","modified_gmt":"2026-04-03T01:14:46","slug":"zsp-4-5-porzellanpolierkoerper-5-kg-eimer-fuer-maxi-dental","status":"publish","type":"product","link":"https:\/\/schuetz-dental.de\/en\/produkt\/zsp-4-5-porzellanpolierkoerper-5-kg-eimer-fuer-maxi-dental\/","title":{"rendered":"ZSP 4\/5 Porzellanpolierk\u00f6rper 5 kg Eimer, f\u00fcr Maxi-Dental"},"content":{"rendered":"<p>ZSP 4\/5 Porzellanpolierk\u00f6rper 5 kg Eimer f\u00fcr Ihr Maxi-Dental Polierger\u00e4t.<\/p>\n","protected":false},"excerpt":{"rendered":"<p>ZSP 4\/5 Porzellanpolierk\u00f6rper 5 kg Eimer f\u00fcr Ihr Maxi-Dental System<\/p>\n","protected":false},"featured_media":389187,"template":"","meta":{"_acf_changed":false,"_price":"94.5","_stock":"0.000000","_tribe_ticket_header":"","_tribe_default_ticket_provider":"","_tribe_ticket_capacity":"","_ticket_start_date":"","_ticket_end_date":"","_tribe_ticket_show_description":"","_tribe_ticket_show_not_going":false,"_tribe_ticket_use_global_stock":"","_tribe_ticket_global_stock_level":"","_global_stock_mode":"","_global_stock_cap":"","_tribe_rsvp_for_event":"","_tribe_ticket_going_count":"","_tribe_ticket_not_going_count":"","_tribe_tickets_list":"[]","_tribe_ticket_has_attendee_info_fields":false,"_tec_slr_enabled":"","_tec_slr_layout":""},"product_brand":[],"product_cat":[4546],"product_tag":[],"class_list":{"0":"post-164370","1":"product","2":"type-product","3":"status-publish","4":"has-post-thumbnail","6":"product_cat-poliergeraet","8":"first","9":"instock","10":"product-type-simple"},"acf":[],"_links":{"self":[{"href":"https:\/\/schuetz-dental.de\/en\/wp-json\/wp\/v2\/product\/164370","targetHints":{"allow":["GET"]}}],"collection":[{"href":"https:\/\/schuetz-dental.de\/en\/wp-json\/wp\/v2\/product"}],"about":[{"href":"https:\/\/schuetz-dental.de\/en\/wp-json\/wp\/v2\/types\/product"}],"wp:featuredmedia":[{"embeddable":true,"href":"https:\/\/schuetz-dental.de\/en\/wp-json\/wp\/v2\/media\/389187"}],"wp:attachment":[{"href":"https:\/\/schuetz-dental.de\/en\/wp-json\/wp\/v2\/media?parent=164370"}],"wp:term":[{"taxonomy":"product_brand","embeddable":true,"href":"https:\/\/schuetz-dental.de\/en\/wp-json\/wp\/v2\/product_brand?post=164370"},{"taxonomy":"product_cat","embeddable":true,"href":"https:\/\/schuetz-dental.de\/en\/wp-json\/wp\/v2\/product_cat?post=164370"},{"taxonomy":"product_tag","embeddable":true,"href":"https:\/\/schuetz-dental.de\/en\/wp-json\/wp\/v2\/product_tag?post=164370"}],"curies":[{"name":"wp","href":"https:\/\/api.w.org\/{rel}","templated":true}]}}