{"id":164380,"date":"2026-05-12T03:19:13","date_gmt":"2026-05-12T01:19:13","guid":{"rendered":"https:\/\/webshop.schuetz-dental.org\/product\/tizian-3-5-loader-pro-fraesmaschine-inkl-26-kw-hochfrequenz-spindel-8-edelstahl-blankhaltern\/"},"modified":"2026-05-12T03:19:14","modified_gmt":"2026-05-12T01:19:14","slug":"tizian-3-5-loader-pro-fraesmaschine-inkl-26-kw-hochfrequenz-spindel-4-edelstahl-blankhaltern","status":"publish","type":"product","link":"https:\/\/schuetz-dental.de\/en\/produkt\/tizian-3-5-loader-pro-fraesmaschine-inkl-26-kw-hochfrequenz-spindel-4-edelstahl-blankhaltern\/","title":{"rendered":"Tizian 3.5 Loader Pro+ Fr\u00e4smaschine, inkl. 2,6 kw Hochfrequenz-Spindel, 4 Edelstahl Blankhaltern"},"content":{"rendered":"<p><strong>Die Pro-Serie f\u00fcr h\u00f6chste Anspr\u00fcche<\/strong><\/p>\n<p>Entwickelt f\u00fcr die modernen Anforderungen der CAD\/CAM-Bearbeitung. Profitieren Sie von extrem hoher Stabilit\u00e4t und einer vibrationsarmen Bearbeitung durch das neue einteilige Maschinenger\u00fcst aus Polymerbeton. Die hochaufl\u00f6senden, dynamischen Servomotoren mit absoluten Mess-Systemen erm\u00f6glichen Ihnen zudem eine um bis zu 20 % schnellere Bearbeitung bei optimaler Pr\u00e4zision.<\/p>\n<p><strong>CORITEC 350 Loader Pro+ (Tizian 3.5 Loader Pro+)<\/strong>\u00a0\u2013 Die professionelle L\u00f6sung:<\/p>\n<p>Das integrierte Nullpunktspannsystem erlaubt den Einsatz verschiedenster Adaptersysteme wie Glaskeramikadapter oder verschiedene Premilled-Systeme. Durch den Einsatz des neuartigen offenen Blankhalters k\u00f6nnen Sie Restaurationen mit bis zu 90 Grad Anstellwinkel bearbeiten. Die CORITEC 350 Loader Pro+ (Tizian 3.5 Loader Pro+) mit vollautomatisiertem Blankmagazin erm\u00f6glicht zudem die vielseitige Bearbeitung von bis zu 12 Rohlingen im mannlosen Betrieb.<\/p>\n<p><strong>Ihre Vorteile:<\/strong><\/p>\n<ul>\n<li>Revolution\u00e4rer Basisaufbau aus Polymerbeton f\u00fcr eine h\u00f6here Steifigkeit und somit genauere Fr\u00e4sergebnisse<\/li>\n<li>5-Achs-Simultanbearbeitung<\/li>\n<li>Absolute Mess-Systeme in allen Achsen<\/li>\n<li>Nass- und Trockenbearbeitung<\/li>\n<li>Bearbeitung aller wesentlichen Werkstoffe der Dentalbranche inkl. Metallbearbeitung<\/li>\n<li>Achs-Anstellwinkel bis +\/-30 Grad<\/li>\n<li>20-fach Werkzeugwechsler, abgedeckt<\/li>\n<li>Stirnseitige Bearbeitung des Werkst\u00fccks m\u00f6glich (B-Achse in 90 Grad-Stellung)<\/li>\n<li>J\u00e4ger HF-Spindel mit bis zu 60.000 U\/min<\/li>\n<li>Rohlingsmagazin mit bis zu 12 Rohlingen verschiedener Werkstoffe<\/li>\n<\/ul>\n<p><strong>Technische Daten:<\/strong><\/p>\n<ul>\n<li>5-Achs-Simultanbearbeitung<\/li>\n<li>Automatisierter Werkzeugwechsler mit optional 20 Pl\u00e4tzen<\/li>\n<li>Hochfrequenzspindel, max. Abgabeleistung 240 V, 2,6 kW bei 60.000 U\/Min., 6,5 bar, 100 l\/min.<\/li>\n<li>Integrierte Nass-Schleiffunktion<\/li>\n<li>PC und Touchscreen integriert<\/li>\n<li>B\/T\/H ca. 1058 x 789 x 847 mm<\/li>\n<li>Gewicht ca. 250 kg<\/li>\n<\/ul>\n<p><strong>Fr\u00e4sbare Materialien:<\/strong><\/p>\n<ul>\n<li>Titan<\/li>\n<li>NEM<\/li>\n<li>Zirkondioxid<\/li>\n<li>PMMA Kunststoffe f\u00fcr Provisorien und Schienen<\/li>\n<li>Wachse<\/li>\n<li>Komposit und Zirkondioxid verst\u00e4rktes Komposit<\/li>\n<li>PEEK Kunststoffe<\/li>\n<li>Acetal Kunststoffe<\/li>\n<li>Polycarbonat<\/li>\n<li>Zus\u00e4tzlich mit speziellem Blankhalter: Glaskeramiken und Lithium-Disilikat**<\/li>\n<li>Vorgefertigte\u00a0Abutments**\n<p>**Sonderzubeh\u00f6r<\/p>\n<\/li>\n<\/ul>\n","protected":false},"excerpt":{"rendered":"<p>Die Pro-Serie f\u00fcr h\u00f6chste Anspr\u00fcche<\/p>\n","protected":false},"featured_media":447102,"template":"","meta":{"_acf_changed":false,"_price":"69450","_stock":"0.000000","_tribe_ticket_header":"","_tribe_default_ticket_provider":"","_tribe_ticket_capacity":"","_ticket_start_date":"","_ticket_end_date":"","_tribe_ticket_show_description":"","_tribe_ticket_show_not_going":false,"_tribe_ticket_use_global_stock":"","_tribe_ticket_global_stock_level":"","_global_stock_mode":"","_global_stock_cap":"","_tribe_rsvp_for_event":"","_tribe_ticket_going_count":"","_tribe_ticket_not_going_count":"","_tribe_tickets_list":"[]","_tribe_ticket_has_attendee_info_fields":false,"_tec_slr_enabled":"","_tec_slr_layout":""},"product_brand":[],"product_cat":[4535],"product_tag":[4936,4932,4933,2612,2154,2155,4931,4929,4930,4926,4925,4924,4934,4927,2213,4937,2214,4928],"class_list":{"0":"post-164380","1":"product","2":"type-product","3":"status-publish","4":"has-post-thumbnail","6":"product_cat-tizian-3-5-serie-tizian-cut-5-2-serie","7":"product_tag-350i","8":"product_tag-4-achs","9":"product_tag-5-achs","10":"product_tag-cad","11":"product_tag-cad-cam","12":"product_tag-cam","13":"product_tag-computer-aided-manufacturing","14":"product_tag-dentalfraese","15":"product_tag-dentalfraessystem","16":"product_tag-fraesgeraet","17":"product_tag-fraesmaschine","18":"product_tag-fraessysteme","19":"product_tag-fraeszentrum","20":"product_tag-icore","21":"product_tag-imes","22":"product_tag-tizian-cut-5-2","23":"product_tag-vhf","24":"product_tag-zirkonfraessystem","26":"first","27":"instock","28":"product-type-simple"},"acf":[],"_links":{"self":[{"href":"https:\/\/schuetz-dental.de\/en\/wp-json\/wp\/v2\/product\/164380","targetHints":{"allow":["GET"]}}],"collection":[{"href":"https:\/\/schuetz-dental.de\/en\/wp-json\/wp\/v2\/product"}],"about":[{"href":"https:\/\/schuetz-dental.de\/en\/wp-json\/wp\/v2\/types\/product"}],"wp:featuredmedia":[{"embeddable":true,"href":"https:\/\/schuetz-dental.de\/en\/wp-json\/wp\/v2\/media\/447102"}],"wp:attachment":[{"href":"https:\/\/schuetz-dental.de\/en\/wp-json\/wp\/v2\/media?parent=164380"}],"wp:term":[{"taxonomy":"product_brand","embeddable":true,"href":"https:\/\/schuetz-dental.de\/en\/wp-json\/wp\/v2\/product_brand?post=164380"},{"taxonomy":"product_cat","embeddable":true,"href":"https:\/\/schuetz-dental.de\/en\/wp-json\/wp\/v2\/product_cat?post=164380"},{"taxonomy":"product_tag","embeddable":true,"href":"https:\/\/schuetz-dental.de\/en\/wp-json\/wp\/v2\/product_tag?post=164380"}],"curies":[{"name":"wp","href":"https:\/\/api.w.org\/{rel}","templated":true}]}}