{"id":164384,"date":"2026-04-17T03:20:48","date_gmt":"2026-04-17T01:20:48","guid":{"rendered":"https:\/\/webshop.schuetz-dental.org\/product\/tizian-1-5-pro-fraesmaschine\/"},"modified":"2026-04-17T03:20:49","modified_gmt":"2026-04-17T01:20:49","slug":"coritec-150i-pro-tizian-1-5-pro-fraesmaschine","status":"publish","type":"product","link":"https:\/\/schuetz-dental.de\/en\/produkt\/coritec-150i-pro-tizian-1-5-pro-fraesmaschine\/","title":{"rendered":"CORiTEC 150i Pro (Tizian 1.5 Pro) Fr\u00e4smaschine"},"content":{"rendered":"<p>Das flexible Fr\u00e4ssystem auf engstem Raum! Durch den \u00e4u\u00dferst stabilen Aufbau des Mono-Block-Gussk\u00f6rpers wird eine pr\u00e4zise Bearbeitung in Ronden- und Blockform erm\u00f6glicht. Die geringen Abmessungen und die 5-Achs-Simultan-Technologie der Maschine bieten somit ein einmaliges Verh\u00e4ltnis von Maschinengr\u00f6\u00dfe und Funktionalit\u00e4t. \u00dcberzeugen Sie sich selbst von der Leistung der CORiTEC 150i Pro(Tizian 1.5 Pro) f\u00fcr Ihr Labor!<\/p>\n<p><strong>Mehr Leistung, Flexibilit\u00e4t und erweiterte Anwendungsm\u00f6glichkeiten bei geringem Platzbedarf<\/strong><\/p>\n<p>Ein au\u00dfergew\u00f6hnliches Verh\u00e4ltnis aus Leistung, Schnelligkeit und Pr\u00e4zision \u2013 das bietet die leistungsstarke Hochfrequenzspindel mit 750 Watt und 100.000 U\/min. Dank des Schnellspannsystems lassen sich die verschiedenen Haltersysteme kurzerhand wechseln \u2013 bei gleichbleibender Pr\u00e4zision. Aufwendige Kalibrierungen werden somit unn\u00f6tig.<\/p>\n<p><strong>Freiheit beim Fr\u00e4sen und Schleifen<\/strong><\/p>\n<p>Dank einem Bearbeitungswinkel von bis zu 360\u00b0\/130\u00b0 (A-Achse\/B-Achse) ist das System in der Lage, selbst anspruchsvolle Aufgaben m\u00fchelos zu meistern. Durch die 10 Werkzeugpl\u00e4tze steigt zus\u00e4tzlich die Flexiblit\u00e4t der neuen CORiTEC 150i Pro (Tizian 1.5 Pro).<\/p>\n<p><strong>Technische Highlights<\/strong>:<\/p>\n<ul>\n<li>Auto-Kalibrierung*<\/li>\n<li>Automatisierte Reinigungsfunktion*<\/li>\n<li>Metallbearbeitung**<\/li>\n<li>Dreh-Fr\u00e4s-Schleif-Bearbeitung m\u00f6glich<\/li>\n<li>Neuartiger, geschlossener Mono-Block-Gussk\u00f6rper f\u00fcr h\u00f6chste Stabilit\u00e4t und Pr\u00e4zision<\/li>\n<li>Kein externer PC erforderlich<\/li>\n<li>Halboffener Rohlinghalter C-Clamp (optional)<\/li>\n<li>Ionisator integriert<\/li>\n<li>Hohe Pr\u00e4zision durch integrierte Temperaturkompensation<\/li>\n<li>Nass- und Trockenbearbeitung m\u00f6glich<\/li>\n<li>Minimale externe Druckluft, nur 3 bar n\u00f6tig<\/li>\n<li>Kurze Amortisationszeit<\/li>\n<li>Minimale Stellfl\u00e4che<\/li>\n<\/ul>\n<p>\u00a0<\/p>\n<p>*In Vorbereitung | **Eingeschr\u00e4nkte Metallbearbeitung in Vorbereitung<\/p>\n","protected":false},"excerpt":{"rendered":"<p>Die Kompakte f\u00fcr fast alles!<\/p>\n","protected":false},"featured_media":411189,"template":"","meta":{"_acf_changed":false,"_price":"27450","_stock":"0.000000","_tribe_ticket_header":"","_tribe_default_ticket_provider":"","_tribe_ticket_capacity":"","_ticket_start_date":"","_ticket_end_date":"","_tribe_ticket_show_description":"","_tribe_ticket_show_not_going":false,"_tribe_ticket_use_global_stock":"","_tribe_ticket_global_stock_level":"","_global_stock_mode":"","_global_stock_cap":"","_tribe_rsvp_for_event":"","_tribe_ticket_going_count":"","_tribe_ticket_not_going_count":"","_tribe_tickets_list":"[]","_tribe_ticket_has_attendee_info_fields":false,"_tec_slr_enabled":"","_tec_slr_layout":""},"product_brand":[],"product_cat":[4723],"product_tag":[],"class_list":{"0":"post-164384","1":"product","2":"type-product","3":"status-publish","4":"has-post-thumbnail","6":"product_cat-tizian-1-5-pro","8":"first","9":"instock","10":"product-type-simple"},"acf":[],"_links":{"self":[{"href":"https:\/\/schuetz-dental.de\/en\/wp-json\/wp\/v2\/product\/164384","targetHints":{"allow":["GET"]}}],"collection":[{"href":"https:\/\/schuetz-dental.de\/en\/wp-json\/wp\/v2\/product"}],"about":[{"href":"https:\/\/schuetz-dental.de\/en\/wp-json\/wp\/v2\/types\/product"}],"wp:featuredmedia":[{"embeddable":true,"href":"https:\/\/schuetz-dental.de\/en\/wp-json\/wp\/v2\/media\/411189"}],"wp:attachment":[{"href":"https:\/\/schuetz-dental.de\/en\/wp-json\/wp\/v2\/media?parent=164384"}],"wp:term":[{"taxonomy":"product_brand","embeddable":true,"href":"https:\/\/schuetz-dental.de\/en\/wp-json\/wp\/v2\/product_brand?post=164384"},{"taxonomy":"product_cat","embeddable":true,"href":"https:\/\/schuetz-dental.de\/en\/wp-json\/wp\/v2\/product_cat?post=164384"},{"taxonomy":"product_tag","embeddable":true,"href":"https:\/\/schuetz-dental.de\/en\/wp-json\/wp\/v2\/product_tag?post=164384"}],"curies":[{"name":"wp","href":"https:\/\/api.w.org\/{rel}","templated":true}]}}