{"id":164400,"date":"2026-04-14T03:17:22","date_gmt":"2026-04-14T01:17:22","guid":{"rendered":"https:\/\/webshop.schuetz-dental.org\/product\/t105-15mm-flachfraesercocrtizirpmma-14-mm-fs\/"},"modified":"2026-04-14T03:17:23","modified_gmt":"2026-04-14T01:17:23","slug":"t105-15mm-flachfraesercocrtizirpmma-14-mm-fs","status":"publish","type":"product","link":"https:\/\/schuetz-dental.de\/en\/produkt\/t105-15mm-flachfraesercocrtizirpmma-14-mm-fs\/","title":{"rendered":"T105 1,5mm Flachfr\u00e4ser,CoCr,TI,Zir,PMMA 14 mm FS"},"content":{"rendered":"<p><strong>T105 &#8211; Flachfr\u00e4ser<\/strong><\/p>\n<ul>\n<li><strong>Durchmesser\u00a0<\/strong>\u00d8 1,5 mm<\/li>\n<li><strong>Schneiden<\/strong>\u00a0zweischneidig<\/li>\n<li><strong>Schaft<\/strong>\u00a0\u00d8 6 mm<\/li>\n<li><strong>Gesamtl\u00e4nge<\/strong>\u00a057 mm<\/li>\n<li><strong>Blank-Werkstoff<\/strong>\u00a0\u00a0CoCr, Titan, Zirkonoxid, PMMA<\/li>\n<li><strong>Beschichtungsart<\/strong>\u00a0beschichtet<\/li>\n<li><strong>F\u00fcr Fr\u00e4smaschinen<\/strong>\u00a0Tizian Cut 5.4<\/li>\n<\/ul>\n","protected":false},"excerpt":{"rendered":"<p>Radiusfr\u00e4ser f\u00fcr Ihr Tizian Fr\u00e4ssystem<\/p>\n","protected":false},"featured_media":402904,"template":"","meta":{"_acf_changed":false,"_price":"56.4","_stock":"0.000000","_tribe_ticket_header":"","_tribe_default_ticket_provider":"","_tribe_ticket_capacity":"","_ticket_start_date":"","_ticket_end_date":"","_tribe_ticket_show_description":"","_tribe_ticket_show_not_going":false,"_tribe_ticket_use_global_stock":"","_tribe_ticket_global_stock_level":"","_global_stock_mode":"","_global_stock_cap":"","_tribe_rsvp_for_event":"","_tribe_ticket_going_count":"","_tribe_ticket_not_going_count":"","_tribe_tickets_list":"[]","_tribe_ticket_has_attendee_info_fields":false,"_tec_slr_enabled":"","_tec_slr_layout":""},"product_brand":[],"product_cat":[4956],"product_tag":[2777,2219,2778,2776,2149,2775,2175,2179,2178],"class_list":{"0":"post-164400","1":"product","2":"type-product","3":"status-publish","4":"has-post-thumbnail","6":"product_cat-tizian-5-4","7":"product_tag-chrom","8":"product_tag-cocr","9":"product_tag-flachfraeser","10":"product_tag-kobalt","11":"product_tag-pmma","12":"product_tag-tizian-cut-5-4","13":"product_tag-zirkon","14":"product_tag-zirkondioxid","15":"product_tag-zirkonoxid","17":"first","18":"instock","19":"product-type-simple"},"acf":[],"_links":{"self":[{"href":"https:\/\/schuetz-dental.de\/en\/wp-json\/wp\/v2\/product\/164400","targetHints":{"allow":["GET"]}}],"collection":[{"href":"https:\/\/schuetz-dental.de\/en\/wp-json\/wp\/v2\/product"}],"about":[{"href":"https:\/\/schuetz-dental.de\/en\/wp-json\/wp\/v2\/types\/product"}],"wp:featuredmedia":[{"embeddable":true,"href":"https:\/\/schuetz-dental.de\/en\/wp-json\/wp\/v2\/media\/402904"}],"wp:attachment":[{"href":"https:\/\/schuetz-dental.de\/en\/wp-json\/wp\/v2\/media?parent=164400"}],"wp:term":[{"taxonomy":"product_brand","embeddable":true,"href":"https:\/\/schuetz-dental.de\/en\/wp-json\/wp\/v2\/product_brand?post=164400"},{"taxonomy":"product_cat","embeddable":true,"href":"https:\/\/schuetz-dental.de\/en\/wp-json\/wp\/v2\/product_cat?post=164400"},{"taxonomy":"product_tag","embeddable":true,"href":"https:\/\/schuetz-dental.de\/en\/wp-json\/wp\/v2\/product_tag?post=164400"}],"curies":[{"name":"wp","href":"https:\/\/api.w.org\/{rel}","templated":true}]}}