{"id":164408,"date":"2026-04-22T03:20:27","date_gmt":"2026-04-22T01:20:27","guid":{"rendered":"https:\/\/webshop.schuetz-dental.org\/product\/t121-20mm-radiusfraeser-pmma-einschn-fs20\/"},"modified":"2026-04-22T03:20:28","modified_gmt":"2026-04-22T01:20:28","slug":"t121-20mm-radiusfraeser-pmma-einschn-fs20","status":"publish","type":"product","link":"https:\/\/schuetz-dental.de\/en\/produkt\/t121-20mm-radiusfraeser-pmma-einschn-fs20\/","title":{"rendered":"T121 2,0mm Radiusfr\u00e4ser PMMA, einschn., FS20"},"content":{"rendered":"<p><strong>T121 &#8211; Radiusfr\u00e4ser<\/strong><\/p>\n<ul>\n<li><strong>Durchmesser\u00a0<\/strong>\u00d8 2,0 mm<\/li>\n<li><strong>Schneiden<\/strong>\u00a0einschneidig<\/li>\n<li><strong>Schaft<\/strong>\u00a0\u00d8 6 mm<\/li>\n<li><strong>Gesamtl\u00e4nge<\/strong>\u00a057 mm<\/li>\n<li><strong>Blank-Werkstoff<\/strong>\u00a0\u00a0PEEK, PMMA, Wachs<\/li>\n<li><strong>Beschichtungsart<\/strong>\u00a0beschichtet<\/li>\n<li><strong>F\u00fcr Fr\u00e4smaschinen<\/strong>\u00a0Tizian Cut 5.4<\/li>\n<\/ul>\n","protected":false},"excerpt":{"rendered":"<p>Radiusfr\u00e4ser f\u00fcr Ihr Tizian Fr\u00e4ssystem<\/p>\n","protected":false},"featured_media":416722,"template":"","meta":{"_acf_changed":false,"_price":"60.6","_stock":"0.000000","_tribe_ticket_header":"","_tribe_default_ticket_provider":"","_tribe_ticket_capacity":"","_ticket_start_date":"","_ticket_end_date":"","_tribe_ticket_show_description":"","_tribe_ticket_show_not_going":false,"_tribe_ticket_use_global_stock":"","_tribe_ticket_global_stock_level":"","_global_stock_mode":"","_global_stock_cap":"","_tribe_rsvp_for_event":"","_tribe_ticket_going_count":"","_tribe_ticket_not_going_count":"","_tribe_tickets_list":"[]","_tribe_ticket_has_attendee_info_fields":false,"_tec_slr_enabled":"","_tec_slr_layout":""},"product_brand":[],"product_cat":[4956],"product_tag":[2058],"class_list":{"0":"post-164408","1":"product","2":"type-product","3":"status-publish","4":"has-post-thumbnail","6":"product_cat-tizian-5-4","7":"product_tag-t121","9":"first","10":"instock","11":"product-type-simple"},"acf":[],"_links":{"self":[{"href":"https:\/\/schuetz-dental.de\/en\/wp-json\/wp\/v2\/product\/164408","targetHints":{"allow":["GET"]}}],"collection":[{"href":"https:\/\/schuetz-dental.de\/en\/wp-json\/wp\/v2\/product"}],"about":[{"href":"https:\/\/schuetz-dental.de\/en\/wp-json\/wp\/v2\/types\/product"}],"wp:featuredmedia":[{"embeddable":true,"href":"https:\/\/schuetz-dental.de\/en\/wp-json\/wp\/v2\/media\/416722"}],"wp:attachment":[{"href":"https:\/\/schuetz-dental.de\/en\/wp-json\/wp\/v2\/media?parent=164408"}],"wp:term":[{"taxonomy":"product_brand","embeddable":true,"href":"https:\/\/schuetz-dental.de\/en\/wp-json\/wp\/v2\/product_brand?post=164408"},{"taxonomy":"product_cat","embeddable":true,"href":"https:\/\/schuetz-dental.de\/en\/wp-json\/wp\/v2\/product_cat?post=164408"},{"taxonomy":"product_tag","embeddable":true,"href":"https:\/\/schuetz-dental.de\/en\/wp-json\/wp\/v2\/product_tag?post=164408"}],"curies":[{"name":"wp","href":"https:\/\/api.w.org\/{rel}","templated":true}]}}