{"id":164432,"date":"2026-05-13T03:21:08","date_gmt":"2026-05-13T01:21:08","guid":{"rendered":"https:\/\/webshop.schuetz-dental.org\/product\/t3-t8-radiusfraeser-15-mm-fuer-cocr-titan\/"},"modified":"2026-05-13T03:21:09","modified_gmt":"2026-05-13T01:21:09","slug":"t3-t8-radiusfraeser-15-mm-fuer-cocr-titan","status":"publish","type":"product","link":"https:\/\/schuetz-dental.de\/en\/produkt\/t3-t8-radiusfraeser-15-mm-fuer-cocr-titan\/","title":{"rendered":"T3\/T8 &#8211; Radiusfr\u00e4ser 1,5 mm f\u00fcr CoCr\/Titan"},"content":{"rendered":"<p>Kugelkopffr\u00e4ser, zweischneidig, Schneide\u00a0\u00d8 1,5 mm, Schaft \u00d8 3 mm, Gesamtl\u00e4nge 48 mm<\/p>\n<ul>\n<li><strong>Bearbeitungsstufe:<\/strong>\u00a0Bohrung Schraubenkanal<\/li>\n<li><strong>Blank-Werkstoff<\/strong>: \u00a0CoCr,\u00a0Titan<\/li>\n<li><strong>Beschichtungsart<\/strong>: beschichtet<\/li>\n<li><strong>F\u00fcr Fr\u00e4smaschinen<\/strong>: Tizian 1.5 Pro, Tizian 2.5 Loader Pro, Tizian Cut 5<\/li>\n<\/ul>\n","protected":false},"excerpt":{"rendered":"<p>Radiusfr\u00e4ser f\u00fcr Ihr Tizian Fr\u00e4ssystem.<\/p>\n","protected":false},"featured_media":449900,"template":"","meta":{"_acf_changed":false,"_price":"36.3","_stock":"0.000000","_tribe_ticket_header":"","_tribe_default_ticket_provider":"","_tribe_ticket_capacity":"","_ticket_start_date":"","_ticket_end_date":"","_tribe_ticket_show_description":"","_tribe_ticket_show_not_going":false,"_tribe_ticket_use_global_stock":"","_tribe_ticket_global_stock_level":"","_global_stock_mode":"","_global_stock_cap":"","_tribe_rsvp_for_event":"","_tribe_ticket_going_count":"","_tribe_ticket_not_going_count":"","_tribe_tickets_list":"[]","_tribe_ticket_has_attendee_info_fields":false,"_tec_slr_enabled":"","_tec_slr_layout":""},"product_brand":[],"product_cat":[4540,4547],"product_tag":[],"class_list":{"0":"post-164432","1":"product","2":"type-product","3":"status-publish","4":"has-post-thumbnail","6":"product_cat-3-mm-spannzange","7":"product_cat-tizian-1-5-tizian-2-5","9":"first","10":"instock","11":"product-type-simple"},"acf":[],"_links":{"self":[{"href":"https:\/\/schuetz-dental.de\/en\/wp-json\/wp\/v2\/product\/164432","targetHints":{"allow":["GET"]}}],"collection":[{"href":"https:\/\/schuetz-dental.de\/en\/wp-json\/wp\/v2\/product"}],"about":[{"href":"https:\/\/schuetz-dental.de\/en\/wp-json\/wp\/v2\/types\/product"}],"wp:featuredmedia":[{"embeddable":true,"href":"https:\/\/schuetz-dental.de\/en\/wp-json\/wp\/v2\/media\/449900"}],"wp:attachment":[{"href":"https:\/\/schuetz-dental.de\/en\/wp-json\/wp\/v2\/media?parent=164432"}],"wp:term":[{"taxonomy":"product_brand","embeddable":true,"href":"https:\/\/schuetz-dental.de\/en\/wp-json\/wp\/v2\/product_brand?post=164432"},{"taxonomy":"product_cat","embeddable":true,"href":"https:\/\/schuetz-dental.de\/en\/wp-json\/wp\/v2\/product_cat?post=164432"},{"taxonomy":"product_tag","embeddable":true,"href":"https:\/\/schuetz-dental.de\/en\/wp-json\/wp\/v2\/product_tag?post=164432"}],"curies":[{"name":"wp","href":"https:\/\/api.w.org\/{rel}","templated":true}]}}