{"id":164476,"date":"2026-04-08T03:16:43","date_gmt":"2026-04-08T01:16:43","guid":{"rendered":"https:\/\/webshop.schuetz-dental.org\/product\/t80-t81-speed-bullnose-fraeser-3-mm-fuer-cocr-titan-vierschneider-fuer-6-mm-spannzange\/"},"modified":"2026-04-08T03:16:44","modified_gmt":"2026-04-08T01:16:44","slug":"t80-t81-speed-bullnose-fraeser-3-mm-fuer-cocr-titan-vierschneider-fuer-6-mm-spannzange","status":"publish","type":"product","link":"https:\/\/schuetz-dental.de\/en\/produkt\/t80-t81-speed-bullnose-fraeser-3-mm-fuer-cocr-titan-vierschneider-fuer-6-mm-spannzange\/","title":{"rendered":"T80\/T81 &#8211; Speed Bullnose-Fr\u00e4ser 3 mm f\u00fcr CoCr\/Titan Vierschneider, f\u00fcr 6 mm Spannzange"},"content":{"rendered":"<p><strong>T80\/T81 &#8211;\u00a0Bullnose Fr\u00e4ser<\/strong><\/p>\n<p><strong>Durchmesser:<\/strong> \u00d8 3 mm<br \/><strong>Schneiden:<\/strong> vierschneidig<br \/><strong>Schaft:<\/strong> \u00d8 6 mm<br \/><strong>Gesamtl\u00e4nge:<\/strong> 45 mm<br \/><strong>Blank-Werkstoff:<\/strong> CoCr, Titan<br \/><strong>Beschichtungsart:<\/strong> beschichtet<br \/><strong>F\u00fcr Fr\u00e4smaschinen:<\/strong> Tizian 3.5 Serie, Tizian Cut 5.2 Pro, Tizian Cut 5.2 Pro Plus, Tizian Cut 5.2, Tizian Cut 5.2 plus, Tizian Cut 5, CORiTEC 550i, CORiTEC 650i<\/p>\n","protected":false},"excerpt":{"rendered":"<p>Bullnose Fr\u00e4ser f\u00fcr Ihr Tizian Fr\u00e4ssystem.<\/p>\n","protected":false},"featured_media":394741,"template":"","meta":{"_acf_changed":false,"_price":"106.9","_stock":"0.000000","_tribe_ticket_header":"","_tribe_default_ticket_provider":"","_tribe_ticket_capacity":"","_ticket_start_date":"","_ticket_end_date":"","_tribe_ticket_show_description":"","_tribe_ticket_show_not_going":false,"_tribe_ticket_use_global_stock":"","_tribe_ticket_global_stock_level":"","_global_stock_mode":"","_global_stock_cap":"","_tribe_rsvp_for_event":"","_tribe_ticket_going_count":"","_tribe_ticket_not_going_count":"","_tribe_tickets_list":"[]","_tribe_ticket_has_attendee_info_fields":false,"_tec_slr_enabled":"","_tec_slr_layout":""},"product_brand":[],"product_cat":[4541,4548,4542,4750,4751,4749],"product_tag":[2035],"class_list":{"0":"post-164476","1":"product","2":"type-product","3":"status-publish","4":"has-post-thumbnail","6":"product_cat-6-mm-spannzange","7":"product_cat-coritec-650i","8":"product_cat-tizian-3-5-tizian-cut-5-2","9":"product_cat-coritec-550i","10":"product_cat-coritec-750i","11":"product_cat-tizian-5-5","12":"product_tag-t81","14":"first","15":"instock","16":"product-type-simple"},"acf":[],"_links":{"self":[{"href":"https:\/\/schuetz-dental.de\/en\/wp-json\/wp\/v2\/product\/164476","targetHints":{"allow":["GET"]}}],"collection":[{"href":"https:\/\/schuetz-dental.de\/en\/wp-json\/wp\/v2\/product"}],"about":[{"href":"https:\/\/schuetz-dental.de\/en\/wp-json\/wp\/v2\/types\/product"}],"wp:featuredmedia":[{"embeddable":true,"href":"https:\/\/schuetz-dental.de\/en\/wp-json\/wp\/v2\/media\/394741"}],"wp:attachment":[{"href":"https:\/\/schuetz-dental.de\/en\/wp-json\/wp\/v2\/media?parent=164476"}],"wp:term":[{"taxonomy":"product_brand","embeddable":true,"href":"https:\/\/schuetz-dental.de\/en\/wp-json\/wp\/v2\/product_brand?post=164476"},{"taxonomy":"product_cat","embeddable":true,"href":"https:\/\/schuetz-dental.de\/en\/wp-json\/wp\/v2\/product_cat?post=164476"},{"taxonomy":"product_tag","embeddable":true,"href":"https:\/\/schuetz-dental.de\/en\/wp-json\/wp\/v2\/product_tag?post=164476"}],"curies":[{"name":"wp","href":"https:\/\/api.w.org\/{rel}","templated":true}]}}