{"id":164528,"date":"2026-04-03T03:15:16","date_gmt":"2026-04-03T01:15:16","guid":{"rendered":"https:\/\/webshop.schuetz-dental.org\/product\/t24-diamantschleifstift-15-mm-fuer-glaskeramik-2\/"},"modified":"2026-04-03T03:15:17","modified_gmt":"2026-04-03T01:15:17","slug":"t24-diamantschleifstift-15-mm-fuer-glaskeramik-2","status":"publish","type":"product","link":"https:\/\/schuetz-dental.de\/en\/produkt\/t24-diamantschleifstift-15-mm-fuer-glaskeramik-2\/","title":{"rendered":"T24 &#8211; Diamantschleifstift 1,5 mm f\u00fcr Glaskeramik"},"content":{"rendered":"<p>Stirnradius-Diamantschleifstift, Schneide\u00a0\u00d8 1,5 mm, Schaft \u00d8 6 mm, Gesamtl\u00e4nge 40 mm<\/p>\n<ul>\n<li><strong>Bearbeitungsstufe:<\/strong>\u00a0Feinschlichten<\/li>\n<li><strong>Blank-Werkstoff<\/strong>: \u00a0Glaskeramik, Lithium-Disilikat, Feldspatkeramik<a href=\"\"http:\/\/www.schuetz-dental.de\/de\/produkte\/zahntechnik\/cadcam\/blanks\/1983\/tizian-blank-titan-98-mm\"\"><br \/><\/a><\/li>\n<li><strong>Beschichtungsart:<\/strong> diamantiert<\/li>\n<li><strong>Ringfarbe:<\/strong> gold<\/li>\n<li><strong>F\u00fcr Fr\u00e4smaschinen<\/strong>: Tizian Cut 5.2, Tizian Cut 5.2 plus,\u00a0Tizian Cut 5 Metalloption (6 mm Schaft), CORiTEC 550i, CORiTEC 650i<\/li>\n<\/ul>\n","protected":false},"excerpt":{"rendered":"<p>Diamantschleifstift f\u00fcr ihr Tizian Fr\u00e4ssystem<\/p>\n","protected":false},"featured_media":389312,"template":"","meta":{"_acf_changed":false,"_price":"98.4","_stock":"0.000000","_tribe_ticket_header":"","_tribe_default_ticket_provider":"","_tribe_ticket_capacity":"","_ticket_start_date":"","_ticket_end_date":"","_tribe_ticket_show_description":"","_tribe_ticket_show_not_going":false,"_tribe_ticket_use_global_stock":"","_tribe_ticket_global_stock_level":"","_global_stock_mode":"","_global_stock_cap":"","_tribe_rsvp_for_event":"","_tribe_ticket_going_count":"","_tribe_ticket_not_going_count":"","_tribe_tickets_list":"[]","_tribe_ticket_has_attendee_info_fields":false,"_tec_slr_enabled":"","_tec_slr_layout":""},"product_brand":[],"product_cat":[4541,4548,4542,4750,4749],"product_tag":[],"class_list":{"0":"post-164528","1":"product","2":"type-product","3":"status-publish","4":"has-post-thumbnail","6":"product_cat-6-mm-spannzange","7":"product_cat-coritec-650i","8":"product_cat-tizian-3-5-tizian-cut-5-2","9":"product_cat-coritec-550i","10":"product_cat-tizian-5-5","12":"first","13":"instock","14":"product-type-simple"},"acf":[],"_links":{"self":[{"href":"https:\/\/schuetz-dental.de\/en\/wp-json\/wp\/v2\/product\/164528","targetHints":{"allow":["GET"]}}],"collection":[{"href":"https:\/\/schuetz-dental.de\/en\/wp-json\/wp\/v2\/product"}],"about":[{"href":"https:\/\/schuetz-dental.de\/en\/wp-json\/wp\/v2\/types\/product"}],"wp:featuredmedia":[{"embeddable":true,"href":"https:\/\/schuetz-dental.de\/en\/wp-json\/wp\/v2\/media\/389312"}],"wp:attachment":[{"href":"https:\/\/schuetz-dental.de\/en\/wp-json\/wp\/v2\/media?parent=164528"}],"wp:term":[{"taxonomy":"product_brand","embeddable":true,"href":"https:\/\/schuetz-dental.de\/en\/wp-json\/wp\/v2\/product_brand?post=164528"},{"taxonomy":"product_cat","embeddable":true,"href":"https:\/\/schuetz-dental.de\/en\/wp-json\/wp\/v2\/product_cat?post=164528"},{"taxonomy":"product_tag","embeddable":true,"href":"https:\/\/schuetz-dental.de\/en\/wp-json\/wp\/v2\/product_tag?post=164528"}],"curies":[{"name":"wp","href":"https:\/\/api.w.org\/{rel}","templated":true}]}}