{"id":164662,"date":"2026-04-03T03:15:34","date_gmt":"2026-04-03T01:15:34","guid":{"rendered":"https:\/\/webshop.schuetz-dental.org\/product\/t61-radiusfraeser-2-mm-fuer-zirkon-zweischneider\/"},"modified":"2026-04-03T03:15:35","modified_gmt":"2026-04-03T01:15:35","slug":"t61-radiusfraeser-2-mm-fuer-zirkon-zweischneider-tizian-6-0-serie","status":"publish","type":"product","link":"https:\/\/schuetz-dental.de\/en\/produkt\/t61-radiusfraeser-2-mm-fuer-zirkon-zweischneider-tizian-6-0-serie\/","title":{"rendered":"T61 &#8211; Radiusfr\u00e4ser 2 mm f\u00fcr Zirkon Zweischneider, Tizian 6.0 Serie"},"content":{"rendered":"<p><strong>T61<\/strong> &#8211; Radiusfr\u00e4ser<\/p>\n<p><strong>Durchmesser:<\/strong> &Oslash; 2 mm<br \/>\n<br \/><strong>FS:<\/strong> 20<br \/>\n<br \/><strong>Schneiden:<\/strong> zweischneidig<br \/><strong>Schaft:<\/strong> &Oslash; 6 mm<br \/><strong>Gesamtl\u00e4nge:<\/strong> 50 mm<br \/><strong>Blank-Werkstoff:<\/strong> Zirkon<br \/><strong>max. Blankh\u00f6he:<\/strong> 16 mm<br \/><strong>Beschichtungsart:<\/strong> diamantiert<br \/><strong>F\u00fcr Fr\u00e4smaschinen:<\/strong> Tizian 6.0 <\/p>\n","protected":false},"excerpt":{"rendered":"<p>Radiusfr\u00e4ser f\u00fcr Ihr Tizian Fr\u00e4ssystem<\/p>\n","protected":false},"featured_media":389441,"template":"","meta":{"_acf_changed":false,"_price":"108.1","_stock":"0.000000","_tribe_ticket_header":"","_tribe_default_ticket_provider":"","_tribe_ticket_capacity":"","_ticket_start_date":"","_ticket_end_date":"","_tribe_ticket_show_description":"","_tribe_ticket_show_not_going":false,"_tribe_ticket_use_global_stock":"","_tribe_ticket_global_stock_level":"","_global_stock_mode":"","_global_stock_cap":"","_tribe_rsvp_for_event":"","_tribe_ticket_going_count":"","_tribe_ticket_not_going_count":"","_tribe_tickets_list":"[]","_tribe_ticket_has_attendee_info_fields":false,"_tec_slr_enabled":"","_tec_slr_layout":""},"product_brand":[],"product_cat":[5085],"product_tag":[],"class_list":{"0":"post-164662","1":"product","2":"type-product","3":"status-publish","4":"has-post-thumbnail","6":"product_cat-tizian-6-0-6-5-6-6","8":"first","9":"instock","10":"product-type-simple"},"acf":[],"_links":{"self":[{"href":"https:\/\/schuetz-dental.de\/en\/wp-json\/wp\/v2\/product\/164662","targetHints":{"allow":["GET"]}}],"collection":[{"href":"https:\/\/schuetz-dental.de\/en\/wp-json\/wp\/v2\/product"}],"about":[{"href":"https:\/\/schuetz-dental.de\/en\/wp-json\/wp\/v2\/types\/product"}],"wp:featuredmedia":[{"embeddable":true,"href":"https:\/\/schuetz-dental.de\/en\/wp-json\/wp\/v2\/media\/389441"}],"wp:attachment":[{"href":"https:\/\/schuetz-dental.de\/en\/wp-json\/wp\/v2\/media?parent=164662"}],"wp:term":[{"taxonomy":"product_brand","embeddable":true,"href":"https:\/\/schuetz-dental.de\/en\/wp-json\/wp\/v2\/product_brand?post=164662"},{"taxonomy":"product_cat","embeddable":true,"href":"https:\/\/schuetz-dental.de\/en\/wp-json\/wp\/v2\/product_cat?post=164662"},{"taxonomy":"product_tag","embeddable":true,"href":"https:\/\/schuetz-dental.de\/en\/wp-json\/wp\/v2\/product_tag?post=164662"}],"curies":[{"name":"wp","href":"https:\/\/api.w.org\/{rel}","templated":true}]}}