{"id":164710,"date":"2026-05-01T03:17:33","date_gmt":"2026-05-01T01:17:33","guid":{"rendered":"https:\/\/webshop.schuetz-dental.org\/product\/micronium-exclusiv-1-kg\/"},"modified":"2026-05-01T03:17:34","modified_gmt":"2026-05-01T01:17:34","slug":"micronium-exclusiv-1-kg","status":"publish","type":"product","link":"https:\/\/schuetz-dental.de\/en\/produkt\/micronium-exclusiv-1-kg\/","title":{"rendered":"Micronium Exclusiv, 1 kg"},"content":{"rendered":"<p>Die Legierung f\u00fcr Ihre<strong>\u00a0<\/strong>Geschiebe-Modellg\u00fcsse, Implantat-\u00dcberkonstruktionen und filigranen Modellg\u00fcsse.\u00a0<\/p>\n<p>\u00a0<\/p>\n<p><strong>Ihre Vorteile:<\/strong><\/p>\n<ul>\n<li>Extrem <strong>hart<\/strong><\/li>\n<li>Hohe <strong>Bruchdehnung<\/strong><\/li>\n<li><strong>Leicht<\/strong> zu entfernendes Oxid<\/li>\n<li><strong>Hervorragend<\/strong> zu polieren<\/li>\n<li><strong>Au\u00dfergew\u00f6hnlich<\/strong> brillianter <strong>Glanz<\/strong> nach Politur<\/li>\n<li>F\u00fcr <strong>grazilen<\/strong> Modellguss<\/li>\n<li>Geeignet f\u00fcr <strong>gro\u00dfe<\/strong> und <strong>grazile<\/strong> <strong>Konstruktionen<\/strong><\/li>\n<\/ul>\n<p>\u00a0<\/p>\n<p><strong>Die physikalischen Werte<\/strong><\/p>\n<ul>\n<li>H\u00e4rte:\u00a0HV 398<\/li>\n<li>Bruchdehnung:\u00a06 %<\/li>\n<li>Zugfestigkeit:\u00a0980 \u00b5Pa<\/li>\n<li>Dichte:\u00a08,3 g\/cm<strong><sup>2<\/sup><\/strong><\/li>\n<li>Schmelzintervall:\u00a01368-1385 \u00b0C<\/li>\n<\/ul>\n<p>\u00a0<\/p>\n<p>Beide Legierungen enthalten &#038;lt, 0,5 % Kohlenstoff. Sie sind lasergeeignet und werden nicht spr\u00f6de (Hitzerisse). Beide Legierungen sind seit \u00fcber 25 Jahre bew\u00e4hrt. Sie sind biologisch unbedenklich und k\u00f6rpervertr\u00e4glich. Nat\u00fcrlich enthalten beide Legierungen weder Nickel noch Beryllium oder sonstige umstrittene Inhaltsstoffe.<\/p>\n<p>\u00a0<\/p>\n<p><strong>\u00a0<\/strong><\/p>\n","protected":false},"excerpt":{"rendered":"<p>Eine Modellgusslegierung auf CoCrMo Basis, die durch ihre hohe H\u00e4rte ideal f\u00fcr Suprakonstruktionen geeignet ist.<\/p>\n","protected":false},"featured_media":433609,"template":"","meta":{"_acf_changed":false,"_price":"371.7","_stock":"0.000000","_tribe_ticket_header":"","_tribe_default_ticket_provider":"","_tribe_ticket_capacity":"","_ticket_start_date":"","_ticket_end_date":"","_tribe_ticket_show_description":"","_tribe_ticket_show_not_going":false,"_tribe_ticket_use_global_stock":"","_tribe_ticket_global_stock_level":"","_global_stock_mode":"","_global_stock_cap":"","_tribe_rsvp_for_event":"","_tribe_ticket_going_count":"","_tribe_ticket_not_going_count":"","_tribe_tickets_list":"[]","_tribe_ticket_has_attendee_info_fields":false,"_tec_slr_enabled":"","_tec_slr_layout":""},"product_brand":[],"product_cat":[4550],"product_tag":[],"class_list":{"0":"post-164710","1":"product","2":"type-product","3":"status-publish","4":"has-post-thumbnail","6":"product_cat-cocr-und-nickel-legierungen","8":"first","9":"instock","10":"product-type-simple"},"acf":[],"_links":{"self":[{"href":"https:\/\/schuetz-dental.de\/en\/wp-json\/wp\/v2\/product\/164710","targetHints":{"allow":["GET"]}}],"collection":[{"href":"https:\/\/schuetz-dental.de\/en\/wp-json\/wp\/v2\/product"}],"about":[{"href":"https:\/\/schuetz-dental.de\/en\/wp-json\/wp\/v2\/types\/product"}],"wp:featuredmedia":[{"embeddable":true,"href":"https:\/\/schuetz-dental.de\/en\/wp-json\/wp\/v2\/media\/433609"}],"wp:attachment":[{"href":"https:\/\/schuetz-dental.de\/en\/wp-json\/wp\/v2\/media?parent=164710"}],"wp:term":[{"taxonomy":"product_brand","embeddable":true,"href":"https:\/\/schuetz-dental.de\/en\/wp-json\/wp\/v2\/product_brand?post=164710"},{"taxonomy":"product_cat","embeddable":true,"href":"https:\/\/schuetz-dental.de\/en\/wp-json\/wp\/v2\/product_cat?post=164710"},{"taxonomy":"product_tag","embeddable":true,"href":"https:\/\/schuetz-dental.de\/en\/wp-json\/wp\/v2\/product_tag?post=164710"}],"curies":[{"name":"wp","href":"https:\/\/api.w.org\/{rel}","templated":true}]}}