{"id":164724,"date":"2026-04-22T03:22:27","date_gmt":"2026-04-22T01:22:27","guid":{"rendered":"https:\/\/webshop.schuetz-dental.org\/product\/alphaform-2-kg\/"},"modified":"2026-04-22T03:23:01","modified_gmt":"2026-04-22T01:23:01","slug":"alphaform-2-kg","status":"publish","type":"product","link":"https:\/\/schuetz-dental.de\/en\/produkt\/alphaform-2-kg\/","title":{"rendered":"AlphaForm 2 kg"},"content":{"rendered":"<p>Additionsvernetztes Polysiloxan (Silikon) zur passgenauen\u00a0<strong>Doublierung<\/strong>. Sichere \u00dcbertragung durch hohe\u00a0<strong>Dimensionsstabilit\u00e4t<\/strong>\u00a0(Kontraktion nur 0,06 %). Steigerung der\u00a0<strong>Oberfl\u00e4chendichte<\/strong>\u00a0von Einbettmassenmodellen durch\u00a0<strong>Silikondoublierung<\/strong>.<\/p>\n<p>\u00a0<\/p>\n<p><strong>Set beinhaltet:<\/strong><\/p>\n<ul>\n<li>Basismaterial (B)<\/li>\n<li>H\u00e4rter (H)<\/li>\n<li>Anr\u00fchrbecher<\/li>\n<\/ul>\n","protected":false},"excerpt":{"rendered":"<p>Flie\u00dff\u00e4higes Doubliersilikon, mit dem Sie neben Modellgussarbeiten Ihre in Wachs modellierten Totalprothesen f\u00fcr die Fertigstellung in der Flie\u00dftechnik doublieren.<\/p>\n","protected":false},"featured_media":417019,"template":"","meta":{"_acf_changed":false,"_price":"142.4","_stock":"","_tribe_ticket_header":"","_tribe_default_ticket_provider":"","_tribe_ticket_capacity":"","_ticket_start_date":"","_ticket_end_date":"","_tribe_ticket_show_description":"","_tribe_ticket_show_not_going":false,"_tribe_ticket_use_global_stock":"","_tribe_ticket_global_stock_level":"","_global_stock_mode":"","_global_stock_cap":"","_tribe_rsvp_for_event":"","_tribe_ticket_going_count":"","_tribe_ticket_not_going_count":"","_tribe_tickets_list":"[]","_tribe_ticket_has_attendee_info_fields":false,"_tec_slr_enabled":"","_tec_slr_layout":""},"product_brand":[],"product_cat":[4551],"product_tag":[],"class_list":{"0":"post-164724","1":"product","2":"type-product","3":"status-publish","4":"has-post-thumbnail","6":"product_cat-gusstechnik-zubehoer","8":"first","9":"instock","10":"product-type-variable"},"acf":[],"_links":{"self":[{"href":"https:\/\/schuetz-dental.de\/en\/wp-json\/wp\/v2\/product\/164724","targetHints":{"allow":["GET"]}}],"collection":[{"href":"https:\/\/schuetz-dental.de\/en\/wp-json\/wp\/v2\/product"}],"about":[{"href":"https:\/\/schuetz-dental.de\/en\/wp-json\/wp\/v2\/types\/product"}],"wp:featuredmedia":[{"embeddable":true,"href":"https:\/\/schuetz-dental.de\/en\/wp-json\/wp\/v2\/media\/417019"}],"wp:attachment":[{"href":"https:\/\/schuetz-dental.de\/en\/wp-json\/wp\/v2\/media?parent=164724"}],"wp:term":[{"taxonomy":"product_brand","embeddable":true,"href":"https:\/\/schuetz-dental.de\/en\/wp-json\/wp\/v2\/product_brand?post=164724"},{"taxonomy":"product_cat","embeddable":true,"href":"https:\/\/schuetz-dental.de\/en\/wp-json\/wp\/v2\/product_cat?post=164724"},{"taxonomy":"product_tag","embeddable":true,"href":"https:\/\/schuetz-dental.de\/en\/wp-json\/wp\/v2\/product_tag?post=164724"}],"curies":[{"name":"wp","href":"https:\/\/api.w.org\/{rel}","templated":true}]}}