{"id":164729,"date":"2026-04-22T03:22:28","date_gmt":"2026-04-22T01:22:28","guid":{"rendered":"https:\/\/webshop.schuetz-dental.org\/product\/md-kuevette\/"},"modified":"2026-04-22T03:22:29","modified_gmt":"2026-04-22T01:22:29","slug":"md-kuevette","status":"publish","type":"product","link":"https:\/\/schuetz-dental.de\/en\/produkt\/md-kuevette\/","title":{"rendered":"MD-K\u00fcvette"},"content":{"rendered":"<p>Muffelformer und Doublierk\u00fcvette in einem. Zeit- und materialsparendes Doublier- und Einbettsystem. Beeinhaltet: K\u00fcvettenmantel, K\u00fcvettenboden, Doubliereinsatz, Doublierschwamm.<\/p>\n","protected":false},"excerpt":{"rendered":"<p>Mit diesem Doublier- und Einbettsystem arbeiten Sie schnell und sicher.<\/p>\n","protected":false},"featured_media":417022,"template":"","meta":{"_acf_changed":false,"_price":"67.1","_stock":"0.000000","_tribe_ticket_header":"","_tribe_default_ticket_provider":"","_tribe_ticket_capacity":"","_ticket_start_date":"","_ticket_end_date":"","_tribe_ticket_show_description":"","_tribe_ticket_show_not_going":false,"_tribe_ticket_use_global_stock":"","_tribe_ticket_global_stock_level":"","_global_stock_mode":"","_global_stock_cap":"","_tribe_rsvp_for_event":"","_tribe_ticket_going_count":"","_tribe_ticket_not_going_count":"","_tribe_tickets_list":"[]","_tribe_ticket_has_attendee_info_fields":false,"_tec_slr_enabled":"","_tec_slr_layout":""},"product_brand":[],"product_cat":[4551],"product_tag":[],"class_list":{"0":"post-164729","1":"product","2":"type-product","3":"status-publish","4":"has-post-thumbnail","6":"product_cat-gusstechnik-zubehoer","8":"first","9":"instock","10":"product-type-simple"},"acf":[],"_links":{"self":[{"href":"https:\/\/schuetz-dental.de\/en\/wp-json\/wp\/v2\/product\/164729","targetHints":{"allow":["GET"]}}],"collection":[{"href":"https:\/\/schuetz-dental.de\/en\/wp-json\/wp\/v2\/product"}],"about":[{"href":"https:\/\/schuetz-dental.de\/en\/wp-json\/wp\/v2\/types\/product"}],"wp:featuredmedia":[{"embeddable":true,"href":"https:\/\/schuetz-dental.de\/en\/wp-json\/wp\/v2\/media\/417022"}],"wp:attachment":[{"href":"https:\/\/schuetz-dental.de\/en\/wp-json\/wp\/v2\/media?parent=164729"}],"wp:term":[{"taxonomy":"product_brand","embeddable":true,"href":"https:\/\/schuetz-dental.de\/en\/wp-json\/wp\/v2\/product_brand?post=164729"},{"taxonomy":"product_cat","embeddable":true,"href":"https:\/\/schuetz-dental.de\/en\/wp-json\/wp\/v2\/product_cat?post=164729"},{"taxonomy":"product_tag","embeddable":true,"href":"https:\/\/schuetz-dental.de\/en\/wp-json\/wp\/v2\/product_tag?post=164729"}],"curies":[{"name":"wp","href":"https:\/\/api.w.org\/{rel}","templated":true}]}}