{"id":164755,"date":"2026-05-14T03:22:23","date_gmt":"2026-05-14T01:22:23","guid":{"rendered":"https:\/\/webshop.schuetz-dental.org\/product\/alpha-basic-giesskuevette\/"},"modified":"2026-05-14T03:22:24","modified_gmt":"2026-05-14T01:22:24","slug":"alpha-basic-giesskuevette","status":"publish","type":"product","link":"https:\/\/schuetz-dental.de\/en\/produkt\/alpha-basic-giesskuevette\/","title":{"rendered":"Alpha Basic Gie\u00dfk\u00fcvette"},"content":{"rendered":"<p>Die <strong>K\u00fcvette<\/strong> setzen Sie zur Fertigstellung Ihrer Partial- und <strong>Totalprothesen<\/strong> in der Flie\u00dftechnik f\u00fcr <strong>Kaltpolymerisate<\/strong> ein.<\/p>\n<p>\u00a0<\/p>\n","protected":false},"excerpt":{"rendered":"<p>Die K\u00fcvette setzen Sie zur Fertigstellung Ihrer Partial- und Totalprothesen in der Flie\u00dftechnik ein.<\/p>\n","protected":false},"featured_media":452965,"template":"","meta":{"_acf_changed":false,"_price":"169.4","_stock":"0.000000","_tribe_ticket_header":"","_tribe_default_ticket_provider":"","_tribe_ticket_capacity":"","_ticket_start_date":"","_ticket_end_date":"","_tribe_ticket_show_description":"","_tribe_ticket_show_not_going":false,"_tribe_ticket_use_global_stock":"","_tribe_ticket_global_stock_level":"","_global_stock_mode":"","_global_stock_cap":"","_tribe_rsvp_for_event":"","_tribe_ticket_going_count":"","_tribe_ticket_not_going_count":"","_tribe_tickets_list":"[]","_tribe_ticket_has_attendee_info_fields":false,"_tec_slr_enabled":"","_tec_slr_layout":""},"product_brand":[],"product_cat":[4552],"product_tag":[],"class_list":{"0":"post-164755","1":"product","2":"type-product","3":"status-publish","4":"has-post-thumbnail","6":"product_cat-kunststoff-zubehoer","8":"first","9":"instock","10":"product-type-simple"},"acf":[],"_links":{"self":[{"href":"https:\/\/schuetz-dental.de\/en\/wp-json\/wp\/v2\/product\/164755","targetHints":{"allow":["GET"]}}],"collection":[{"href":"https:\/\/schuetz-dental.de\/en\/wp-json\/wp\/v2\/product"}],"about":[{"href":"https:\/\/schuetz-dental.de\/en\/wp-json\/wp\/v2\/types\/product"}],"wp:featuredmedia":[{"embeddable":true,"href":"https:\/\/schuetz-dental.de\/en\/wp-json\/wp\/v2\/media\/452965"}],"wp:attachment":[{"href":"https:\/\/schuetz-dental.de\/en\/wp-json\/wp\/v2\/media?parent=164755"}],"wp:term":[{"taxonomy":"product_brand","embeddable":true,"href":"https:\/\/schuetz-dental.de\/en\/wp-json\/wp\/v2\/product_brand?post=164755"},{"taxonomy":"product_cat","embeddable":true,"href":"https:\/\/schuetz-dental.de\/en\/wp-json\/wp\/v2\/product_cat?post=164755"},{"taxonomy":"product_tag","embeddable":true,"href":"https:\/\/schuetz-dental.de\/en\/wp-json\/wp\/v2\/product_tag?post=164755"}],"curies":[{"name":"wp","href":"https:\/\/api.w.org\/{rel}","templated":true}]}}