{"id":164809,"date":"2026-05-14T03:22:31","date_gmt":"2026-05-14T01:22:31","guid":{"rendered":"https:\/\/webshop.schuetz-dental.org\/product\/alphadie-mf-elfenbein\/"},"modified":"2026-05-14T03:22:34","modified_gmt":"2026-05-14T01:22:34","slug":"alphadie-mf-elfenbein","status":"publish","type":"product","link":"https:\/\/schuetz-dental.de\/en\/produkt\/alphadie-mf-elfenbein\/","title":{"rendered":"AlphaDie MF, elfenbein"},"content":{"rendered":"<p>Mit diesem Pr\u00e4zisions-<strong>Modellstumpf<\/strong>-Material auf Polyurethan-Basis stellen Sie pr\u00e4zise Zahnkr\u00e4nze f\u00fcr Ihre S\u00e4geschnittmodelle her.<\/p>\n<p><strong>Ihre Vorteile:<\/strong><\/p>\n<ul>\n<li>scharf zeichnend<\/li>\n<li><strong>kantenfest<\/strong><\/li>\n<li>extreme H\u00e4rte<\/li>\n<li>hohe Bruch- und <strong>Dehnungsstabilit\u00e4t.<\/strong><\/li>\n<li>in 2 Farben erh\u00e4ltlich: elfenbein und\u00a0apricot<\/li>\n<\/ul>\n<p><strong><br \/>Set beinhaltet:<\/strong><\/p>\n<ul>\n<li>2 x 100 ml Basismaterial<\/li>\n<li>1 x 100 ml H\u00e4rter und 400 g F\u00fcllstoff<\/li>\n<li>Holzspatel<\/li>\n<li>3 Messbecher<\/li>\n<\/ul>\n","protected":false},"excerpt":{"rendered":"<p>Modellstumpfmaterial auf Polyurethanbasis, mit dem Sie pr\u00e4zise Zahnkr\u00e4nze f\u00fcr Ihre S\u00e4geschnittmodelle herstellen.<\/p>\n","protected":false},"featured_media":452995,"template":"","meta":{"_acf_changed":false,"_price":"108.9","_stock":"0.000000","_tribe_ticket_header":"","_tribe_default_ticket_provider":"","_tribe_ticket_capacity":"","_ticket_start_date":"","_ticket_end_date":"","_tribe_ticket_show_description":"","_tribe_ticket_show_not_going":false,"_tribe_ticket_use_global_stock":"","_tribe_ticket_global_stock_level":"","_global_stock_mode":"","_global_stock_cap":"","_tribe_rsvp_for_event":"","_tribe_ticket_going_count":"","_tribe_ticket_not_going_count":"","_tribe_tickets_list":"[]","_tribe_ticket_has_attendee_info_fields":false,"_tec_slr_enabled":"","_tec_slr_layout":""},"product_brand":[],"product_cat":[4552],"product_tag":[],"class_list":{"0":"post-164809","1":"product","2":"type-product","3":"status-publish","4":"has-post-thumbnail","6":"product_cat-kunststoff-zubehoer","8":"first","9":"instock","10":"product-type-simple"},"acf":[],"_links":{"self":[{"href":"https:\/\/schuetz-dental.de\/en\/wp-json\/wp\/v2\/product\/164809","targetHints":{"allow":["GET"]}}],"collection":[{"href":"https:\/\/schuetz-dental.de\/en\/wp-json\/wp\/v2\/product"}],"about":[{"href":"https:\/\/schuetz-dental.de\/en\/wp-json\/wp\/v2\/types\/product"}],"wp:featuredmedia":[{"embeddable":true,"href":"https:\/\/schuetz-dental.de\/en\/wp-json\/wp\/v2\/media\/452995"}],"wp:attachment":[{"href":"https:\/\/schuetz-dental.de\/en\/wp-json\/wp\/v2\/media?parent=164809"}],"wp:term":[{"taxonomy":"product_brand","embeddable":true,"href":"https:\/\/schuetz-dental.de\/en\/wp-json\/wp\/v2\/product_brand?post=164809"},{"taxonomy":"product_cat","embeddable":true,"href":"https:\/\/schuetz-dental.de\/en\/wp-json\/wp\/v2\/product_cat?post=164809"},{"taxonomy":"product_tag","embeddable":true,"href":"https:\/\/schuetz-dental.de\/en\/wp-json\/wp\/v2\/product_tag?post=164809"}],"curies":[{"name":"wp","href":"https:\/\/api.w.org\/{rel}","templated":true}]}}