{"id":164822,"date":"2026-05-14T03:22:35","date_gmt":"2026-05-14T01:22:35","guid":{"rendered":"https:\/\/webshop.schuetz-dental.org\/product\/alphadie-mf-haerter-100-ml\/"},"modified":"2026-05-14T03:22:36","modified_gmt":"2026-05-14T01:22:36","slug":"alphadie-mf-haerter-100-ml","status":"publish","type":"product","link":"https:\/\/schuetz-dental.de\/en\/produkt\/alphadie-mf-haerter-100-ml\/","title":{"rendered":"AlphaDie MF H\u00e4rter, 100 ml"},"content":{"rendered":"<p>Nachf\u00fcllpackung <strong>H\u00e4rter<\/strong> f\u00fcr Ihr AlphaDie Set<\/p>\n<p><strong>Modellstumpfmaterial<\/strong> auf Polyurethanbasis mit F\u00fcllstoff.<\/p>\n<p>Scharf zeichnend, <strong>kantenfest<\/strong>, extreme H\u00e4rte bei hoher Bruch- und <strong>Dehnungsstabilit\u00e4t<\/strong>.<\/p>\n<p><strong>Inhalt:<\/strong><\/p>\n<ul>\n<li>100 ml H\u00e4rter<\/li>\n<\/ul>\n","protected":false},"excerpt":{"rendered":"<p>Nachf\u00fcllpackung f\u00fcr Ihr AlphaDie Set. Modellstumpfmaterial auf Polyurethanbasis, mit dem Sie pr\u00e4zise Zahnkr\u00e4nze f\u00fcr Ihre S\u00e4geschnittmodelle herstellen.<\/p>\n","protected":false},"featured_media":0,"template":"","meta":{"_acf_changed":false,"_price":"44.9","_stock":"0.000000","_tribe_ticket_header":"","_tribe_default_ticket_provider":"","_tribe_ticket_capacity":"","_ticket_start_date":"","_ticket_end_date":"","_tribe_ticket_show_description":"","_tribe_ticket_show_not_going":false,"_tribe_ticket_use_global_stock":"","_tribe_ticket_global_stock_level":"","_global_stock_mode":"","_global_stock_cap":"","_tribe_rsvp_for_event":"","_tribe_ticket_going_count":"","_tribe_ticket_not_going_count":"","_tribe_tickets_list":"[]","_tribe_ticket_has_attendee_info_fields":false,"_tec_slr_enabled":"","_tec_slr_layout":""},"product_brand":[],"product_cat":[4552],"product_tag":[],"class_list":{"0":"post-164822","1":"product","2":"type-product","3":"status-publish","5":"product_cat-kunststoff-zubehoer","7":"first","8":"instock","9":"product-type-simple"},"acf":[],"_links":{"self":[{"href":"https:\/\/schuetz-dental.de\/en\/wp-json\/wp\/v2\/product\/164822","targetHints":{"allow":["GET"]}}],"collection":[{"href":"https:\/\/schuetz-dental.de\/en\/wp-json\/wp\/v2\/product"}],"about":[{"href":"https:\/\/schuetz-dental.de\/en\/wp-json\/wp\/v2\/types\/product"}],"wp:attachment":[{"href":"https:\/\/schuetz-dental.de\/en\/wp-json\/wp\/v2\/media?parent=164822"}],"wp:term":[{"taxonomy":"product_brand","embeddable":true,"href":"https:\/\/schuetz-dental.de\/en\/wp-json\/wp\/v2\/product_brand?post=164822"},{"taxonomy":"product_cat","embeddable":true,"href":"https:\/\/schuetz-dental.de\/en\/wp-json\/wp\/v2\/product_cat?post=164822"},{"taxonomy":"product_tag","embeddable":true,"href":"https:\/\/schuetz-dental.de\/en\/wp-json\/wp\/v2\/product_tag?post=164822"}],"curies":[{"name":"wp","href":"https:\/\/api.w.org\/{rel}","templated":true}]}}