{"id":164835,"date":"2026-05-12T03:21:34","date_gmt":"2026-05-12T01:21:34","guid":{"rendered":"https:\/\/webshop.schuetz-dental.org\/product\/alphador-pt\/"},"modified":"2026-05-12T03:21:34","modified_gmt":"2026-05-12T01:21:34","slug":"alphador-pt","status":"publish","type":"product","link":"https:\/\/schuetz-dental.de\/en\/produkt\/alphador-pt\/","title":{"rendered":"Alphador Pt"},"content":{"rendered":"<p>Alphador Pt ist eine hochgoldhaltige Biolegierung f\u00fcr h\u00f6chste\u00a0Anspr\u00fcche.\u00a0Bei dieser Aufbrennlegierung vereinen sich biologische\u00a0Vertr\u00e4glichkeit, Langlebigkeit sowie \u00c4sthetik.<\/p>\n<p><strong>Eigenschaften:<\/strong><\/p>\n<ul>\n<li>Sattgelb<\/li>\n<li><strong><strong>WAK 14,4\u00a0<\/strong>x 10<sup>-6<\/sup>K<sup>-1<\/sup><\/strong><\/li>\n<li>Extrem hohe <strong>Brennstabilit\u00e4t<\/strong>, Soliduspunkt von 1105 \u00b0C<\/li>\n<li>Breiter <strong>Indikationsbereich<\/strong><\/li>\n<li>Palladium-, silber- und kupferfrei<\/li>\n<li>Verblendbar mit <strong>hochschmelzenden Keramiken<\/strong>, z. B. Nuance 850<\/li>\n<li>Edelmetallanteil \u00fcber <strong>97,4 %<\/strong><\/li>\n<\/ul>\n","protected":false},"excerpt":{"rendered":"<p>Hochgoldhaltige Biolegierung f\u00fcr h\u00f6chste Anspr\u00fcche. Bei dieser Aufbrennlegierung vereinen sich biologische Vertr\u00e4glichkeit, Langlebigkeit sowie \u00c4sthetik.<\/p>\n","protected":false},"featured_media":0,"template":"","meta":{"_acf_changed":false,"_price":"0","_stock":"0.000000","_tribe_ticket_header":"","_tribe_default_ticket_provider":"","_tribe_ticket_capacity":"","_ticket_start_date":"","_ticket_end_date":"","_tribe_ticket_show_description":"","_tribe_ticket_show_not_going":false,"_tribe_ticket_use_global_stock":"","_tribe_ticket_global_stock_level":"","_global_stock_mode":"","_global_stock_cap":"","_tribe_rsvp_for_event":"","_tribe_ticket_going_count":"","_tribe_ticket_not_going_count":"","_tribe_tickets_list":"[]","_tribe_ticket_has_attendee_info_fields":false,"_tec_slr_enabled":"","_tec_slr_layout":""},"product_brand":[],"product_cat":[4726],"product_tag":[4952,4950,4949,4953,2160,4951],"class_list":{"0":"post-164835","1":"product","2":"type-product","3":"status-publish","5":"product_cat-edelmetall-legierungen","6":"product_tag-aufbrenn-legierung","7":"product_tag-edelmetall","8":"product_tag-gold","9":"product_tag-guss-legierung","10":"product_tag-inlay","11":"product_tag-legierung","13":"first","14":"instock","15":"product-type-simple"},"acf":[],"_links":{"self":[{"href":"https:\/\/schuetz-dental.de\/en\/wp-json\/wp\/v2\/product\/164835","targetHints":{"allow":["GET"]}}],"collection":[{"href":"https:\/\/schuetz-dental.de\/en\/wp-json\/wp\/v2\/product"}],"about":[{"href":"https:\/\/schuetz-dental.de\/en\/wp-json\/wp\/v2\/types\/product"}],"wp:attachment":[{"href":"https:\/\/schuetz-dental.de\/en\/wp-json\/wp\/v2\/media?parent=164835"}],"wp:term":[{"taxonomy":"product_brand","embeddable":true,"href":"https:\/\/schuetz-dental.de\/en\/wp-json\/wp\/v2\/product_brand?post=164835"},{"taxonomy":"product_cat","embeddable":true,"href":"https:\/\/schuetz-dental.de\/en\/wp-json\/wp\/v2\/product_cat?post=164835"},{"taxonomy":"product_tag","embeddable":true,"href":"https:\/\/schuetz-dental.de\/en\/wp-json\/wp\/v2\/product_tag?post=164835"}],"curies":[{"name":"wp","href":"https:\/\/api.w.org\/{rel}","templated":true}]}}