{"id":164841,"date":"2026-05-12T03:21:35","date_gmt":"2026-05-12T01:21:35","guid":{"rendered":"https:\/\/webshop.schuetz-dental.org\/product\/alphador-pdf-me-schweissdraht-03mm\/"},"modified":"2026-05-12T03:21:36","modified_gmt":"2026-05-12T01:21:36","slug":"alphador-pdf-me-schweissdraht-03mm","status":"publish","type":"product","link":"https:\/\/schuetz-dental.de\/en\/produkt\/alphador-pdf-me-schweissdraht-03mm\/","title":{"rendered":"Alphador Pdf me Schwei\u00dfdraht 0,3mm"},"content":{"rendered":"<p>Zum sicheren Verschwei\u00dfen Ihrer zahntechnischen Arbeiten aus Alphador Pdf me mit der Laser- und Plasmaschwei\u00df-Technik.\u00a0<\/p>\n","protected":false},"excerpt":{"rendered":"<p>Zum sicheren Verschwei\u00dfen Ihrer zahntechnischen Arbeiten aus Alphador Pdf me mit der Laser- und Plasmaschwei\u00df-Technik.<\/p>\n","protected":false},"featured_media":0,"template":"","meta":{"_acf_changed":false,"_price":"0","_stock":"0.000000","_tribe_ticket_header":"","_tribe_default_ticket_provider":"","_tribe_ticket_capacity":"","_ticket_start_date":"","_ticket_end_date":"","_tribe_ticket_show_description":"","_tribe_ticket_show_not_going":false,"_tribe_ticket_use_global_stock":"","_tribe_ticket_global_stock_level":"","_global_stock_mode":"","_global_stock_cap":"","_tribe_rsvp_for_event":"","_tribe_ticket_going_count":"","_tribe_ticket_not_going_count":"","_tribe_tickets_list":"[]","_tribe_ticket_has_attendee_info_fields":false,"_tec_slr_enabled":"","_tec_slr_layout":""},"product_brand":[],"product_cat":[4726],"product_tag":[],"class_list":{"0":"post-164841","1":"product","2":"type-product","3":"status-publish","5":"product_cat-edelmetall-legierungen","7":"first","8":"instock","9":"product-type-simple"},"acf":[],"_links":{"self":[{"href":"https:\/\/schuetz-dental.de\/en\/wp-json\/wp\/v2\/product\/164841","targetHints":{"allow":["GET"]}}],"collection":[{"href":"https:\/\/schuetz-dental.de\/en\/wp-json\/wp\/v2\/product"}],"about":[{"href":"https:\/\/schuetz-dental.de\/en\/wp-json\/wp\/v2\/types\/product"}],"wp:attachment":[{"href":"https:\/\/schuetz-dental.de\/en\/wp-json\/wp\/v2\/media?parent=164841"}],"wp:term":[{"taxonomy":"product_brand","embeddable":true,"href":"https:\/\/schuetz-dental.de\/en\/wp-json\/wp\/v2\/product_brand?post=164841"},{"taxonomy":"product_cat","embeddable":true,"href":"https:\/\/schuetz-dental.de\/en\/wp-json\/wp\/v2\/product_cat?post=164841"},{"taxonomy":"product_tag","embeddable":true,"href":"https:\/\/schuetz-dental.de\/en\/wp-json\/wp\/v2\/product_tag?post=164841"}],"curies":[{"name":"wp","href":"https:\/\/api.w.org\/{rel}","templated":true}]}}