{"id":164847,"date":"2026-05-12T03:21:37","date_gmt":"2026-05-12T01:21:37","guid":{"rendered":"https:\/\/webshop.schuetz-dental.org\/product\/alphador-dent-h\/"},"modified":"2026-05-12T03:21:38","modified_gmt":"2026-05-12T01:21:38","slug":"alphador-dent-h","status":"publish","type":"product","link":"https:\/\/schuetz-dental.de\/en\/produkt\/alphador-dent-h\/","title":{"rendered":"Alphador dent H"},"content":{"rendered":"<p>Alphador Dent H ist eine hochgoldhaltige Aufbrennlegierung.<strong>\u00a0<\/strong>Alphador-Legierungen werden von Spezialisten f\u00fcr Biowerkstoffe\u00a0entwickelt. Um ein H\u00f6chstma\u00df an Sicherheit und Zuverl\u00e4ssigkeit zu erreichen, waren dar\u00fcber hinaus auch Zahn\u00e4rzte\u00a0und Zahntechniker ma\u00dfgeblich an der Entwicklung beteiligt.<\/p>\n<p>\u00a0<\/p>\n<p><strong>Eigenschaften:<\/strong><\/p>\n<ul>\n<li>Helle Oxidbildung<\/li>\n<li>Breiter Indikationsbereich f\u00fcr alle hochschmelzenden Keramiken<\/li>\n<li>Hoher Edelmetallgehalt<\/li>\n<li>Langj\u00e4hrige Erfahrung<\/li>\n<li>Feinste Korngr\u00f6\u00dfe<\/li>\n<\/ul>\n","protected":false},"excerpt":{"rendered":"<p>Alphador Dent H ist eine hochgoldhaltige Aufbrennlegierung.<\/p>\n","protected":false},"featured_media":0,"template":"","meta":{"_acf_changed":false,"_price":"0","_stock":"0.000000","_tribe_ticket_header":"","_tribe_default_ticket_provider":"","_tribe_ticket_capacity":"","_ticket_start_date":"","_ticket_end_date":"","_tribe_ticket_show_description":"","_tribe_ticket_show_not_going":false,"_tribe_ticket_use_global_stock":"","_tribe_ticket_global_stock_level":"","_global_stock_mode":"","_global_stock_cap":"","_tribe_rsvp_for_event":"","_tribe_ticket_going_count":"","_tribe_ticket_not_going_count":"","_tribe_tickets_list":"[]","_tribe_ticket_has_attendee_info_fields":false,"_tec_slr_enabled":"","_tec_slr_layout":""},"product_brand":[],"product_cat":[4726],"product_tag":[4952,4950,4949,4953,2160,4951],"class_list":{"0":"post-164847","1":"product","2":"type-product","3":"status-publish","5":"product_cat-edelmetall-legierungen","6":"product_tag-aufbrenn-legierung","7":"product_tag-edelmetall","8":"product_tag-gold","9":"product_tag-guss-legierung","10":"product_tag-inlay","11":"product_tag-legierung","13":"first","14":"instock","15":"product-type-simple"},"acf":[],"_links":{"self":[{"href":"https:\/\/schuetz-dental.de\/en\/wp-json\/wp\/v2\/product\/164847","targetHints":{"allow":["GET"]}}],"collection":[{"href":"https:\/\/schuetz-dental.de\/en\/wp-json\/wp\/v2\/product"}],"about":[{"href":"https:\/\/schuetz-dental.de\/en\/wp-json\/wp\/v2\/types\/product"}],"wp:attachment":[{"href":"https:\/\/schuetz-dental.de\/en\/wp-json\/wp\/v2\/media?parent=164847"}],"wp:term":[{"taxonomy":"product_brand","embeddable":true,"href":"https:\/\/schuetz-dental.de\/en\/wp-json\/wp\/v2\/product_brand?post=164847"},{"taxonomy":"product_cat","embeddable":true,"href":"https:\/\/schuetz-dental.de\/en\/wp-json\/wp\/v2\/product_cat?post=164847"},{"taxonomy":"product_tag","embeddable":true,"href":"https:\/\/schuetz-dental.de\/en\/wp-json\/wp\/v2\/product_tag?post=164847"}],"curies":[{"name":"wp","href":"https:\/\/api.w.org\/{rel}","templated":true}]}}