{"id":164849,"date":"2026-05-12T03:21:37","date_gmt":"2026-05-12T01:21:37","guid":{"rendered":"https:\/\/webshop.schuetz-dental.org\/product\/alphador-dent-u\/"},"modified":"2026-05-12T03:21:38","modified_gmt":"2026-05-12T01:21:38","slug":"alphador-dent-u","status":"publish","type":"product","link":"https:\/\/schuetz-dental.de\/en\/produkt\/alphador-dent-u\/","title":{"rendered":"Alphador dent U"},"content":{"rendered":"<p>F\u00fcr funktionelle L\u00f6sungen, speziell f\u00fcr gro\u00dfe Spannweiten.\u00a0Die Legierung wird ohne Kompromisse f\u00fcr Arbeiten h\u00f6chster\u00a0mechanischer Festigkeit eingesetzt.<\/p>\n<p>\u00a0<\/p>\n<p><strong>Eigenschaften<\/strong>:<\/p>\n<ul>\n<li>Breiter <strong>Indikationsbereich<\/strong><\/li>\n<li><strong><strong>WAK 13,9<\/strong>x10<sup>-6<\/sup>K<sup>-1<\/sup><\/strong><\/li>\n<li><strong>Hoher<\/strong> Edelmetallgehalt<\/li>\n<li><strong>Hohe<\/strong> mechanische Werte<\/li>\n<li><strong>Langj\u00e4hrige<\/strong> Erfahrung<\/li>\n<li><strong>Helle<\/strong> Oxidbildung<\/li>\n<li>Feinste <strong>Korngr\u00f6\u00dfe<\/strong><\/li>\n<\/ul>\n","protected":false},"excerpt":{"rendered":"<p>F\u00fcr funktionelle L\u00f6sungen, speziell f\u00fcr gro\u00dfe Spannweiten. Die Legierung wird ohne Kompromisse f\u00fcr Arbeiten h\u00f6chster mechanischer Festigkeit eingesetzt.<\/p>\n","protected":false},"featured_media":0,"template":"","meta":{"_acf_changed":false,"_price":"0","_stock":"0.000000","_tribe_ticket_header":"","_tribe_default_ticket_provider":"","_tribe_ticket_capacity":"","_ticket_start_date":"","_ticket_end_date":"","_tribe_ticket_show_description":"","_tribe_ticket_show_not_going":false,"_tribe_ticket_use_global_stock":"","_tribe_ticket_global_stock_level":"","_global_stock_mode":"","_global_stock_cap":"","_tribe_rsvp_for_event":"","_tribe_ticket_going_count":"","_tribe_ticket_not_going_count":"","_tribe_tickets_list":"[]","_tribe_ticket_has_attendee_info_fields":false,"_tec_slr_enabled":"","_tec_slr_layout":""},"product_brand":[],"product_cat":[4726],"product_tag":[4952,4950,4949,4953,2160,4951],"class_list":{"0":"post-164849","1":"product","2":"type-product","3":"status-publish","5":"product_cat-edelmetall-legierungen","6":"product_tag-aufbrenn-legierung","7":"product_tag-edelmetall","8":"product_tag-gold","9":"product_tag-guss-legierung","10":"product_tag-inlay","11":"product_tag-legierung","13":"first","14":"instock","15":"product-type-simple"},"acf":[],"_links":{"self":[{"href":"https:\/\/schuetz-dental.de\/en\/wp-json\/wp\/v2\/product\/164849","targetHints":{"allow":["GET"]}}],"collection":[{"href":"https:\/\/schuetz-dental.de\/en\/wp-json\/wp\/v2\/product"}],"about":[{"href":"https:\/\/schuetz-dental.de\/en\/wp-json\/wp\/v2\/types\/product"}],"wp:attachment":[{"href":"https:\/\/schuetz-dental.de\/en\/wp-json\/wp\/v2\/media?parent=164849"}],"wp:term":[{"taxonomy":"product_brand","embeddable":true,"href":"https:\/\/schuetz-dental.de\/en\/wp-json\/wp\/v2\/product_brand?post=164849"},{"taxonomy":"product_cat","embeddable":true,"href":"https:\/\/schuetz-dental.de\/en\/wp-json\/wp\/v2\/product_cat?post=164849"},{"taxonomy":"product_tag","embeddable":true,"href":"https:\/\/schuetz-dental.de\/en\/wp-json\/wp\/v2\/product_tag?post=164849"}],"curies":[{"name":"wp","href":"https:\/\/api.w.org\/{rel}","templated":true}]}}