{"id":164855,"date":"2026-05-12T03:21:39","date_gmt":"2026-05-12T01:21:39","guid":{"rendered":"https:\/\/webshop.schuetz-dental.org\/product\/alphador-soleil\/"},"modified":"2026-05-12T03:21:40","modified_gmt":"2026-05-12T01:21:40","slug":"alphador-soleil","status":"publish","type":"product","link":"https:\/\/schuetz-dental.de\/en\/produkt\/alphador-soleil\/","title":{"rendered":"Alphador Soleil"},"content":{"rendered":"<p>Alphador\u00a0Soleil ist eine hochgoldhaltige Gusslegierung der Spitzenklasse. H\u00f6chst komfortabel in der Verarbeitung, besticht diese Legierung im t\u00e4glichen Einsatz f\u00fcr alle Indikationen gleicherma\u00dfen. Sie vereint technische Werte das Resultat der speziellen Zusammensetzung mit einem hohen Ma\u00df an Sicherheit.<\/p>\n<p>Alphador\u00a0Soleil ist <strong>goldfarben<\/strong> und frei von Palladium. Die <strong>Legierung<\/strong> Alphador\u00a0Soleil ist f\u00fcr die <strong>Herstellung<\/strong> von Inlays, Vollgusskronen, Br\u00fccken kleiner und gro\u00dfer Spannweiten, f\u00fcr die Fr\u00e4stechnik und f\u00fcr den Modellguss geeignet.<\/p>\n<p><strong>Eigenschaften:<\/strong><\/p>\n<ul>\n<li>Satt <strong>goldfarben<\/strong><\/li>\n<li><strong>Hohe H\u00e4rte<\/strong> f\u00fcr grazilste Konstruktionen.<\/li>\n<li>Ideal f\u00fcr <strong>Teleskoparbeiten<\/strong><\/li>\n<li>H\u00f6chst <strong>k\u00f6rpervertr\u00e4glich<\/strong><\/li>\n<li>Hohe <strong>Edelmetallanteile<\/strong><\/li>\n<li><strong>Hohe<\/strong> mechanische Werte<\/li>\n<li><strong>Herausragende<\/strong> Fr\u00e4seigenschaften<\/li>\n<\/ul>\n","protected":false},"excerpt":{"rendered":"<p>Die Wahl f\u00fcr kunststoffverblendete Arbeiten, Supra- und Modellgusskonstruktionen. Hohe H\u00e4rte f\u00fcr grazilste Konstruktionen.<\/p>\n","protected":false},"featured_media":0,"template":"","meta":{"_acf_changed":false,"_price":"0","_stock":"0.000000","_tribe_ticket_header":"","_tribe_default_ticket_provider":"","_tribe_ticket_capacity":"","_ticket_start_date":"","_ticket_end_date":"","_tribe_ticket_show_description":"","_tribe_ticket_show_not_going":false,"_tribe_ticket_use_global_stock":"","_tribe_ticket_global_stock_level":"","_global_stock_mode":"","_global_stock_cap":"","_tribe_rsvp_for_event":"","_tribe_ticket_going_count":"","_tribe_ticket_not_going_count":"","_tribe_tickets_list":"[]","_tribe_ticket_has_attendee_info_fields":false,"_tec_slr_enabled":"","_tec_slr_layout":""},"product_brand":[],"product_cat":[4726],"product_tag":[4952,4950,4949,4953,2160,4951],"class_list":{"0":"post-164855","1":"product","2":"type-product","3":"status-publish","5":"product_cat-edelmetall-legierungen","6":"product_tag-aufbrenn-legierung","7":"product_tag-edelmetall","8":"product_tag-gold","9":"product_tag-guss-legierung","10":"product_tag-inlay","11":"product_tag-legierung","13":"first","14":"instock","15":"product-type-simple"},"acf":[],"_links":{"self":[{"href":"https:\/\/schuetz-dental.de\/en\/wp-json\/wp\/v2\/product\/164855","targetHints":{"allow":["GET"]}}],"collection":[{"href":"https:\/\/schuetz-dental.de\/en\/wp-json\/wp\/v2\/product"}],"about":[{"href":"https:\/\/schuetz-dental.de\/en\/wp-json\/wp\/v2\/types\/product"}],"wp:attachment":[{"href":"https:\/\/schuetz-dental.de\/en\/wp-json\/wp\/v2\/media?parent=164855"}],"wp:term":[{"taxonomy":"product_brand","embeddable":true,"href":"https:\/\/schuetz-dental.de\/en\/wp-json\/wp\/v2\/product_brand?post=164855"},{"taxonomy":"product_cat","embeddable":true,"href":"https:\/\/schuetz-dental.de\/en\/wp-json\/wp\/v2\/product_cat?post=164855"},{"taxonomy":"product_tag","embeddable":true,"href":"https:\/\/schuetz-dental.de\/en\/wp-json\/wp\/v2\/product_tag?post=164855"}],"curies":[{"name":"wp","href":"https:\/\/api.w.org\/{rel}","templated":true}]}}