{"id":164859,"date":"2026-05-12T03:21:40","date_gmt":"2026-05-12T01:21:40","guid":{"rendered":"https:\/\/webshop.schuetz-dental.org\/product\/alphador-eco\/"},"modified":"2026-05-12T03:21:41","modified_gmt":"2026-05-12T01:21:41","slug":"alphador-eco","status":"publish","type":"product","link":"https:\/\/schuetz-dental.de\/en\/produkt\/alphador-eco\/","title":{"rendered":"Alphador Eco"},"content":{"rendered":"<p>Die Dentallegierung Alphador Eco ist f\u00fcr alle Indikationen einsetzbar (Inlays, Onlays, Kronen, Br\u00fccken\u00a0jeder Spannweite, Fr\u00e4s-, Konus- und Geschiebetechnik, Modellguss).<\/p>\n<p>\u00a0<\/p>\n<p><strong>Eigenschaften:<\/strong><\/p>\n<ul>\n<li>Hohe <strong>Biokompatibilit\u00e4t<\/strong>\u00a0<\/li>\n<li><strong><strong>WAK 16,9<\/strong>x10<sup>-6<\/sup>K<sup>-1<\/sup><\/strong><\/li>\n<li><strong>Leicht<\/strong> fr\u00e4sbar<\/li>\n<li>Edelmetallgehalt <strong>91 %<\/strong>\u00a0<\/li>\n<li><strong>Kupferfrei<\/strong>\u00a0<\/li>\n<li>Niedrige Dichte<\/li>\n<li><strong>Ausgezeichnete<\/strong> Flie\u00df- und Polierf\u00e4higkeit\u00a0<\/li>\n<li><strong>Verblendbar<\/strong> mit niederschmelzenden hochexpandierenden <strong>Keramiken<\/strong> z. B. Nuance 750<\/li>\n<\/ul>\n<p>Verkauf nur in Deutschland<\/p>\n","protected":false},"excerpt":{"rendered":"<p>F\u00fcr alle Indikationen einsetzbar (Inlays, Onlays, Kronen, Br\u00fccken jeder Spannweite, Fr\u00e4s-, Konus- und Geschiebetechnik, Modellguss).<\/p>\n","protected":false},"featured_media":447504,"template":"","meta":{"_acf_changed":false,"_price":"0","_stock":"0.000000","_tribe_ticket_header":"","_tribe_default_ticket_provider":"","_tribe_ticket_capacity":"","_ticket_start_date":"","_ticket_end_date":"","_tribe_ticket_show_description":"","_tribe_ticket_show_not_going":false,"_tribe_ticket_use_global_stock":"","_tribe_ticket_global_stock_level":"","_global_stock_mode":"","_global_stock_cap":"","_tribe_rsvp_for_event":"","_tribe_ticket_going_count":"","_tribe_ticket_not_going_count":"","_tribe_tickets_list":"[]","_tribe_ticket_has_attendee_info_fields":false,"_tec_slr_enabled":"","_tec_slr_layout":""},"product_brand":[],"product_cat":[4726],"product_tag":[4952,4950,4949,4953,2160,4951],"class_list":{"0":"post-164859","1":"product","2":"type-product","3":"status-publish","4":"has-post-thumbnail","6":"product_cat-edelmetall-legierungen","7":"product_tag-aufbrenn-legierung","8":"product_tag-edelmetall","9":"product_tag-gold","10":"product_tag-guss-legierung","11":"product_tag-inlay","12":"product_tag-legierung","14":"first","15":"instock","16":"product-type-simple"},"acf":[],"_links":{"self":[{"href":"https:\/\/schuetz-dental.de\/en\/wp-json\/wp\/v2\/product\/164859","targetHints":{"allow":["GET"]}}],"collection":[{"href":"https:\/\/schuetz-dental.de\/en\/wp-json\/wp\/v2\/product"}],"about":[{"href":"https:\/\/schuetz-dental.de\/en\/wp-json\/wp\/v2\/types\/product"}],"wp:featuredmedia":[{"embeddable":true,"href":"https:\/\/schuetz-dental.de\/en\/wp-json\/wp\/v2\/media\/447504"}],"wp:attachment":[{"href":"https:\/\/schuetz-dental.de\/en\/wp-json\/wp\/v2\/media?parent=164859"}],"wp:term":[{"taxonomy":"product_brand","embeddable":true,"href":"https:\/\/schuetz-dental.de\/en\/wp-json\/wp\/v2\/product_brand?post=164859"},{"taxonomy":"product_cat","embeddable":true,"href":"https:\/\/schuetz-dental.de\/en\/wp-json\/wp\/v2\/product_cat?post=164859"},{"taxonomy":"product_tag","embeddable":true,"href":"https:\/\/schuetz-dental.de\/en\/wp-json\/wp\/v2\/product_tag?post=164859"}],"curies":[{"name":"wp","href":"https:\/\/api.w.org\/{rel}","templated":true}]}}